{"id":2011,"date":"2025-04-14T17:30:57","date_gmt":"2025-04-14T17:30:57","guid":{"rendered":"https:\/\/baruluxury.com\/?post_type=product&#038;p=2011"},"modified":"2025-05-22T21:30:20","modified_gmt":"2025-05-22T21:30:20","slug":"singlar-30","status":"publish","type":"product","link":"https:\/\/baruluxury.com\/en\/product\/singlar-30\/","title":{"rendered":"Singlar 30&#8242;"},"content":{"rendered":"","protected":false},"excerpt":{"rendered":"<p><span data-sheets-root=\"1\"><strong>Live a Unique Experience in the Rosario Islands<\/strong><\/span><\/p>\n<p>Immerse yourself in the beauty of the Colombian Caribbean aboard the 29-foot Singlar, a boat designed to offer comfort, privacy, and adventure. Discover the wonders of the Rosario Islands, explore the mangroves and beaches of Bar\u00fa, and create unforgettable memories with friends and family in a true tropical paradise.<\/p>\n<p><strong>Exclusive features for your maximum comfort:<\/strong><\/p>\n<ul>\n<li><span data-sheets-root=\"1\">Bow sunbed, ideal for soaking up the Caribbean sun<\/span><\/li>\n<li><span data-sheets-root=\"1\">Seating areas at the bow and stern with built-in table, perfect for sharing and relaxing<\/span><\/li>\n<li><span data-sheets-root=\"1\">Private bathroom with toilet inside the console, ensuring comfort at all times<\/span><\/li>\n<li><span data-sheets-root=\"1\">Freshwater shower to rinse off after a swim in the sea<\/span><\/li>\n<li><span data-sheets-root=\"1\"><span data-sheets-root=\"1\">JL Audio sound system with Bluetooth, to enhance your trip with your favorite music<\/span><\/span><\/li>\n<\/ul>\n<p>&nbsp;<\/p>\n<p><strong>A Journey to Remember<\/strong><\/p>\n<p>From swimming in crystal-clear waters to watching a magical sunset in Cartagena Bay, the Singlar 29\u2019 is the ideal choice for celebrations, romantic getaways, or simply a relaxing day at sea.<\/p>\n<p>&nbsp;<\/p>","protected":false},"featured_media":2014,"comment_status":"open","ping_status":"closed","template":"","meta":{"_acf_changed":false,"_joinchat":[]},"product_brand":[],"product_cat":[62],"product_tag":[],"class_list":{"0":"post-2011","1":"product","2":"type-product","3":"status-publish","4":"has-post-thumbnail","6":"product_cat-botes","8":"first","9":"instock","10":"shipping-taxable","11":"purchasable","12":"product-type-simple"},"acf":[],"yoast_head":"<!-- This site is optimized with the Yoast SEO plugin v25.1 - https:\/\/yoast.com\/wordpress\/plugins\/seo\/ -->\n<title>Singlar 30&#039; - Baru Luxury Travel Plans<\/title>\n<meta name=\"robots\" content=\"index, follow, max-snippet:-1, max-image-preview:large, max-video-preview:-1\" \/>\n<link rel=\"canonical\" href=\"https:\/\/baruluxury.com\/en\/product\/singlar-30\/\" \/>\n<meta property=\"og:locale\" content=\"en_US\" \/>\n<meta property=\"og:type\" content=\"article\" \/>\n<meta property=\"og:title\" content=\"Singlar 30&#039; - Baru Luxury Travel Plans\" \/>\n<meta property=\"og:description\" content=\"Vive una experiencia \u00fanica en las Islas del Rosario  Sum\u00e9rgete en la belleza del Caribe colombiano a bordo del Singlar 29 pies, un bote dise\u00f1ado para brindarte confort, privacidad y aventura. Descubre las maravillosas Islas del Rosario, explora los manglares y playas de Bar\u00fa, y crea recuerdos inolvidables con amigos y familiares en un entorno paradis\u00edaco.  Caracter\u00edsticas exclusivas para tu m\u00e1xima comodidad:   Asoleadora en proa, ideal para disfrutar del sol caribe\u00f1o.  Asientos en proa y popa con mesa incluida, perfectos para compartir y relajarte.  Ba\u00f1o privado con sanitario en la consola, garantizando comodidad en todo momento.  Ducha de agua dulce, para refrescarte despu\u00e9s de un chapuz\u00f3n en el mar.  Sistema de sonido JL Audio con Bluetooth, para acompa\u00f1ar tu viaje con la mejor m\u00fasica.  &nbsp;  Una traves\u00eda para recordar  Desde nadar en aguas cristalinas hasta contemplar un atardecer m\u00e1gico en la Bah\u00eda de Cartagena, el Singlar 29\u2019 es la opci\u00f3n ideal para celebraciones, escapadas rom\u00e1nticas o simplemente un d\u00eda de relajaci\u00f3n en alta mar.  &nbsp;\" \/>\n<meta property=\"og:url\" content=\"https:\/\/baruluxury.com\/en\/product\/singlar-30\/\" \/>\n<meta property=\"og:site_name\" content=\"Baru Luxury Travel Plans\" \/>\n<meta property=\"article:modified_time\" content=\"2025-05-22T21:30:20+00:00\" \/>\n<meta property=\"og:image\" content=\"https:\/\/baruluxury.com\/wp-content\/uploads\/2025\/04\/Singlar-2_Mesa-de-trabajo-1.jpg\" \/>\n\t<meta property=\"og:image:width\" content=\"2133\" \/>\n\t<meta property=\"og:image:height\" content=\"2133\" \/>\n\t<meta property=\"og:image:type\" content=\"image\/jpeg\" \/>\n<meta name=\"twitter:card\" content=\"summary_large_image\" \/>\n<meta name=\"twitter:label1\" content=\"Est. reading time\" \/>\n\t<meta name=\"twitter:data1\" content=\"1 minute\" \/>\n<script type=\"application\/ld+json\" class=\"yoast-schema-graph\">{\"@context\":\"https:\/\/schema.org\",\"@graph\":[{\"@type\":\"WebPage\",\"@id\":\"https:\/\/baruluxury.com\/producto\/singlar-30\/\",\"url\":\"https:\/\/baruluxury.com\/producto\/singlar-30\/\",\"name\":\"Singlar 30' - Baru Luxury Travel Plans\",\"isPartOf\":{\"@id\":\"https:\/\/baruluxury.com\/#website\"},\"primaryImageOfPage\":{\"@id\":\"https:\/\/baruluxury.com\/producto\/singlar-30\/#primaryimage\"},\"image\":{\"@id\":\"https:\/\/baruluxury.com\/producto\/singlar-30\/#primaryimage\"},\"thumbnailUrl\":\"https:\/\/baruluxury.com\/wp-content\/uploads\/2025\/04\/Singlar-2_Mesa-de-trabajo-1.jpg\",\"datePublished\":\"2025-04-14T17:30:57+00:00\",\"dateModified\":\"2025-05-22T21:30:20+00:00\",\"breadcrumb\":{\"@id\":\"https:\/\/baruluxury.com\/producto\/singlar-30\/#breadcrumb\"},\"inLanguage\":\"en-US\",\"potentialAction\":[{\"@type\":\"ReadAction\",\"target\":[\"https:\/\/baruluxury.com\/producto\/singlar-30\/\"]}]},{\"@type\":\"ImageObject\",\"inLanguage\":\"en-US\",\"@id\":\"https:\/\/baruluxury.com\/producto\/singlar-30\/#primaryimage\",\"url\":\"https:\/\/baruluxury.com\/wp-content\/uploads\/2025\/04\/Singlar-2_Mesa-de-trabajo-1.jpg\",\"contentUrl\":\"https:\/\/baruluxury.com\/wp-content\/uploads\/2025\/04\/Singlar-2_Mesa-de-trabajo-1.jpg\",\"width\":2133,\"height\":2133},{\"@type\":\"BreadcrumbList\",\"@id\":\"https:\/\/baruluxury.com\/producto\/singlar-30\/#breadcrumb\",\"itemListElement\":[{\"@type\":\"ListItem\",\"position\":1,\"name\":\"Portada\",\"item\":\"https:\/\/baruluxury.com\/\"},{\"@type\":\"ListItem\",\"position\":2,\"name\":\"Productos\",\"item\":\"https:\/\/baruluxury.com\/tienda\/\"},{\"@type\":\"ListItem\",\"position\":3,\"name\":\"Singlar 30&#8242;\"}]},{\"@type\":\"WebSite\",\"@id\":\"https:\/\/baruluxury.com\/#website\",\"url\":\"https:\/\/baruluxury.com\/\",\"name\":\"Baru Luxury Travel Plans\",\"description\":\"Atr&eacute;vete a Vivir su Magia\",\"potentialAction\":[{\"@type\":\"SearchAction\",\"target\":{\"@type\":\"EntryPoint\",\"urlTemplate\":\"https:\/\/baruluxury.com\/?s={search_term_string}\"},\"query-input\":{\"@type\":\"PropertyValueSpecification\",\"valueRequired\":true,\"valueName\":\"search_term_string\"}}],\"inLanguage\":\"en-US\"}]}<\/script>\n<!-- \/ Yoast SEO plugin. -->","yoast_head_json":{"title":"Singlar 30' - Baru Luxury Travel Plans","robots":{"index":"index","follow":"follow","max-snippet":"max-snippet:-1","max-image-preview":"max-image-preview:large","max-video-preview":"max-video-preview:-1"},"canonical":"https:\/\/baruluxury.com\/en\/product\/singlar-30\/","og_locale":"en_US","og_type":"article","og_title":"Singlar 30' - Baru Luxury Travel Plans","og_description":"Vive una experiencia \u00fanica en las Islas del Rosario  Sum\u00e9rgete en la belleza del Caribe colombiano a bordo del Singlar 29 pies, un bote dise\u00f1ado para brindarte confort, privacidad y aventura. Descubre las maravillosas Islas del Rosario, explora los manglares y playas de Bar\u00fa, y crea recuerdos inolvidables con amigos y familiares en un entorno paradis\u00edaco.  Caracter\u00edsticas exclusivas para tu m\u00e1xima comodidad:   Asoleadora en proa, ideal para disfrutar del sol caribe\u00f1o.  Asientos en proa y popa con mesa incluida, perfectos para compartir y relajarte.  Ba\u00f1o privado con sanitario en la consola, garantizando comodidad en todo momento.  Ducha de agua dulce, para refrescarte despu\u00e9s de un chapuz\u00f3n en el mar.  Sistema de sonido JL Audio con Bluetooth, para acompa\u00f1ar tu viaje con la mejor m\u00fasica.  &nbsp;  Una traves\u00eda para recordar  Desde nadar en aguas cristalinas hasta contemplar un atardecer m\u00e1gico en la Bah\u00eda de Cartagena, el Singlar 29\u2019 es la opci\u00f3n ideal para celebraciones, escapadas rom\u00e1nticas o simplemente un d\u00eda de relajaci\u00f3n en alta mar.  &nbsp;","og_url":"https:\/\/baruluxury.com\/en\/product\/singlar-30\/","og_site_name":"Baru Luxury Travel Plans","article_modified_time":"2025-05-22T21:30:20+00:00","og_image":[{"width":2133,"height":2133,"url":"https:\/\/baruluxury.com\/wp-content\/uploads\/2025\/04\/Singlar-2_Mesa-de-trabajo-1.jpg","type":"image\/jpeg"}],"twitter_card":"summary_large_image","twitter_misc":{"Est. reading time":"1 minute"},"schema":{"@context":"https:\/\/schema.org","@graph":[{"@type":"WebPage","@id":"https:\/\/baruluxury.com\/producto\/singlar-30\/","url":"https:\/\/baruluxury.com\/producto\/singlar-30\/","name":"Singlar 30' - Baru Luxury Travel Plans","isPartOf":{"@id":"https:\/\/baruluxury.com\/#website"},"primaryImageOfPage":{"@id":"https:\/\/baruluxury.com\/producto\/singlar-30\/#primaryimage"},"image":{"@id":"https:\/\/baruluxury.com\/producto\/singlar-30\/#primaryimage"},"thumbnailUrl":"https:\/\/baruluxury.com\/wp-content\/uploads\/2025\/04\/Singlar-2_Mesa-de-trabajo-1.jpg","datePublished":"2025-04-14T17:30:57+00:00","dateModified":"2025-05-22T21:30:20+00:00","breadcrumb":{"@id":"https:\/\/baruluxury.com\/producto\/singlar-30\/#breadcrumb"},"inLanguage":"en-US","potentialAction":[{"@type":"ReadAction","target":["https:\/\/baruluxury.com\/producto\/singlar-30\/"]}]},{"@type":"ImageObject","inLanguage":"en-US","@id":"https:\/\/baruluxury.com\/producto\/singlar-30\/#primaryimage","url":"https:\/\/baruluxury.com\/wp-content\/uploads\/2025\/04\/Singlar-2_Mesa-de-trabajo-1.jpg","contentUrl":"https:\/\/baruluxury.com\/wp-content\/uploads\/2025\/04\/Singlar-2_Mesa-de-trabajo-1.jpg","width":2133,"height":2133},{"@type":"BreadcrumbList","@id":"https:\/\/baruluxury.com\/producto\/singlar-30\/#breadcrumb","itemListElement":[{"@type":"ListItem","position":1,"name":"Portada","item":"https:\/\/baruluxury.com\/"},{"@type":"ListItem","position":2,"name":"Productos","item":"https:\/\/baruluxury.com\/tienda\/"},{"@type":"ListItem","position":3,"name":"Singlar 30&#8242;"}]},{"@type":"WebSite","@id":"https:\/\/baruluxury.com\/#website","url":"https:\/\/baruluxury.com\/","name":"Baru Luxury Travel Plans","description":"Atr&eacute;vete a Vivir su Magia","potentialAction":[{"@type":"SearchAction","target":{"@type":"EntryPoint","urlTemplate":"https:\/\/baruluxury.com\/?s={search_term_string}"},"query-input":{"@type":"PropertyValueSpecification","valueRequired":true,"valueName":"search_term_string"}}],"inLanguage":"en-US"}]}},"_links":{"self":[{"href":"https:\/\/baruluxury.com\/en\/wp-json\/wp\/v2\/product\/2011","targetHints":{"allow":["GET"]}}],"collection":[{"href":"https:\/\/baruluxury.com\/en\/wp-json\/wp\/v2\/product"}],"about":[{"href":"https:\/\/baruluxury.com\/en\/wp-json\/wp\/v2\/types\/product"}],"replies":[{"embeddable":true,"href":"https:\/\/baruluxury.com\/en\/wp-json\/wp\/v2\/comments?post=2011"}],"wp:featuredmedia":[{"embeddable":true,"href":"https:\/\/baruluxury.com\/en\/wp-json\/wp\/v2\/media\/2014"}],"wp:attachment":[{"href":"https:\/\/baruluxury.com\/en\/wp-json\/wp\/v2\/media?parent=2011"}],"wp:term":[{"taxonomy":"product_brand","embeddable":true,"href":"https:\/\/baruluxury.com\/en\/wp-json\/wp\/v2\/product_brand?post=2011"},{"taxonomy":"product_cat","embeddable":true,"href":"https:\/\/baruluxury.com\/en\/wp-json\/wp\/v2\/product_cat?post=2011"},{"taxonomy":"product_tag","embeddable":true,"href":"https:\/\/baruluxury.com\/en\/wp-json\/wp\/v2\/product_tag?post=2011"}],"curies":[{"name":"wp","href":"https:\/\/api.w.org\/{rel}","templated":true}]}}