{"id":2217,"date":"2025-05-26T15:58:06","date_gmt":"2025-05-26T15:58:06","guid":{"rendered":"https:\/\/baruluxury.com\/?post_type=product&#038;p=2217"},"modified":"2025-06-05T03:46:28","modified_gmt":"2025-06-05T03:46:28","slug":"singlar-32","status":"publish","type":"product","link":"https:\/\/baruluxury.com\/en\/product\/singlar-32\/","title":{"rendered":"Singlar 32\u2019"},"content":{"rendered":"","protected":false},"excerpt":{"rendered":"<p><strong>Comodidad, estilo y aventura en el Caribe<\/strong><\/p>\n<p>Explora las aguas turquesa del Caribe colombiano a bordo del <strong data-start=\"315\" data-end=\"330\">Singlar 32\u2019<\/strong>, un bote deportivo que combina elegancia, funcionalidad y confort. Perfecto para grupos reducidos que desean vivir una experiencia privada y personalizada, ya sea recorriendo las Islas del Rosario o disfrutando de un atardecer m\u00e1gico en la bah\u00eda de Cartagena.<\/p>\n<p><strong data-start=\"592\" data-end=\"655\">Caracter\u00edsticas destacadas para una experiencia premium:<\/strong><\/p>\n<p><strong data-start=\"659\" data-end=\"686\">Ba\u00f1o en consola central<\/strong> \u2013 Comodidad total durante todo el recorrido.<br data-start=\"731\" data-end=\"734\" \/><strong data-start=\"736\" data-end=\"750\">Asoleadora<\/strong> \u2013 Rel\u00e1jate y disfruta del sol con el confort que mereces.<br data-start=\"808\" data-end=\"811\" \/><strong data-start=\"813\" data-end=\"834\">Cojiner\u00eda de lujo<\/strong> \u2013 Asientos espaciosos y suaves que elevan el confort.<br data-start=\"888\" data-end=\"891\" \/><strong data-start=\"893\" data-end=\"937\">Sistema de sonido JL Audio con Bluetooth<\/strong> \u2013 Ambientaci\u00f3n perfecta para tu playlist favorita.<br data-start=\"988\" data-end=\"991\" \/><strong data-start=\"993\" data-end=\"1016\">Ducha de agua dulce<\/strong> \u2013 Refresca tu d\u00eda despu\u00e9s de un ba\u00f1o en el mar.<br data-start=\"1064\" data-end=\"1067\" \/><strong data-start=\"1069\" data-end=\"1098\">Motores 150HP Suzuki (x2)<\/strong> \u2013 Potencia y estabilidad para una navegaci\u00f3n segura.<br data-start=\"1151\" data-end=\"1154\" \/><strong data-start=\"1156\" data-end=\"1189\">Capacidad m\u00e1xima: 10 personas<\/strong> \u2013 Ideal para escapadas familiares o grupos de amigos.<br data-start=\"1243\" data-end=\"1246\" \/><strong data-start=\"1248\" data-end=\"1287\">Embarcaci\u00f3n 100% legal y verificada<\/strong> \u2013 Seguridad y tranquilidad garantizada.<\/p>\n<p data-start=\"1334\" data-end=\"1375\"><strong>Momentos inolvidables te esperan<\/strong><\/p>\n<p>Desde nadar entre arrecifes de coral hasta saborear mariscos en playas privadas, el Singlar 32\u2019 est\u00e1 listo para ser el escenario de tus recuerdos m\u00e1s especiales.<\/p>\n<p><strong data-start=\"78\" data-end=\"93\">Importante:<\/strong> Las tarifas publicadas corresponden a temporada baja y est\u00e1n sujetas a cambios seg\u00fan la temporada del a\u00f1o. Todos los servicios est\u00e1n sujetos a disponibilidad en el momento de la reserva.<\/p>","protected":false},"featured_media":2441,"comment_status":"open","ping_status":"closed","template":"","meta":{"_acf_changed":false,"_joinchat":[]},"product_brand":[],"product_cat":[62],"product_tag":[],"class_list":{"0":"post-2217","1":"product","2":"type-product","3":"status-publish","4":"has-post-thumbnail","6":"product_cat-botes","8":"first","9":"instock","10":"shipping-taxable","11":"purchasable","12":"product-type-simple"},"acf":[],"yoast_head":"<!-- This site is optimized with the Yoast SEO plugin v25.1 - https:\/\/yoast.com\/wordpress\/plugins\/seo\/ -->\n<title>Singlar 32\u2019 - Baru Luxury Travel Plans<\/title>\n<meta name=\"robots\" content=\"index, follow, max-snippet:-1, max-image-preview:large, max-video-preview:-1\" \/>\n<link rel=\"canonical\" href=\"https:\/\/baruluxury.com\/en\/product\/singlar-32\/\" \/>\n<meta property=\"og:locale\" content=\"en_US\" \/>\n<meta property=\"og:type\" content=\"article\" \/>\n<meta property=\"og:title\" content=\"Singlar 32\u2019 - Baru Luxury Travel Plans\" \/>\n<meta property=\"og:description\" content=\"Comodidad, estilo y aventura en el Caribe  Explora las aguas turquesa del Caribe colombiano a bordo del Singlar 32\u2019, un bote deportivo que combina elegancia, funcionalidad y confort. Perfecto para grupos reducidos que desean vivir una experiencia privada y personalizada, ya sea recorriendo las Islas del Rosario o disfrutando de un atardecer m\u00e1gico en la bah\u00eda de Cartagena.  Caracter\u00edsticas destacadas para una experiencia premium:  Ba\u00f1o en consola central \u2013 Comodidad total durante todo el recorrido.Asoleadora \u2013 Rel\u00e1jate y disfruta del sol con el confort que mereces.Cojiner\u00eda de lujo \u2013 Asientos espaciosos y suaves que elevan el confort.Sistema de sonido JL Audio con Bluetooth \u2013 Ambientaci\u00f3n perfecta para tu playlist favorita.Ducha de agua dulce \u2013 Refresca tu d\u00eda despu\u00e9s de un ba\u00f1o en el mar.Motores 150HP Suzuki (x2) \u2013 Potencia y estabilidad para una navegaci\u00f3n segura.Capacidad m\u00e1xima: 10 personas \u2013 Ideal para escapadas familiares o grupos de amigos.Embarcaci\u00f3n 100% legal y verificada \u2013 Seguridad y tranquilidad garantizada. Momentos inolvidables te esperan Desde nadar entre arrecifes de coral hasta saborear mariscos en playas privadas, el Singlar 32\u2019 est\u00e1 listo para ser el escenario de tus recuerdos m\u00e1s especiales.  Importante: Las tarifas publicadas corresponden a temporada baja y est\u00e1n sujetas a cambios seg\u00fan la temporada del a\u00f1o. Todos los servicios est\u00e1n sujetos a disponibilidad en el momento de la reserva.\" \/>\n<meta property=\"og:url\" content=\"https:\/\/baruluxury.com\/en\/product\/singlar-32\/\" \/>\n<meta property=\"og:site_name\" content=\"Baru Luxury Travel Plans\" \/>\n<meta property=\"article:modified_time\" content=\"2025-06-05T03:46:28+00:00\" \/>\n<meta property=\"og:image\" content=\"https:\/\/baruluxury.com\/wp-content\/uploads\/2025\/05\/Bote-Recuca-1.jpg\" \/>\n\t<meta property=\"og:image:width\" content=\"2083\" \/>\n\t<meta property=\"og:image:height\" content=\"2083\" \/>\n\t<meta property=\"og:image:type\" content=\"image\/jpeg\" \/>\n<meta name=\"twitter:card\" content=\"summary_large_image\" \/>\n<meta name=\"twitter:label1\" content=\"Est. reading time\" \/>\n\t<meta name=\"twitter:data1\" content=\"1 minute\" \/>\n<script type=\"application\/ld+json\" class=\"yoast-schema-graph\">{\"@context\":\"https:\/\/schema.org\",\"@graph\":[{\"@type\":\"WebPage\",\"@id\":\"https:\/\/baruluxury.com\/producto\/singlar-32\/\",\"url\":\"https:\/\/baruluxury.com\/producto\/singlar-32\/\",\"name\":\"Singlar 32\u2019 - Baru Luxury Travel Plans\",\"isPartOf\":{\"@id\":\"https:\/\/baruluxury.com\/#website\"},\"primaryImageOfPage\":{\"@id\":\"https:\/\/baruluxury.com\/producto\/singlar-32\/#primaryimage\"},\"image\":{\"@id\":\"https:\/\/baruluxury.com\/producto\/singlar-32\/#primaryimage\"},\"thumbnailUrl\":\"https:\/\/baruluxury.com\/wp-content\/uploads\/2025\/05\/Bote-Recuca-1.jpg\",\"datePublished\":\"2025-05-26T15:58:06+00:00\",\"dateModified\":\"2025-06-05T03:46:28+00:00\",\"breadcrumb\":{\"@id\":\"https:\/\/baruluxury.com\/producto\/singlar-32\/#breadcrumb\"},\"inLanguage\":\"en-US\",\"potentialAction\":[{\"@type\":\"ReadAction\",\"target\":[\"https:\/\/baruluxury.com\/producto\/singlar-32\/\"]}]},{\"@type\":\"ImageObject\",\"inLanguage\":\"en-US\",\"@id\":\"https:\/\/baruluxury.com\/producto\/singlar-32\/#primaryimage\",\"url\":\"https:\/\/baruluxury.com\/wp-content\/uploads\/2025\/05\/Bote-Recuca-1.jpg\",\"contentUrl\":\"https:\/\/baruluxury.com\/wp-content\/uploads\/2025\/05\/Bote-Recuca-1.jpg\",\"width\":2083,\"height\":2083},{\"@type\":\"BreadcrumbList\",\"@id\":\"https:\/\/baruluxury.com\/producto\/singlar-32\/#breadcrumb\",\"itemListElement\":[{\"@type\":\"ListItem\",\"position\":1,\"name\":\"Portada\",\"item\":\"https:\/\/baruluxury.com\/\"},{\"@type\":\"ListItem\",\"position\":2,\"name\":\"Productos\",\"item\":\"https:\/\/baruluxury.com\/tienda\/\"},{\"@type\":\"ListItem\",\"position\":3,\"name\":\"Singlar 32\u2019\"}]},{\"@type\":\"WebSite\",\"@id\":\"https:\/\/baruluxury.com\/#website\",\"url\":\"https:\/\/baruluxury.com\/\",\"name\":\"Baru Luxury Travel Plans\",\"description\":\"Atr&eacute;vete a Vivir su Magia\",\"potentialAction\":[{\"@type\":\"SearchAction\",\"target\":{\"@type\":\"EntryPoint\",\"urlTemplate\":\"https:\/\/baruluxury.com\/?s={search_term_string}\"},\"query-input\":{\"@type\":\"PropertyValueSpecification\",\"valueRequired\":true,\"valueName\":\"search_term_string\"}}],\"inLanguage\":\"en-US\"}]}<\/script>\n<!-- \/ Yoast SEO plugin. -->","yoast_head_json":{"title":"Singlar 32\u2019 - Baru Luxury Travel Plans","robots":{"index":"index","follow":"follow","max-snippet":"max-snippet:-1","max-image-preview":"max-image-preview:large","max-video-preview":"max-video-preview:-1"},"canonical":"https:\/\/baruluxury.com\/en\/product\/singlar-32\/","og_locale":"en_US","og_type":"article","og_title":"Singlar 32\u2019 - Baru Luxury Travel Plans","og_description":"Comodidad, estilo y aventura en el Caribe  Explora las aguas turquesa del Caribe colombiano a bordo del Singlar 32\u2019, un bote deportivo que combina elegancia, funcionalidad y confort. Perfecto para grupos reducidos que desean vivir una experiencia privada y personalizada, ya sea recorriendo las Islas del Rosario o disfrutando de un atardecer m\u00e1gico en la bah\u00eda de Cartagena.  Caracter\u00edsticas destacadas para una experiencia premium:  Ba\u00f1o en consola central \u2013 Comodidad total durante todo el recorrido.Asoleadora \u2013 Rel\u00e1jate y disfruta del sol con el confort que mereces.Cojiner\u00eda de lujo \u2013 Asientos espaciosos y suaves que elevan el confort.Sistema de sonido JL Audio con Bluetooth \u2013 Ambientaci\u00f3n perfecta para tu playlist favorita.Ducha de agua dulce \u2013 Refresca tu d\u00eda despu\u00e9s de un ba\u00f1o en el mar.Motores 150HP Suzuki (x2) \u2013 Potencia y estabilidad para una navegaci\u00f3n segura.Capacidad m\u00e1xima: 10 personas \u2013 Ideal para escapadas familiares o grupos de amigos.Embarcaci\u00f3n 100% legal y verificada \u2013 Seguridad y tranquilidad garantizada. Momentos inolvidables te esperan Desde nadar entre arrecifes de coral hasta saborear mariscos en playas privadas, el Singlar 32\u2019 est\u00e1 listo para ser el escenario de tus recuerdos m\u00e1s especiales.  Importante: Las tarifas publicadas corresponden a temporada baja y est\u00e1n sujetas a cambios seg\u00fan la temporada del a\u00f1o. Todos los servicios est\u00e1n sujetos a disponibilidad en el momento de la reserva.","og_url":"https:\/\/baruluxury.com\/en\/product\/singlar-32\/","og_site_name":"Baru Luxury Travel Plans","article_modified_time":"2025-06-05T03:46:28+00:00","og_image":[{"width":2083,"height":2083,"url":"https:\/\/baruluxury.com\/wp-content\/uploads\/2025\/05\/Bote-Recuca-1.jpg","type":"image\/jpeg"}],"twitter_card":"summary_large_image","twitter_misc":{"Est. reading time":"1 minute"},"schema":{"@context":"https:\/\/schema.org","@graph":[{"@type":"WebPage","@id":"https:\/\/baruluxury.com\/producto\/singlar-32\/","url":"https:\/\/baruluxury.com\/producto\/singlar-32\/","name":"Singlar 32\u2019 - Baru Luxury Travel Plans","isPartOf":{"@id":"https:\/\/baruluxury.com\/#website"},"primaryImageOfPage":{"@id":"https:\/\/baruluxury.com\/producto\/singlar-32\/#primaryimage"},"image":{"@id":"https:\/\/baruluxury.com\/producto\/singlar-32\/#primaryimage"},"thumbnailUrl":"https:\/\/baruluxury.com\/wp-content\/uploads\/2025\/05\/Bote-Recuca-1.jpg","datePublished":"2025-05-26T15:58:06+00:00","dateModified":"2025-06-05T03:46:28+00:00","breadcrumb":{"@id":"https:\/\/baruluxury.com\/producto\/singlar-32\/#breadcrumb"},"inLanguage":"en-US","potentialAction":[{"@type":"ReadAction","target":["https:\/\/baruluxury.com\/producto\/singlar-32\/"]}]},{"@type":"ImageObject","inLanguage":"en-US","@id":"https:\/\/baruluxury.com\/producto\/singlar-32\/#primaryimage","url":"https:\/\/baruluxury.com\/wp-content\/uploads\/2025\/05\/Bote-Recuca-1.jpg","contentUrl":"https:\/\/baruluxury.com\/wp-content\/uploads\/2025\/05\/Bote-Recuca-1.jpg","width":2083,"height":2083},{"@type":"BreadcrumbList","@id":"https:\/\/baruluxury.com\/producto\/singlar-32\/#breadcrumb","itemListElement":[{"@type":"ListItem","position":1,"name":"Portada","item":"https:\/\/baruluxury.com\/"},{"@type":"ListItem","position":2,"name":"Productos","item":"https:\/\/baruluxury.com\/tienda\/"},{"@type":"ListItem","position":3,"name":"Singlar 32\u2019"}]},{"@type":"WebSite","@id":"https:\/\/baruluxury.com\/#website","url":"https:\/\/baruluxury.com\/","name":"Baru Luxury Travel Plans","description":"Atr&eacute;vete a Vivir su Magia","potentialAction":[{"@type":"SearchAction","target":{"@type":"EntryPoint","urlTemplate":"https:\/\/baruluxury.com\/?s={search_term_string}"},"query-input":{"@type":"PropertyValueSpecification","valueRequired":true,"valueName":"search_term_string"}}],"inLanguage":"en-US"}]}},"_links":{"self":[{"href":"https:\/\/baruluxury.com\/en\/wp-json\/wp\/v2\/product\/2217","targetHints":{"allow":["GET"]}}],"collection":[{"href":"https:\/\/baruluxury.com\/en\/wp-json\/wp\/v2\/product"}],"about":[{"href":"https:\/\/baruluxury.com\/en\/wp-json\/wp\/v2\/types\/product"}],"replies":[{"embeddable":true,"href":"https:\/\/baruluxury.com\/en\/wp-json\/wp\/v2\/comments?post=2217"}],"wp:featuredmedia":[{"embeddable":true,"href":"https:\/\/baruluxury.com\/en\/wp-json\/wp\/v2\/media\/2441"}],"wp:attachment":[{"href":"https:\/\/baruluxury.com\/en\/wp-json\/wp\/v2\/media?parent=2217"}],"wp:term":[{"taxonomy":"product_brand","embeddable":true,"href":"https:\/\/baruluxury.com\/en\/wp-json\/wp\/v2\/product_brand?post=2217"},{"taxonomy":"product_cat","embeddable":true,"href":"https:\/\/baruluxury.com\/en\/wp-json\/wp\/v2\/product_cat?post=2217"},{"taxonomy":"product_tag","embeddable":true,"href":"https:\/\/baruluxury.com\/en\/wp-json\/wp\/v2\/product_tag?post=2217"}],"curies":[{"name":"wp","href":"https:\/\/api.w.org\/{rel}","templated":true}]}}