{"id":2240,"date":"2025-05-23T17:52:35","date_gmt":"2025-05-23T17:52:35","guid":{"rendered":"https:\/\/baruluxury.com\/?post_type=product&#038;p=2240"},"modified":"2025-10-07T00:23:41","modified_gmt":"2025-10-07T00:23:41","slug":"powercat-51","status":"publish","type":"product","link":"https:\/\/baruluxury.com\/en\/product\/powercat-51\/","title":{"rendered":"Powercat 51&#8242;"},"content":{"rendered":"","protected":false},"excerpt":{"rendered":"<p data-start=\"168\" data-end=\"228\"><strong>Espacio, confort y elegancia en altamar<\/strong><\/p>\n<p data-start=\"230\" data-end=\"525\">Navega con total libertad y estilo a bordo del <strong data-start=\"277\" data-end=\"297\">Powercat 51 pies<\/strong>, un catamar\u00e1n de lujo dise\u00f1ado para brindar amplitud, estabilidad y confort en cada traves\u00eda. Perfecto para grupos grandes que desean disfrutar de una experiencia inolvidable entre las aguas turquesas del <strong data-start=\"503\" data-end=\"524\">Caribe colombiano<\/strong>.<\/p>\n<p data-start=\"527\" data-end=\"723\">Ya sea un d\u00eda de celebraci\u00f3n, una escapada en grupo o una experiencia corporativa, esta embarcaci\u00f3n lo tiene todo para que vivas <strong data-start=\"656\" data-end=\"705\">las Islas del Rosario o la Bah\u00eda de Cartagena<\/strong> como nunca antes.<\/p>\n<p data-start=\"730\" data-end=\"795\"><strong>Caracter\u00edsticas destacadas para una experiencia superior:<\/strong><\/p>\n<p data-start=\"797\" data-end=\"1552\"><strong data-start=\"799\" data-end=\"842\">Amplia capacidad para hasta 35 personas<\/strong>: Ideal para celebraciones familiares, despedidas de solteros, grupos de amigos o eventos especiales.<br data-start=\"943\" data-end=\"946\" \/><strong data-start=\"948\" data-end=\"976\">4 habitaciones y 4 ba\u00f1os<\/strong>: Comodidad garantizada para quienes desean descansar, cambiarse o refrescarse durante el viaje.<br data-start=\"1072\" data-end=\"1075\" \/><strong data-start=\"1077\" data-end=\"1118\">Flybridge y \u00e1reas sociales espaciosas<\/strong>: Perfectas para tomar el sol, relajarse o disfrutar de una buena conversaci\u00f3n con vista al mar.<br data-start=\"1214\" data-end=\"1217\" \/><strong data-start=\"1219\" data-end=\"1263\">Charter privado con tripulaci\u00f3n completa<\/strong>: Capit\u00e1n y dos marineros a tu servicio, para que solo te preocupes por disfrutar.<br data-start=\"1345\" data-end=\"1348\" \/><strong data-start=\"1350\" data-end=\"1368\">Hielo incluido<\/strong>: Mant\u00e9n tus bebidas siempre fr\u00edas mientras navegas por el para\u00edso.<br data-start=\"1435\" data-end=\"1438\" \/><strong data-start=\"1440\" data-end=\"1468\">Dise\u00f1o moderno y estable<\/strong>: Gracias a su doble casco, la navegaci\u00f3n es suave y segura, incluso en mar abierto.<\/p>\n<p data-start=\"797\" data-end=\"1552\"><strong data-start=\"78\" data-end=\"93\">Importante:<\/strong> Las tarifas publicadas corresponden a temporada baja y est\u00e1n sujetas a cambios seg\u00fan la temporada del a\u00f1o. Todos los servicios est\u00e1n sujetos a disponibilidad en el momento de la reserva.<\/p>","protected":false},"featured_media":2242,"comment_status":"open","ping_status":"closed","template":"","meta":{"_acf_changed":false,"_joinchat":[]},"product_brand":[],"product_cat":[63,69],"product_tag":[],"class_list":{"0":"post-2240","1":"product","2":"type-product","3":"status-publish","4":"has-post-thumbnail","6":"product_cat-catamaranes","7":"product_cat-destacados","9":"first","10":"instock","11":"shipping-taxable","12":"purchasable","13":"product-type-simple"},"acf":[],"yoast_head":"<!-- This site is optimized with the Yoast SEO plugin v25.1 - https:\/\/yoast.com\/wordpress\/plugins\/seo\/ -->\n<title>Powercat 51&#039; - Baru Luxury Travel Plans<\/title>\n<meta name=\"robots\" content=\"index, follow, max-snippet:-1, max-image-preview:large, max-video-preview:-1\" \/>\n<link rel=\"canonical\" href=\"https:\/\/baruluxury.com\/en\/product\/powercat-51\/\" \/>\n<meta property=\"og:locale\" content=\"en_US\" \/>\n<meta property=\"og:type\" content=\"article\" \/>\n<meta property=\"og:title\" content=\"Powercat 51&#039; - Baru Luxury Travel Plans\" \/>\n<meta property=\"og:description\" content=\"Espacio, confort y elegancia en altamar Navega con total libertad y estilo a bordo del Powercat 51 pies, un catamar\u00e1n de lujo dise\u00f1ado para brindar amplitud, estabilidad y confort en cada traves\u00eda. Perfecto para grupos grandes que desean disfrutar de una experiencia inolvidable entre las aguas turquesas del Caribe colombiano. Ya sea un d\u00eda de celebraci\u00f3n, una escapada en grupo o una experiencia corporativa, esta embarcaci\u00f3n lo tiene todo para que vivas las Islas del Rosario o la Bah\u00eda de Cartagena como nunca antes. Caracter\u00edsticas destacadas para una experiencia superior: Amplia capacidad para hasta 35 personas: Ideal para celebraciones familiares, despedidas de solteros, grupos de amigos o eventos especiales.4 habitaciones y 4 ba\u00f1os: Comodidad garantizada para quienes desean descansar, cambiarse o refrescarse durante el viaje.Flybridge y \u00e1reas sociales espaciosas: Perfectas para tomar el sol, relajarse o disfrutar de una buena conversaci\u00f3n con vista al mar.Charter privado con tripulaci\u00f3n completa: Capit\u00e1n y dos marineros a tu servicio, para que solo te preocupes por disfrutar.Hielo incluido: Mant\u00e9n tus bebidas siempre fr\u00edas mientras navegas por el para\u00edso.Dise\u00f1o moderno y estable: Gracias a su doble casco, la navegaci\u00f3n es suave y segura, incluso en mar abierto. Importante: Las tarifas publicadas corresponden a temporada baja y est\u00e1n sujetas a cambios seg\u00fan la temporada del a\u00f1o. Todos los servicios est\u00e1n sujetos a disponibilidad en el momento de la reserva.\" \/>\n<meta property=\"og:url\" content=\"https:\/\/baruluxury.com\/en\/product\/powercat-51\/\" \/>\n<meta property=\"og:site_name\" content=\"Baru Luxury Travel Plans\" \/>\n<meta property=\"article:modified_time\" content=\"2025-10-07T00:23:41+00:00\" \/>\n<meta property=\"og:image\" content=\"https:\/\/baruluxury.com\/wp-content\/uploads\/2025\/05\/Powercat-1.jpg\" \/>\n\t<meta property=\"og:image:width\" content=\"2083\" \/>\n\t<meta property=\"og:image:height\" content=\"2083\" \/>\n\t<meta property=\"og:image:type\" content=\"image\/jpeg\" \/>\n<meta name=\"twitter:card\" content=\"summary_large_image\" \/>\n<meta name=\"twitter:label1\" content=\"Est. reading time\" \/>\n\t<meta name=\"twitter:data1\" content=\"1 minute\" \/>\n<script type=\"application\/ld+json\" class=\"yoast-schema-graph\">{\"@context\":\"https:\/\/schema.org\",\"@graph\":[{\"@type\":\"WebPage\",\"@id\":\"https:\/\/baruluxury.com\/producto\/powercat-51\/\",\"url\":\"https:\/\/baruluxury.com\/producto\/powercat-51\/\",\"name\":\"Powercat 51' - Baru Luxury Travel Plans\",\"isPartOf\":{\"@id\":\"https:\/\/baruluxury.com\/#website\"},\"primaryImageOfPage\":{\"@id\":\"https:\/\/baruluxury.com\/producto\/powercat-51\/#primaryimage\"},\"image\":{\"@id\":\"https:\/\/baruluxury.com\/producto\/powercat-51\/#primaryimage\"},\"thumbnailUrl\":\"https:\/\/baruluxury.com\/wp-content\/uploads\/2025\/05\/Powercat-1.jpg\",\"datePublished\":\"2025-05-23T17:52:35+00:00\",\"dateModified\":\"2025-10-07T00:23:41+00:00\",\"breadcrumb\":{\"@id\":\"https:\/\/baruluxury.com\/producto\/powercat-51\/#breadcrumb\"},\"inLanguage\":\"en-US\",\"potentialAction\":[{\"@type\":\"ReadAction\",\"target\":[\"https:\/\/baruluxury.com\/producto\/powercat-51\/\"]}]},{\"@type\":\"ImageObject\",\"inLanguage\":\"en-US\",\"@id\":\"https:\/\/baruluxury.com\/producto\/powercat-51\/#primaryimage\",\"url\":\"https:\/\/baruluxury.com\/wp-content\/uploads\/2025\/05\/Powercat-1.jpg\",\"contentUrl\":\"https:\/\/baruluxury.com\/wp-content\/uploads\/2025\/05\/Powercat-1.jpg\",\"width\":2083,\"height\":2083},{\"@type\":\"BreadcrumbList\",\"@id\":\"https:\/\/baruluxury.com\/producto\/powercat-51\/#breadcrumb\",\"itemListElement\":[{\"@type\":\"ListItem\",\"position\":1,\"name\":\"Portada\",\"item\":\"https:\/\/baruluxury.com\/\"},{\"@type\":\"ListItem\",\"position\":2,\"name\":\"Productos\",\"item\":\"https:\/\/baruluxury.com\/tienda\/\"},{\"@type\":\"ListItem\",\"position\":3,\"name\":\"Powercat 51&#8242;\"}]},{\"@type\":\"WebSite\",\"@id\":\"https:\/\/baruluxury.com\/#website\",\"url\":\"https:\/\/baruluxury.com\/\",\"name\":\"Baru Luxury Travel Plans\",\"description\":\"Atr&eacute;vete a Vivir su Magia\",\"potentialAction\":[{\"@type\":\"SearchAction\",\"target\":{\"@type\":\"EntryPoint\",\"urlTemplate\":\"https:\/\/baruluxury.com\/?s={search_term_string}\"},\"query-input\":{\"@type\":\"PropertyValueSpecification\",\"valueRequired\":true,\"valueName\":\"search_term_string\"}}],\"inLanguage\":\"en-US\"}]}<\/script>\n<!-- \/ Yoast SEO plugin. -->","yoast_head_json":{"title":"Powercat 51' - Baru Luxury Travel Plans","robots":{"index":"index","follow":"follow","max-snippet":"max-snippet:-1","max-image-preview":"max-image-preview:large","max-video-preview":"max-video-preview:-1"},"canonical":"https:\/\/baruluxury.com\/en\/product\/powercat-51\/","og_locale":"en_US","og_type":"article","og_title":"Powercat 51' - Baru Luxury Travel Plans","og_description":"Espacio, confort y elegancia en altamar Navega con total libertad y estilo a bordo del Powercat 51 pies, un catamar\u00e1n de lujo dise\u00f1ado para brindar amplitud, estabilidad y confort en cada traves\u00eda. Perfecto para grupos grandes que desean disfrutar de una experiencia inolvidable entre las aguas turquesas del Caribe colombiano. Ya sea un d\u00eda de celebraci\u00f3n, una escapada en grupo o una experiencia corporativa, esta embarcaci\u00f3n lo tiene todo para que vivas las Islas del Rosario o la Bah\u00eda de Cartagena como nunca antes. Caracter\u00edsticas destacadas para una experiencia superior: Amplia capacidad para hasta 35 personas: Ideal para celebraciones familiares, despedidas de solteros, grupos de amigos o eventos especiales.4 habitaciones y 4 ba\u00f1os: Comodidad garantizada para quienes desean descansar, cambiarse o refrescarse durante el viaje.Flybridge y \u00e1reas sociales espaciosas: Perfectas para tomar el sol, relajarse o disfrutar de una buena conversaci\u00f3n con vista al mar.Charter privado con tripulaci\u00f3n completa: Capit\u00e1n y dos marineros a tu servicio, para que solo te preocupes por disfrutar.Hielo incluido: Mant\u00e9n tus bebidas siempre fr\u00edas mientras navegas por el para\u00edso.Dise\u00f1o moderno y estable: Gracias a su doble casco, la navegaci\u00f3n es suave y segura, incluso en mar abierto. Importante: Las tarifas publicadas corresponden a temporada baja y est\u00e1n sujetas a cambios seg\u00fan la temporada del a\u00f1o. Todos los servicios est\u00e1n sujetos a disponibilidad en el momento de la reserva.","og_url":"https:\/\/baruluxury.com\/en\/product\/powercat-51\/","og_site_name":"Baru Luxury Travel Plans","article_modified_time":"2025-10-07T00:23:41+00:00","og_image":[{"width":2083,"height":2083,"url":"https:\/\/baruluxury.com\/wp-content\/uploads\/2025\/05\/Powercat-1.jpg","type":"image\/jpeg"}],"twitter_card":"summary_large_image","twitter_misc":{"Est. reading time":"1 minute"},"schema":{"@context":"https:\/\/schema.org","@graph":[{"@type":"WebPage","@id":"https:\/\/baruluxury.com\/producto\/powercat-51\/","url":"https:\/\/baruluxury.com\/producto\/powercat-51\/","name":"Powercat 51' - Baru Luxury Travel Plans","isPartOf":{"@id":"https:\/\/baruluxury.com\/#website"},"primaryImageOfPage":{"@id":"https:\/\/baruluxury.com\/producto\/powercat-51\/#primaryimage"},"image":{"@id":"https:\/\/baruluxury.com\/producto\/powercat-51\/#primaryimage"},"thumbnailUrl":"https:\/\/baruluxury.com\/wp-content\/uploads\/2025\/05\/Powercat-1.jpg","datePublished":"2025-05-23T17:52:35+00:00","dateModified":"2025-10-07T00:23:41+00:00","breadcrumb":{"@id":"https:\/\/baruluxury.com\/producto\/powercat-51\/#breadcrumb"},"inLanguage":"en-US","potentialAction":[{"@type":"ReadAction","target":["https:\/\/baruluxury.com\/producto\/powercat-51\/"]}]},{"@type":"ImageObject","inLanguage":"en-US","@id":"https:\/\/baruluxury.com\/producto\/powercat-51\/#primaryimage","url":"https:\/\/baruluxury.com\/wp-content\/uploads\/2025\/05\/Powercat-1.jpg","contentUrl":"https:\/\/baruluxury.com\/wp-content\/uploads\/2025\/05\/Powercat-1.jpg","width":2083,"height":2083},{"@type":"BreadcrumbList","@id":"https:\/\/baruluxury.com\/producto\/powercat-51\/#breadcrumb","itemListElement":[{"@type":"ListItem","position":1,"name":"Portada","item":"https:\/\/baruluxury.com\/"},{"@type":"ListItem","position":2,"name":"Productos","item":"https:\/\/baruluxury.com\/tienda\/"},{"@type":"ListItem","position":3,"name":"Powercat 51&#8242;"}]},{"@type":"WebSite","@id":"https:\/\/baruluxury.com\/#website","url":"https:\/\/baruluxury.com\/","name":"Baru Luxury Travel Plans","description":"Atr&eacute;vete a Vivir su Magia","potentialAction":[{"@type":"SearchAction","target":{"@type":"EntryPoint","urlTemplate":"https:\/\/baruluxury.com\/?s={search_term_string}"},"query-input":{"@type":"PropertyValueSpecification","valueRequired":true,"valueName":"search_term_string"}}],"inLanguage":"en-US"}]}},"_links":{"self":[{"href":"https:\/\/baruluxury.com\/en\/wp-json\/wp\/v2\/product\/2240","targetHints":{"allow":["GET"]}}],"collection":[{"href":"https:\/\/baruluxury.com\/en\/wp-json\/wp\/v2\/product"}],"about":[{"href":"https:\/\/baruluxury.com\/en\/wp-json\/wp\/v2\/types\/product"}],"replies":[{"embeddable":true,"href":"https:\/\/baruluxury.com\/en\/wp-json\/wp\/v2\/comments?post=2240"}],"wp:featuredmedia":[{"embeddable":true,"href":"https:\/\/baruluxury.com\/en\/wp-json\/wp\/v2\/media\/2242"}],"wp:attachment":[{"href":"https:\/\/baruluxury.com\/en\/wp-json\/wp\/v2\/media?parent=2240"}],"wp:term":[{"taxonomy":"product_brand","embeddable":true,"href":"https:\/\/baruluxury.com\/en\/wp-json\/wp\/v2\/product_brand?post=2240"},{"taxonomy":"product_cat","embeddable":true,"href":"https:\/\/baruluxury.com\/en\/wp-json\/wp\/v2\/product_cat?post=2240"},{"taxonomy":"product_tag","embeddable":true,"href":"https:\/\/baruluxury.com\/en\/wp-json\/wp\/v2\/product_tag?post=2240"}],"curies":[{"name":"wp","href":"https:\/\/api.w.org\/{rel}","templated":true}]}}