{"id":2252,"date":"2025-05-23T18:48:40","date_gmt":"2025-05-23T18:48:40","guid":{"rendered":"https:\/\/baruluxury.com\/?post_type=product&#038;p=2252"},"modified":"2025-10-07T00:25:15","modified_gmt":"2025-10-07T00:25:15","slug":"powercat-47","status":"publish","type":"product","link":"https:\/\/baruluxury.com\/en\/product\/powercat-47\/","title":{"rendered":"Powercat 47&#8242;"},"content":{"rendered":"","protected":false},"excerpt":{"rendered":"<p data-start=\"130\" data-end=\"210\"><strong>Estilo, espacio y confort para una experiencia inolvidable<\/strong><\/p>\n<p data-start=\"212\" data-end=\"569\">Navega con comodidad y elegancia a bordo del <strong data-start=\"257\" data-end=\"277\">Powercat 47 pies<\/strong>, un catamar\u00e1n dise\u00f1ado para ofrecer estabilidad, amplitud y una experiencia n\u00e1utica premium en el Caribe colombiano. Ideal para quienes buscan celebrar, relajarse o descubrir las maravillas naturales de <strong data-start=\"481\" data-end=\"494\">Cartagena<\/strong>, <strong data-start=\"496\" data-end=\"504\">Bar\u00fa<\/strong> y <strong data-start=\"507\" data-end=\"532\">las Islas del Rosario<\/strong> con total privacidad y exclusividad.<\/p>\n<p data-start=\"576\" data-end=\"611\"><strong>Caracter\u00edsticas destacadas:<\/strong><\/p>\n<p data-start=\"613\" data-end=\"1301\"><strong data-start=\"615\" data-end=\"651\">Capacidad para hasta 25 personas<\/strong>: Perfecto para grupos medianos que desean compartir un d\u00eda inolvidable en el mar.<br data-start=\"733\" data-end=\"736\" \/><strong data-start=\"738\" data-end=\"766\">3 habitaciones y 3 ba\u00f1os<\/strong>: Espacios c\u00f3modos para descansar, cambiarse y disfrutar del recorrido sin preocupaciones.<br data-start=\"856\" data-end=\"859\" \/><strong data-start=\"861\" data-end=\"889\">Flybridge y \u00e1reas lounge<\/strong>: Disfruta de la vista panor\u00e1mica, broncea bajo el sol o rel\u00e1jate con la brisa marina.<br data-start=\"975\" data-end=\"978\" \/><strong data-start=\"980\" data-end=\"998\">Hielo incluido<\/strong>: Mant\u00e9n tus bebidas fr\u00edas durante toda la traves\u00eda.<br data-start=\"1050\" data-end=\"1053\" \/><strong data-start=\"1055\" data-end=\"1102\">Charter privado con tripulaci\u00f3n profesional<\/strong>: Capit\u00e1n y dos marineros enfocados en brindarte el mejor servicio.<br data-start=\"1169\" data-end=\"1172\" \/><strong data-start=\"1174\" data-end=\"1205\" data-is-only-node=\"\">Navegaci\u00f3n estable y segura<\/strong>: Gracias al dise\u00f1o de doble casco, la traves\u00eda es suave y perfecta para quienes buscan confort.<\/p>\n<p data-start=\"613\" data-end=\"1301\"><strong data-start=\"78\" data-end=\"93\">Importante:<\/strong> Las tarifas publicadas corresponden a temporada baja y est\u00e1n sujetas a cambios seg\u00fan la temporada del a\u00f1o. Todos los servicios est\u00e1n sujetos a disponibilidad en el momento de la reserva.<\/p>","protected":false},"featured_media":2255,"comment_status":"open","ping_status":"closed","template":"","meta":{"_acf_changed":false,"_joinchat":[]},"product_brand":[],"product_cat":[63],"product_tag":[],"class_list":{"0":"post-2252","1":"product","2":"type-product","3":"status-publish","4":"has-post-thumbnail","6":"product_cat-catamaranes","8":"first","9":"instock","10":"shipping-taxable","11":"purchasable","12":"product-type-simple"},"acf":[],"yoast_head":"<!-- This site is optimized with the Yoast SEO plugin v25.1 - https:\/\/yoast.com\/wordpress\/plugins\/seo\/ -->\n<title>Powercat 47&#039; - Baru Luxury Travel Plans<\/title>\n<meta name=\"robots\" content=\"index, follow, max-snippet:-1, max-image-preview:large, max-video-preview:-1\" \/>\n<link rel=\"canonical\" href=\"https:\/\/baruluxury.com\/en\/product\/powercat-47\/\" \/>\n<meta property=\"og:locale\" content=\"en_US\" \/>\n<meta property=\"og:type\" content=\"article\" \/>\n<meta property=\"og:title\" content=\"Powercat 47&#039; - Baru Luxury Travel Plans\" \/>\n<meta property=\"og:description\" content=\"Estilo, espacio y confort para una experiencia inolvidable Navega con comodidad y elegancia a bordo del Powercat 47 pies, un catamar\u00e1n dise\u00f1ado para ofrecer estabilidad, amplitud y una experiencia n\u00e1utica premium en el Caribe colombiano. Ideal para quienes buscan celebrar, relajarse o descubrir las maravillas naturales de Cartagena, Bar\u00fa y las Islas del Rosario con total privacidad y exclusividad. Caracter\u00edsticas destacadas: Capacidad para hasta 25 personas: Perfecto para grupos medianos que desean compartir un d\u00eda inolvidable en el mar.3 habitaciones y 3 ba\u00f1os: Espacios c\u00f3modos para descansar, cambiarse y disfrutar del recorrido sin preocupaciones.Flybridge y \u00e1reas lounge: Disfruta de la vista panor\u00e1mica, broncea bajo el sol o rel\u00e1jate con la brisa marina.Hielo incluido: Mant\u00e9n tus bebidas fr\u00edas durante toda la traves\u00eda.Charter privado con tripulaci\u00f3n profesional: Capit\u00e1n y dos marineros enfocados en brindarte el mejor servicio.Navegaci\u00f3n estable y segura: Gracias al dise\u00f1o de doble casco, la traves\u00eda es suave y perfecta para quienes buscan confort. Importante: Las tarifas publicadas corresponden a temporada baja y est\u00e1n sujetas a cambios seg\u00fan la temporada del a\u00f1o. Todos los servicios est\u00e1n sujetos a disponibilidad en el momento de la reserva.\" \/>\n<meta property=\"og:url\" content=\"https:\/\/baruluxury.com\/en\/product\/powercat-47\/\" \/>\n<meta property=\"og:site_name\" content=\"Baru Luxury Travel Plans\" \/>\n<meta property=\"article:modified_time\" content=\"2025-10-07T00:25:15+00:00\" \/>\n<meta property=\"og:image\" content=\"https:\/\/baruluxury.com\/wp-content\/uploads\/2025\/05\/Powercat-1-1.jpg\" \/>\n\t<meta property=\"og:image:width\" content=\"2083\" \/>\n\t<meta property=\"og:image:height\" content=\"2083\" \/>\n\t<meta property=\"og:image:type\" content=\"image\/jpeg\" \/>\n<meta name=\"twitter:card\" content=\"summary_large_image\" \/>\n<meta name=\"twitter:label1\" content=\"Est. reading time\" \/>\n\t<meta name=\"twitter:data1\" content=\"1 minute\" \/>\n<script type=\"application\/ld+json\" class=\"yoast-schema-graph\">{\"@context\":\"https:\/\/schema.org\",\"@graph\":[{\"@type\":\"WebPage\",\"@id\":\"https:\/\/baruluxury.com\/producto\/powercat-47\/\",\"url\":\"https:\/\/baruluxury.com\/producto\/powercat-47\/\",\"name\":\"Powercat 47' - Baru Luxury Travel Plans\",\"isPartOf\":{\"@id\":\"https:\/\/baruluxury.com\/#website\"},\"primaryImageOfPage\":{\"@id\":\"https:\/\/baruluxury.com\/producto\/powercat-47\/#primaryimage\"},\"image\":{\"@id\":\"https:\/\/baruluxury.com\/producto\/powercat-47\/#primaryimage\"},\"thumbnailUrl\":\"https:\/\/baruluxury.com\/wp-content\/uploads\/2025\/05\/Powercat-1-1.jpg\",\"datePublished\":\"2025-05-23T18:48:40+00:00\",\"dateModified\":\"2025-10-07T00:25:15+00:00\",\"breadcrumb\":{\"@id\":\"https:\/\/baruluxury.com\/producto\/powercat-47\/#breadcrumb\"},\"inLanguage\":\"en-US\",\"potentialAction\":[{\"@type\":\"ReadAction\",\"target\":[\"https:\/\/baruluxury.com\/producto\/powercat-47\/\"]}]},{\"@type\":\"ImageObject\",\"inLanguage\":\"en-US\",\"@id\":\"https:\/\/baruluxury.com\/producto\/powercat-47\/#primaryimage\",\"url\":\"https:\/\/baruluxury.com\/wp-content\/uploads\/2025\/05\/Powercat-1-1.jpg\",\"contentUrl\":\"https:\/\/baruluxury.com\/wp-content\/uploads\/2025\/05\/Powercat-1-1.jpg\",\"width\":2083,\"height\":2083},{\"@type\":\"BreadcrumbList\",\"@id\":\"https:\/\/baruluxury.com\/producto\/powercat-47\/#breadcrumb\",\"itemListElement\":[{\"@type\":\"ListItem\",\"position\":1,\"name\":\"Portada\",\"item\":\"https:\/\/baruluxury.com\/\"},{\"@type\":\"ListItem\",\"position\":2,\"name\":\"Productos\",\"item\":\"https:\/\/baruluxury.com\/tienda\/\"},{\"@type\":\"ListItem\",\"position\":3,\"name\":\"Powercat 47&#8242;\"}]},{\"@type\":\"WebSite\",\"@id\":\"https:\/\/baruluxury.com\/#website\",\"url\":\"https:\/\/baruluxury.com\/\",\"name\":\"Baru Luxury Travel Plans\",\"description\":\"Atr&eacute;vete a Vivir su Magia\",\"potentialAction\":[{\"@type\":\"SearchAction\",\"target\":{\"@type\":\"EntryPoint\",\"urlTemplate\":\"https:\/\/baruluxury.com\/?s={search_term_string}\"},\"query-input\":{\"@type\":\"PropertyValueSpecification\",\"valueRequired\":true,\"valueName\":\"search_term_string\"}}],\"inLanguage\":\"en-US\"}]}<\/script>\n<!-- \/ Yoast SEO plugin. -->","yoast_head_json":{"title":"Powercat 47' - Baru Luxury Travel Plans","robots":{"index":"index","follow":"follow","max-snippet":"max-snippet:-1","max-image-preview":"max-image-preview:large","max-video-preview":"max-video-preview:-1"},"canonical":"https:\/\/baruluxury.com\/en\/product\/powercat-47\/","og_locale":"en_US","og_type":"article","og_title":"Powercat 47' - Baru Luxury Travel Plans","og_description":"Estilo, espacio y confort para una experiencia inolvidable Navega con comodidad y elegancia a bordo del Powercat 47 pies, un catamar\u00e1n dise\u00f1ado para ofrecer estabilidad, amplitud y una experiencia n\u00e1utica premium en el Caribe colombiano. Ideal para quienes buscan celebrar, relajarse o descubrir las maravillas naturales de Cartagena, Bar\u00fa y las Islas del Rosario con total privacidad y exclusividad. Caracter\u00edsticas destacadas: Capacidad para hasta 25 personas: Perfecto para grupos medianos que desean compartir un d\u00eda inolvidable en el mar.3 habitaciones y 3 ba\u00f1os: Espacios c\u00f3modos para descansar, cambiarse y disfrutar del recorrido sin preocupaciones.Flybridge y \u00e1reas lounge: Disfruta de la vista panor\u00e1mica, broncea bajo el sol o rel\u00e1jate con la brisa marina.Hielo incluido: Mant\u00e9n tus bebidas fr\u00edas durante toda la traves\u00eda.Charter privado con tripulaci\u00f3n profesional: Capit\u00e1n y dos marineros enfocados en brindarte el mejor servicio.Navegaci\u00f3n estable y segura: Gracias al dise\u00f1o de doble casco, la traves\u00eda es suave y perfecta para quienes buscan confort. Importante: Las tarifas publicadas corresponden a temporada baja y est\u00e1n sujetas a cambios seg\u00fan la temporada del a\u00f1o. Todos los servicios est\u00e1n sujetos a disponibilidad en el momento de la reserva.","og_url":"https:\/\/baruluxury.com\/en\/product\/powercat-47\/","og_site_name":"Baru Luxury Travel Plans","article_modified_time":"2025-10-07T00:25:15+00:00","og_image":[{"width":2083,"height":2083,"url":"https:\/\/baruluxury.com\/wp-content\/uploads\/2025\/05\/Powercat-1-1.jpg","type":"image\/jpeg"}],"twitter_card":"summary_large_image","twitter_misc":{"Est. reading time":"1 minute"},"schema":{"@context":"https:\/\/schema.org","@graph":[{"@type":"WebPage","@id":"https:\/\/baruluxury.com\/producto\/powercat-47\/","url":"https:\/\/baruluxury.com\/producto\/powercat-47\/","name":"Powercat 47' - Baru Luxury Travel Plans","isPartOf":{"@id":"https:\/\/baruluxury.com\/#website"},"primaryImageOfPage":{"@id":"https:\/\/baruluxury.com\/producto\/powercat-47\/#primaryimage"},"image":{"@id":"https:\/\/baruluxury.com\/producto\/powercat-47\/#primaryimage"},"thumbnailUrl":"https:\/\/baruluxury.com\/wp-content\/uploads\/2025\/05\/Powercat-1-1.jpg","datePublished":"2025-05-23T18:48:40+00:00","dateModified":"2025-10-07T00:25:15+00:00","breadcrumb":{"@id":"https:\/\/baruluxury.com\/producto\/powercat-47\/#breadcrumb"},"inLanguage":"en-US","potentialAction":[{"@type":"ReadAction","target":["https:\/\/baruluxury.com\/producto\/powercat-47\/"]}]},{"@type":"ImageObject","inLanguage":"en-US","@id":"https:\/\/baruluxury.com\/producto\/powercat-47\/#primaryimage","url":"https:\/\/baruluxury.com\/wp-content\/uploads\/2025\/05\/Powercat-1-1.jpg","contentUrl":"https:\/\/baruluxury.com\/wp-content\/uploads\/2025\/05\/Powercat-1-1.jpg","width":2083,"height":2083},{"@type":"BreadcrumbList","@id":"https:\/\/baruluxury.com\/producto\/powercat-47\/#breadcrumb","itemListElement":[{"@type":"ListItem","position":1,"name":"Portada","item":"https:\/\/baruluxury.com\/"},{"@type":"ListItem","position":2,"name":"Productos","item":"https:\/\/baruluxury.com\/tienda\/"},{"@type":"ListItem","position":3,"name":"Powercat 47&#8242;"}]},{"@type":"WebSite","@id":"https:\/\/baruluxury.com\/#website","url":"https:\/\/baruluxury.com\/","name":"Baru Luxury Travel Plans","description":"Atr&eacute;vete a Vivir su Magia","potentialAction":[{"@type":"SearchAction","target":{"@type":"EntryPoint","urlTemplate":"https:\/\/baruluxury.com\/?s={search_term_string}"},"query-input":{"@type":"PropertyValueSpecification","valueRequired":true,"valueName":"search_term_string"}}],"inLanguage":"en-US"}]}},"_links":{"self":[{"href":"https:\/\/baruluxury.com\/en\/wp-json\/wp\/v2\/product\/2252","targetHints":{"allow":["GET"]}}],"collection":[{"href":"https:\/\/baruluxury.com\/en\/wp-json\/wp\/v2\/product"}],"about":[{"href":"https:\/\/baruluxury.com\/en\/wp-json\/wp\/v2\/types\/product"}],"replies":[{"embeddable":true,"href":"https:\/\/baruluxury.com\/en\/wp-json\/wp\/v2\/comments?post=2252"}],"wp:featuredmedia":[{"embeddable":true,"href":"https:\/\/baruluxury.com\/en\/wp-json\/wp\/v2\/media\/2255"}],"wp:attachment":[{"href":"https:\/\/baruluxury.com\/en\/wp-json\/wp\/v2\/media?parent=2252"}],"wp:term":[{"taxonomy":"product_brand","embeddable":true,"href":"https:\/\/baruluxury.com\/en\/wp-json\/wp\/v2\/product_brand?post=2252"},{"taxonomy":"product_cat","embeddable":true,"href":"https:\/\/baruluxury.com\/en\/wp-json\/wp\/v2\/product_cat?post=2252"},{"taxonomy":"product_tag","embeddable":true,"href":"https:\/\/baruluxury.com\/en\/wp-json\/wp\/v2\/product_tag?post=2252"}],"curies":[{"name":"wp","href":"https:\/\/api.w.org\/{rel}","templated":true}]}}