{"id":2307,"date":"2025-05-26T20:32:35","date_gmt":"2025-05-26T20:32:35","guid":{"rendered":"https:\/\/baruluxury.com\/?post_type=product&#038;p=2307"},"modified":"2025-06-05T03:43:03","modified_gmt":"2025-06-05T03:43:03","slug":"singlar-30-2","status":"publish","type":"product","link":"https:\/\/baruluxury.com\/en\/product\/singlar-30-2\/","title":{"rendered":"Singlar 30&#8242;"},"content":{"rendered":"","protected":false},"excerpt":{"rendered":"<p data-start=\"224\" data-end=\"280\"><strong data-start=\"224\" data-end=\"280\">Adrenalina, confort y estilo en el Caribe colombiano<\/strong><\/p>\n<p data-start=\"282\" data-end=\"614\">Explora las aguas turquesas de las Islas del Rosario y la Bah\u00eda de Cartagena a bordo de <em data-start=\"370\" data-end=\"383\">No Es F\u00e1cil<\/em>, una lancha deportiva de 30 pies perfecta para quienes buscan aventura con un toque de confort. Dise\u00f1ada para brindar velocidad, estilo y practicidad, es ideal para grupos peque\u00f1os que desean vivir una jornada exclusiva en el mar.<\/p>\n<p data-start=\"621\" data-end=\"654\"><strong>Caracter\u00edsticas destacadas:<\/strong><\/p>\n<p data-start=\"656\" data-end=\"1413\"><strong data-start=\"658\" data-end=\"695\">2 Motores Suzuki 115 HP 4 tiempos<\/strong> \u2013 Potencia y eficiencia para una navegaci\u00f3n \u00e1gil y segura.<br data-start=\"754\" data-end=\"757\" \/><strong data-start=\"759\" data-end=\"781\">Asoleadora central<\/strong> \u2013 El lugar perfecto para broncearte y relajarte bajo el sol caribe\u00f1o.<br data-start=\"851\" data-end=\"854\" \/><strong data-start=\"856\" data-end=\"899\">Cojiner\u00eda n\u00e1utica tipo Midnight Express<\/strong> \u2013 Estilo deportivo con la m\u00e1xima comodidad.<br data-start=\"943\" data-end=\"946\" \/><strong data-start=\"948\" data-end=\"975\">Carpa deportiva de lona<\/strong> \u2013 Sombra disponible cuando el sol est\u00e9 en su punto m\u00e1s alto.<br data-start=\"1036\" data-end=\"1039\" \/><strong data-start=\"1041\" data-end=\"1070\">Bodegas de almacenamiento<\/strong> \u2013 Guarda tus pertenencias personales de forma segura.<br data-start=\"1124\" data-end=\"1127\" \/><strong data-start=\"1129\" data-end=\"1175\">Sistema de sonido JBL Marino con Bluetooth<\/strong> \u2013 Con\u00e9ctate y pon la m\u00fasica que marcar\u00e1 tu d\u00eda en el mar.<br data-start=\"1233\" data-end=\"1236\" data-is-only-node=\"\" \/><strong data-start=\"1238\" data-end=\"1265\">Cava con hielo incluida<\/strong> \u2013 Mant\u00e9n tus bebidas siempre fr\u00edas durante el recorrido.<br data-start=\"1322\" data-end=\"1325\" \/><strong data-start=\"1327\" data-end=\"1356\">Capacidad para 8 personas<\/strong> \u2013 Perfecta para grupos peque\u00f1os que buscan exclusividad.<\/p>\n<p data-start=\"656\" data-end=\"1413\">\n<p data-start=\"656\" data-end=\"1413\"><strong data-start=\"78\" data-end=\"93\">Importante:<\/strong> Las tarifas publicadas corresponden a temporada baja y est\u00e1n sujetas a cambios seg\u00fan la temporada del a\u00f1o. Todos los servicios est\u00e1n sujetos a disponibilidad en el momento de la reserva.<\/p>","protected":false},"featured_media":2309,"comment_status":"open","ping_status":"closed","template":"","meta":{"_acf_changed":false,"_joinchat":[]},"product_brand":[],"product_cat":[62],"product_tag":[],"class_list":{"0":"post-2307","1":"product","2":"type-product","3":"status-publish","4":"has-post-thumbnail","6":"product_cat-botes","8":"first","9":"instock","10":"shipping-taxable","11":"purchasable","12":"product-type-simple"},"acf":[],"yoast_head":"<!-- This site is optimized with the Yoast SEO plugin v25.1 - https:\/\/yoast.com\/wordpress\/plugins\/seo\/ -->\n<title>Singlar 30&#039; - Baru Luxury Travel Plans<\/title>\n<meta name=\"robots\" content=\"index, follow, max-snippet:-1, max-image-preview:large, max-video-preview:-1\" \/>\n<link rel=\"canonical\" href=\"https:\/\/baruluxury.com\/en\/product\/singlar-30-2\/\" \/>\n<meta property=\"og:locale\" content=\"en_US\" \/>\n<meta property=\"og:type\" content=\"article\" \/>\n<meta property=\"og:title\" content=\"Singlar 30&#039; - Baru Luxury Travel Plans\" \/>\n<meta property=\"og:description\" content=\"Adrenalina, confort y estilo en el Caribe colombiano Explora las aguas turquesas de las Islas del Rosario y la Bah\u00eda de Cartagena a bordo de No Es F\u00e1cil, una lancha deportiva de 30 pies perfecta para quienes buscan aventura con un toque de confort. Dise\u00f1ada para brindar velocidad, estilo y practicidad, es ideal para grupos peque\u00f1os que desean vivir una jornada exclusiva en el mar. Caracter\u00edsticas destacadas: 2 Motores Suzuki 115 HP 4 tiempos \u2013 Potencia y eficiencia para una navegaci\u00f3n \u00e1gil y segura.Asoleadora central \u2013 El lugar perfecto para broncearte y relajarte bajo el sol caribe\u00f1o.Cojiner\u00eda n\u00e1utica tipo Midnight Express \u2013 Estilo deportivo con la m\u00e1xima comodidad.Carpa deportiva de lona \u2013 Sombra disponible cuando el sol est\u00e9 en su punto m\u00e1s alto.Bodegas de almacenamiento \u2013 Guarda tus pertenencias personales de forma segura.Sistema de sonido JBL Marino con Bluetooth \u2013 Con\u00e9ctate y pon la m\u00fasica que marcar\u00e1 tu d\u00eda en el mar.Cava con hielo incluida \u2013 Mant\u00e9n tus bebidas siempre fr\u00edas durante el recorrido.Capacidad para 8 personas \u2013 Perfecta para grupos peque\u00f1os que buscan exclusividad.  Importante: Las tarifas publicadas corresponden a temporada baja y est\u00e1n sujetas a cambios seg\u00fan la temporada del a\u00f1o. Todos los servicios est\u00e1n sujetos a disponibilidad en el momento de la reserva.\" \/>\n<meta property=\"og:url\" content=\"https:\/\/baruluxury.com\/en\/product\/singlar-30-2\/\" \/>\n<meta property=\"og:site_name\" content=\"Baru Luxury Travel Plans\" \/>\n<meta property=\"article:modified_time\" content=\"2025-06-05T03:43:03+00:00\" \/>\n<meta property=\"og:image\" content=\"https:\/\/baruluxury.com\/wp-content\/uploads\/2025\/05\/Lancha-No-es-facil-1.jpg\" \/>\n\t<meta property=\"og:image:width\" content=\"2083\" \/>\n\t<meta property=\"og:image:height\" content=\"2083\" \/>\n\t<meta property=\"og:image:type\" content=\"image\/jpeg\" \/>\n<meta name=\"twitter:card\" content=\"summary_large_image\" \/>\n<meta name=\"twitter:label1\" content=\"Est. reading time\" \/>\n\t<meta name=\"twitter:data1\" content=\"1 minute\" \/>\n<script type=\"application\/ld+json\" class=\"yoast-schema-graph\">{\"@context\":\"https:\/\/schema.org\",\"@graph\":[{\"@type\":\"WebPage\",\"@id\":\"https:\/\/baruluxury.com\/producto\/singlar-30-2\/\",\"url\":\"https:\/\/baruluxury.com\/producto\/singlar-30-2\/\",\"name\":\"Singlar 30' - Baru Luxury Travel Plans\",\"isPartOf\":{\"@id\":\"https:\/\/baruluxury.com\/#website\"},\"primaryImageOfPage\":{\"@id\":\"https:\/\/baruluxury.com\/producto\/singlar-30-2\/#primaryimage\"},\"image\":{\"@id\":\"https:\/\/baruluxury.com\/producto\/singlar-30-2\/#primaryimage\"},\"thumbnailUrl\":\"https:\/\/baruluxury.com\/wp-content\/uploads\/2025\/05\/Lancha-No-es-facil-1.jpg\",\"datePublished\":\"2025-05-26T20:32:35+00:00\",\"dateModified\":\"2025-06-05T03:43:03+00:00\",\"breadcrumb\":{\"@id\":\"https:\/\/baruluxury.com\/producto\/singlar-30-2\/#breadcrumb\"},\"inLanguage\":\"en-US\",\"potentialAction\":[{\"@type\":\"ReadAction\",\"target\":[\"https:\/\/baruluxury.com\/producto\/singlar-30-2\/\"]}]},{\"@type\":\"ImageObject\",\"inLanguage\":\"en-US\",\"@id\":\"https:\/\/baruluxury.com\/producto\/singlar-30-2\/#primaryimage\",\"url\":\"https:\/\/baruluxury.com\/wp-content\/uploads\/2025\/05\/Lancha-No-es-facil-1.jpg\",\"contentUrl\":\"https:\/\/baruluxury.com\/wp-content\/uploads\/2025\/05\/Lancha-No-es-facil-1.jpg\",\"width\":2083,\"height\":2083},{\"@type\":\"BreadcrumbList\",\"@id\":\"https:\/\/baruluxury.com\/producto\/singlar-30-2\/#breadcrumb\",\"itemListElement\":[{\"@type\":\"ListItem\",\"position\":1,\"name\":\"Portada\",\"item\":\"https:\/\/baruluxury.com\/\"},{\"@type\":\"ListItem\",\"position\":2,\"name\":\"Productos\",\"item\":\"https:\/\/baruluxury.com\/tienda\/\"},{\"@type\":\"ListItem\",\"position\":3,\"name\":\"Singlar 30&#8242;\"}]},{\"@type\":\"WebSite\",\"@id\":\"https:\/\/baruluxury.com\/#website\",\"url\":\"https:\/\/baruluxury.com\/\",\"name\":\"Baru Luxury Travel Plans\",\"description\":\"Atr&eacute;vete a Vivir su Magia\",\"potentialAction\":[{\"@type\":\"SearchAction\",\"target\":{\"@type\":\"EntryPoint\",\"urlTemplate\":\"https:\/\/baruluxury.com\/?s={search_term_string}\"},\"query-input\":{\"@type\":\"PropertyValueSpecification\",\"valueRequired\":true,\"valueName\":\"search_term_string\"}}],\"inLanguage\":\"en-US\"}]}<\/script>\n<!-- \/ Yoast SEO plugin. -->","yoast_head_json":{"title":"Singlar 30' - Baru Luxury Travel Plans","robots":{"index":"index","follow":"follow","max-snippet":"max-snippet:-1","max-image-preview":"max-image-preview:large","max-video-preview":"max-video-preview:-1"},"canonical":"https:\/\/baruluxury.com\/en\/product\/singlar-30-2\/","og_locale":"en_US","og_type":"article","og_title":"Singlar 30' - Baru Luxury Travel Plans","og_description":"Adrenalina, confort y estilo en el Caribe colombiano Explora las aguas turquesas de las Islas del Rosario y la Bah\u00eda de Cartagena a bordo de No Es F\u00e1cil, una lancha deportiva de 30 pies perfecta para quienes buscan aventura con un toque de confort. Dise\u00f1ada para brindar velocidad, estilo y practicidad, es ideal para grupos peque\u00f1os que desean vivir una jornada exclusiva en el mar. Caracter\u00edsticas destacadas: 2 Motores Suzuki 115 HP 4 tiempos \u2013 Potencia y eficiencia para una navegaci\u00f3n \u00e1gil y segura.Asoleadora central \u2013 El lugar perfecto para broncearte y relajarte bajo el sol caribe\u00f1o.Cojiner\u00eda n\u00e1utica tipo Midnight Express \u2013 Estilo deportivo con la m\u00e1xima comodidad.Carpa deportiva de lona \u2013 Sombra disponible cuando el sol est\u00e9 en su punto m\u00e1s alto.Bodegas de almacenamiento \u2013 Guarda tus pertenencias personales de forma segura.Sistema de sonido JBL Marino con Bluetooth \u2013 Con\u00e9ctate y pon la m\u00fasica que marcar\u00e1 tu d\u00eda en el mar.Cava con hielo incluida \u2013 Mant\u00e9n tus bebidas siempre fr\u00edas durante el recorrido.Capacidad para 8 personas \u2013 Perfecta para grupos peque\u00f1os que buscan exclusividad.  Importante: Las tarifas publicadas corresponden a temporada baja y est\u00e1n sujetas a cambios seg\u00fan la temporada del a\u00f1o. Todos los servicios est\u00e1n sujetos a disponibilidad en el momento de la reserva.","og_url":"https:\/\/baruluxury.com\/en\/product\/singlar-30-2\/","og_site_name":"Baru Luxury Travel Plans","article_modified_time":"2025-06-05T03:43:03+00:00","og_image":[{"width":2083,"height":2083,"url":"https:\/\/baruluxury.com\/wp-content\/uploads\/2025\/05\/Lancha-No-es-facil-1.jpg","type":"image\/jpeg"}],"twitter_card":"summary_large_image","twitter_misc":{"Est. reading time":"1 minute"},"schema":{"@context":"https:\/\/schema.org","@graph":[{"@type":"WebPage","@id":"https:\/\/baruluxury.com\/producto\/singlar-30-2\/","url":"https:\/\/baruluxury.com\/producto\/singlar-30-2\/","name":"Singlar 30' - Baru Luxury Travel Plans","isPartOf":{"@id":"https:\/\/baruluxury.com\/#website"},"primaryImageOfPage":{"@id":"https:\/\/baruluxury.com\/producto\/singlar-30-2\/#primaryimage"},"image":{"@id":"https:\/\/baruluxury.com\/producto\/singlar-30-2\/#primaryimage"},"thumbnailUrl":"https:\/\/baruluxury.com\/wp-content\/uploads\/2025\/05\/Lancha-No-es-facil-1.jpg","datePublished":"2025-05-26T20:32:35+00:00","dateModified":"2025-06-05T03:43:03+00:00","breadcrumb":{"@id":"https:\/\/baruluxury.com\/producto\/singlar-30-2\/#breadcrumb"},"inLanguage":"en-US","potentialAction":[{"@type":"ReadAction","target":["https:\/\/baruluxury.com\/producto\/singlar-30-2\/"]}]},{"@type":"ImageObject","inLanguage":"en-US","@id":"https:\/\/baruluxury.com\/producto\/singlar-30-2\/#primaryimage","url":"https:\/\/baruluxury.com\/wp-content\/uploads\/2025\/05\/Lancha-No-es-facil-1.jpg","contentUrl":"https:\/\/baruluxury.com\/wp-content\/uploads\/2025\/05\/Lancha-No-es-facil-1.jpg","width":2083,"height":2083},{"@type":"BreadcrumbList","@id":"https:\/\/baruluxury.com\/producto\/singlar-30-2\/#breadcrumb","itemListElement":[{"@type":"ListItem","position":1,"name":"Portada","item":"https:\/\/baruluxury.com\/"},{"@type":"ListItem","position":2,"name":"Productos","item":"https:\/\/baruluxury.com\/tienda\/"},{"@type":"ListItem","position":3,"name":"Singlar 30&#8242;"}]},{"@type":"WebSite","@id":"https:\/\/baruluxury.com\/#website","url":"https:\/\/baruluxury.com\/","name":"Baru Luxury Travel Plans","description":"Atr&eacute;vete a Vivir su Magia","potentialAction":[{"@type":"SearchAction","target":{"@type":"EntryPoint","urlTemplate":"https:\/\/baruluxury.com\/?s={search_term_string}"},"query-input":{"@type":"PropertyValueSpecification","valueRequired":true,"valueName":"search_term_string"}}],"inLanguage":"en-US"}]}},"_links":{"self":[{"href":"https:\/\/baruluxury.com\/en\/wp-json\/wp\/v2\/product\/2307","targetHints":{"allow":["GET"]}}],"collection":[{"href":"https:\/\/baruluxury.com\/en\/wp-json\/wp\/v2\/product"}],"about":[{"href":"https:\/\/baruluxury.com\/en\/wp-json\/wp\/v2\/types\/product"}],"replies":[{"embeddable":true,"href":"https:\/\/baruluxury.com\/en\/wp-json\/wp\/v2\/comments?post=2307"}],"wp:featuredmedia":[{"embeddable":true,"href":"https:\/\/baruluxury.com\/en\/wp-json\/wp\/v2\/media\/2309"}],"wp:attachment":[{"href":"https:\/\/baruluxury.com\/en\/wp-json\/wp\/v2\/media?parent=2307"}],"wp:term":[{"taxonomy":"product_brand","embeddable":true,"href":"https:\/\/baruluxury.com\/en\/wp-json\/wp\/v2\/product_brand?post=2307"},{"taxonomy":"product_cat","embeddable":true,"href":"https:\/\/baruluxury.com\/en\/wp-json\/wp\/v2\/product_cat?post=2307"},{"taxonomy":"product_tag","embeddable":true,"href":"https:\/\/baruluxury.com\/en\/wp-json\/wp\/v2\/product_tag?post=2307"}],"curies":[{"name":"wp","href":"https:\/\/api.w.org\/{rel}","templated":true}]}}