{"id":2356,"date":"2025-05-28T20:15:28","date_gmt":"2025-05-28T20:15:28","guid":{"rendered":"https:\/\/baruluxury.com\/?post_type=product&#038;p=2356"},"modified":"2025-06-05T03:38:50","modified_gmt":"2025-06-05T03:38:50","slug":"sea-ray-45","status":"publish","type":"product","link":"https:\/\/baruluxury.com\/en\/product\/sea-ray-45\/","title":{"rendered":"Sea Ray 45&#8242;"},"content":{"rendered":"","protected":false},"excerpt":{"rendered":"<p><strong>Lujo, tecnolog\u00eda y confort en altamar<\/strong><\/p>\n<p>Descubre el placer de navegar con estilo a bordo del Sea Ray 45\u2019, un yate que combina elegancia, entretenimiento de primera y espacios dise\u00f1ados para el m\u00e1ximo confort. Perfecto para recorrer las Islas del Rosario o disfrutar de un atardecer en la Bah\u00eda de Cartagena, esta embarcaci\u00f3n est\u00e1 pensada para quienes buscan una experiencia premium en el mar Caribe.<\/p>\n<p>&nbsp;<\/p>\n<p>Con capacidad ideal para grupos que valoran la comodidad, este yate es perfecto para escapadas familiares, celebraciones especiales o un d\u00eda relajado entre amigos.<\/p>\n<p><strong>\u00a0<\/strong><\/p>\n<p><strong>Caracter\u00edsticas exclusivas:<\/strong><\/p>\n<ul>\n<li><strong>3 camarotes privados con TV y Direct TV:<\/strong> Descansa o rel\u00e1jate en ambientes \u00edntimos y totalmente equipados.<\/li>\n<li><strong>2 ba\u00f1os completos:<\/strong> Comodidad garantizada para todos a bordo.<\/li>\n<li><strong>Cocina completamente equipada<\/strong>: Prepara tus platos favoritos mientras navegas hacia el para\u00edso.<\/li>\n<li><strong>Sal\u00f3n con TV, Blue Ray, Xbox y sistema de sonido premium:<\/strong> Entretenimiento garantizado en cada rinc\u00f3n del yate.<\/li>\n<li><strong>Asoleadoras en proa:<\/strong> Toma el sol y disfruta del paisaje con total comodidad.<\/li>\n<li><strong>Wet bar a bordo:<\/strong> Sirve c\u00f3cteles o bebidas fr\u00edas sin perder la vista del mar.<\/li>\n<li><strong>Equipos de navegaci\u00f3n de \u00faltima generaci\u00f3n:<\/strong> Seguridad y precisi\u00f3n para una traves\u00eda tranquila.<\/li>\n<li><strong style=\"font-family: -apple-system, BlinkMacSystemFont, 'Segoe UI', Roboto, 'Helvetica Neue', Arial, 'Noto Sans', sans-serif, 'Apple Color Emoji', 'Segoe UI Emoji', 'Segoe UI Symbol', 'Noto Color Emoji';\">Bote auxiliar incluido:<\/strong><span style=\"font-family: -apple-system, BlinkMacSystemFont, 'Segoe UI', Roboto, 'Helvetica Neue', Arial, 'Noto Sans', sans-serif, 'Apple Color Emoji', 'Segoe UI Emoji', 'Segoe UI Symbol', 'Noto Color Emoji';\"> Ideal para explorar playas privadas o desembarcar con facilidad.<\/span><\/li>\n<\/ul>\n<p>&nbsp;<\/p>\n<p><strong data-start=\"78\" data-end=\"93\">Importante:<\/strong> Las tarifas publicadas corresponden a temporada baja y est\u00e1n sujetas a cambios seg\u00fan la temporada del a\u00f1o. Todos los servicios est\u00e1n sujetos a disponibilidad en el momento de la reserva.<\/p>","protected":false},"featured_media":2358,"comment_status":"open","ping_status":"closed","template":"","meta":{"_acf_changed":false,"_joinchat":[]},"product_brand":[],"product_cat":[59],"product_tag":[],"class_list":{"0":"post-2356","1":"product","2":"type-product","3":"status-publish","4":"has-post-thumbnail","6":"product_cat-yates","8":"first","9":"instock","10":"shipping-taxable","11":"purchasable","12":"product-type-simple"},"acf":[],"yoast_head":"<!-- This site is optimized with the Yoast SEO plugin v25.1 - https:\/\/yoast.com\/wordpress\/plugins\/seo\/ -->\n<title>Sea Ray 45&#039; - Baru Luxury Travel Plans<\/title>\n<meta name=\"robots\" content=\"index, follow, max-snippet:-1, max-image-preview:large, max-video-preview:-1\" \/>\n<link rel=\"canonical\" href=\"https:\/\/baruluxury.com\/en\/product\/sea-ray-45\/\" \/>\n<meta property=\"og:locale\" content=\"en_US\" \/>\n<meta property=\"og:type\" content=\"article\" \/>\n<meta property=\"og:title\" content=\"Sea Ray 45&#039; - Baru Luxury Travel Plans\" \/>\n<meta property=\"og:description\" content=\"Lujo, tecnolog\u00eda y confort en altamar  Descubre el placer de navegar con estilo a bordo del Sea Ray 45\u2019, un yate que combina elegancia, entretenimiento de primera y espacios dise\u00f1ados para el m\u00e1ximo confort. Perfecto para recorrer las Islas del Rosario o disfrutar de un atardecer en la Bah\u00eda de Cartagena, esta embarcaci\u00f3n est\u00e1 pensada para quienes buscan una experiencia premium en el mar Caribe.  &nbsp;  Con capacidad ideal para grupos que valoran la comodidad, este yate es perfecto para escapadas familiares, celebraciones especiales o un d\u00eda relajado entre amigos.  \u00a0  Caracter\u00edsticas exclusivas:   3 camarotes privados con TV y Direct TV: Descansa o rel\u00e1jate en ambientes \u00edntimos y totalmente equipados.  2 ba\u00f1os completos: Comodidad garantizada para todos a bordo.  Cocina completamente equipada: Prepara tus platos favoritos mientras navegas hacia el para\u00edso.  Sal\u00f3n con TV, Blue Ray, Xbox y sistema de sonido premium: Entretenimiento garantizado en cada rinc\u00f3n del yate.  Asoleadoras en proa: Toma el sol y disfruta del paisaje con total comodidad.  Wet bar a bordo: Sirve c\u00f3cteles o bebidas fr\u00edas sin perder la vista del mar.  Equipos de navegaci\u00f3n de \u00faltima generaci\u00f3n: Seguridad y precisi\u00f3n para una traves\u00eda tranquila.  Bote auxiliar incluido: Ideal para explorar playas privadas o desembarcar con facilidad.  &nbsp;  Importante: Las tarifas publicadas corresponden a temporada baja y est\u00e1n sujetas a cambios seg\u00fan la temporada del a\u00f1o. Todos los servicios est\u00e1n sujetos a disponibilidad en el momento de la reserva.\" \/>\n<meta property=\"og:url\" content=\"https:\/\/baruluxury.com\/en\/product\/sea-ray-45\/\" \/>\n<meta property=\"og:site_name\" content=\"Baru Luxury Travel Plans\" \/>\n<meta property=\"article:modified_time\" content=\"2025-06-05T03:38:50+00:00\" \/>\n<meta property=\"og:image\" content=\"https:\/\/baruluxury.com\/wp-content\/uploads\/2025\/05\/Sea-Ray-45-1.jpg\" \/>\n\t<meta property=\"og:image:width\" content=\"2083\" \/>\n\t<meta property=\"og:image:height\" content=\"2083\" \/>\n\t<meta property=\"og:image:type\" content=\"image\/jpeg\" \/>\n<meta name=\"twitter:card\" content=\"summary_large_image\" \/>\n<meta name=\"twitter:label1\" content=\"Est. reading time\" \/>\n\t<meta name=\"twitter:data1\" content=\"1 minute\" \/>\n<script type=\"application\/ld+json\" class=\"yoast-schema-graph\">{\"@context\":\"https:\/\/schema.org\",\"@graph\":[{\"@type\":\"WebPage\",\"@id\":\"https:\/\/baruluxury.com\/producto\/sea-ray-45\/\",\"url\":\"https:\/\/baruluxury.com\/producto\/sea-ray-45\/\",\"name\":\"Sea Ray 45' - Baru Luxury Travel Plans\",\"isPartOf\":{\"@id\":\"https:\/\/baruluxury.com\/#website\"},\"primaryImageOfPage\":{\"@id\":\"https:\/\/baruluxury.com\/producto\/sea-ray-45\/#primaryimage\"},\"image\":{\"@id\":\"https:\/\/baruluxury.com\/producto\/sea-ray-45\/#primaryimage\"},\"thumbnailUrl\":\"https:\/\/baruluxury.com\/wp-content\/uploads\/2025\/05\/Sea-Ray-45-1.jpg\",\"datePublished\":\"2025-05-28T20:15:28+00:00\",\"dateModified\":\"2025-06-05T03:38:50+00:00\",\"breadcrumb\":{\"@id\":\"https:\/\/baruluxury.com\/producto\/sea-ray-45\/#breadcrumb\"},\"inLanguage\":\"en-US\",\"potentialAction\":[{\"@type\":\"ReadAction\",\"target\":[\"https:\/\/baruluxury.com\/producto\/sea-ray-45\/\"]}]},{\"@type\":\"ImageObject\",\"inLanguage\":\"en-US\",\"@id\":\"https:\/\/baruluxury.com\/producto\/sea-ray-45\/#primaryimage\",\"url\":\"https:\/\/baruluxury.com\/wp-content\/uploads\/2025\/05\/Sea-Ray-45-1.jpg\",\"contentUrl\":\"https:\/\/baruluxury.com\/wp-content\/uploads\/2025\/05\/Sea-Ray-45-1.jpg\",\"width\":2083,\"height\":2083},{\"@type\":\"BreadcrumbList\",\"@id\":\"https:\/\/baruluxury.com\/producto\/sea-ray-45\/#breadcrumb\",\"itemListElement\":[{\"@type\":\"ListItem\",\"position\":1,\"name\":\"Portada\",\"item\":\"https:\/\/baruluxury.com\/\"},{\"@type\":\"ListItem\",\"position\":2,\"name\":\"Productos\",\"item\":\"https:\/\/baruluxury.com\/tienda\/\"},{\"@type\":\"ListItem\",\"position\":3,\"name\":\"Sea Ray 45&#8242;\"}]},{\"@type\":\"WebSite\",\"@id\":\"https:\/\/baruluxury.com\/#website\",\"url\":\"https:\/\/baruluxury.com\/\",\"name\":\"Baru Luxury Travel Plans\",\"description\":\"Atr&eacute;vete a Vivir su Magia\",\"potentialAction\":[{\"@type\":\"SearchAction\",\"target\":{\"@type\":\"EntryPoint\",\"urlTemplate\":\"https:\/\/baruluxury.com\/?s={search_term_string}\"},\"query-input\":{\"@type\":\"PropertyValueSpecification\",\"valueRequired\":true,\"valueName\":\"search_term_string\"}}],\"inLanguage\":\"en-US\"}]}<\/script>\n<!-- \/ Yoast SEO plugin. -->","yoast_head_json":{"title":"Sea Ray 45' - Baru Luxury Travel Plans","robots":{"index":"index","follow":"follow","max-snippet":"max-snippet:-1","max-image-preview":"max-image-preview:large","max-video-preview":"max-video-preview:-1"},"canonical":"https:\/\/baruluxury.com\/en\/product\/sea-ray-45\/","og_locale":"en_US","og_type":"article","og_title":"Sea Ray 45' - Baru Luxury Travel Plans","og_description":"Lujo, tecnolog\u00eda y confort en altamar  Descubre el placer de navegar con estilo a bordo del Sea Ray 45\u2019, un yate que combina elegancia, entretenimiento de primera y espacios dise\u00f1ados para el m\u00e1ximo confort. Perfecto para recorrer las Islas del Rosario o disfrutar de un atardecer en la Bah\u00eda de Cartagena, esta embarcaci\u00f3n est\u00e1 pensada para quienes buscan una experiencia premium en el mar Caribe.  &nbsp;  Con capacidad ideal para grupos que valoran la comodidad, este yate es perfecto para escapadas familiares, celebraciones especiales o un d\u00eda relajado entre amigos.  \u00a0  Caracter\u00edsticas exclusivas:   3 camarotes privados con TV y Direct TV: Descansa o rel\u00e1jate en ambientes \u00edntimos y totalmente equipados.  2 ba\u00f1os completos: Comodidad garantizada para todos a bordo.  Cocina completamente equipada: Prepara tus platos favoritos mientras navegas hacia el para\u00edso.  Sal\u00f3n con TV, Blue Ray, Xbox y sistema de sonido premium: Entretenimiento garantizado en cada rinc\u00f3n del yate.  Asoleadoras en proa: Toma el sol y disfruta del paisaje con total comodidad.  Wet bar a bordo: Sirve c\u00f3cteles o bebidas fr\u00edas sin perder la vista del mar.  Equipos de navegaci\u00f3n de \u00faltima generaci\u00f3n: Seguridad y precisi\u00f3n para una traves\u00eda tranquila.  Bote auxiliar incluido: Ideal para explorar playas privadas o desembarcar con facilidad.  &nbsp;  Importante: Las tarifas publicadas corresponden a temporada baja y est\u00e1n sujetas a cambios seg\u00fan la temporada del a\u00f1o. Todos los servicios est\u00e1n sujetos a disponibilidad en el momento de la reserva.","og_url":"https:\/\/baruluxury.com\/en\/product\/sea-ray-45\/","og_site_name":"Baru Luxury Travel Plans","article_modified_time":"2025-06-05T03:38:50+00:00","og_image":[{"width":2083,"height":2083,"url":"https:\/\/baruluxury.com\/wp-content\/uploads\/2025\/05\/Sea-Ray-45-1.jpg","type":"image\/jpeg"}],"twitter_card":"summary_large_image","twitter_misc":{"Est. reading time":"1 minute"},"schema":{"@context":"https:\/\/schema.org","@graph":[{"@type":"WebPage","@id":"https:\/\/baruluxury.com\/producto\/sea-ray-45\/","url":"https:\/\/baruluxury.com\/producto\/sea-ray-45\/","name":"Sea Ray 45' - Baru Luxury Travel Plans","isPartOf":{"@id":"https:\/\/baruluxury.com\/#website"},"primaryImageOfPage":{"@id":"https:\/\/baruluxury.com\/producto\/sea-ray-45\/#primaryimage"},"image":{"@id":"https:\/\/baruluxury.com\/producto\/sea-ray-45\/#primaryimage"},"thumbnailUrl":"https:\/\/baruluxury.com\/wp-content\/uploads\/2025\/05\/Sea-Ray-45-1.jpg","datePublished":"2025-05-28T20:15:28+00:00","dateModified":"2025-06-05T03:38:50+00:00","breadcrumb":{"@id":"https:\/\/baruluxury.com\/producto\/sea-ray-45\/#breadcrumb"},"inLanguage":"en-US","potentialAction":[{"@type":"ReadAction","target":["https:\/\/baruluxury.com\/producto\/sea-ray-45\/"]}]},{"@type":"ImageObject","inLanguage":"en-US","@id":"https:\/\/baruluxury.com\/producto\/sea-ray-45\/#primaryimage","url":"https:\/\/baruluxury.com\/wp-content\/uploads\/2025\/05\/Sea-Ray-45-1.jpg","contentUrl":"https:\/\/baruluxury.com\/wp-content\/uploads\/2025\/05\/Sea-Ray-45-1.jpg","width":2083,"height":2083},{"@type":"BreadcrumbList","@id":"https:\/\/baruluxury.com\/producto\/sea-ray-45\/#breadcrumb","itemListElement":[{"@type":"ListItem","position":1,"name":"Portada","item":"https:\/\/baruluxury.com\/"},{"@type":"ListItem","position":2,"name":"Productos","item":"https:\/\/baruluxury.com\/tienda\/"},{"@type":"ListItem","position":3,"name":"Sea Ray 45&#8242;"}]},{"@type":"WebSite","@id":"https:\/\/baruluxury.com\/#website","url":"https:\/\/baruluxury.com\/","name":"Baru Luxury Travel Plans","description":"Atr&eacute;vete a Vivir su Magia","potentialAction":[{"@type":"SearchAction","target":{"@type":"EntryPoint","urlTemplate":"https:\/\/baruluxury.com\/?s={search_term_string}"},"query-input":{"@type":"PropertyValueSpecification","valueRequired":true,"valueName":"search_term_string"}}],"inLanguage":"en-US"}]}},"_links":{"self":[{"href":"https:\/\/baruluxury.com\/en\/wp-json\/wp\/v2\/product\/2356","targetHints":{"allow":["GET"]}}],"collection":[{"href":"https:\/\/baruluxury.com\/en\/wp-json\/wp\/v2\/product"}],"about":[{"href":"https:\/\/baruluxury.com\/en\/wp-json\/wp\/v2\/types\/product"}],"replies":[{"embeddable":true,"href":"https:\/\/baruluxury.com\/en\/wp-json\/wp\/v2\/comments?post=2356"}],"wp:featuredmedia":[{"embeddable":true,"href":"https:\/\/baruluxury.com\/en\/wp-json\/wp\/v2\/media\/2358"}],"wp:attachment":[{"href":"https:\/\/baruluxury.com\/en\/wp-json\/wp\/v2\/media?parent=2356"}],"wp:term":[{"taxonomy":"product_brand","embeddable":true,"href":"https:\/\/baruluxury.com\/en\/wp-json\/wp\/v2\/product_brand?post=2356"},{"taxonomy":"product_cat","embeddable":true,"href":"https:\/\/baruluxury.com\/en\/wp-json\/wp\/v2\/product_cat?post=2356"},{"taxonomy":"product_tag","embeddable":true,"href":"https:\/\/baruluxury.com\/en\/wp-json\/wp\/v2\/product_tag?post=2356"}],"curies":[{"name":"wp","href":"https:\/\/api.w.org\/{rel}","templated":true}]}}