{"id":2489,"date":"2025-07-11T21:01:09","date_gmt":"2025-07-11T21:01:09","guid":{"rendered":"https:\/\/baruluxury.com\/?post_type=product&#038;p=2489"},"modified":"2025-07-11T21:11:58","modified_gmt":"2025-07-11T21:11:58","slug":"todomar-41","status":"publish","type":"product","link":"https:\/\/baruluxury.com\/en\/product\/todomar-41\/","title":{"rendered":"Todomar 41&#8242;"},"content":{"rendered":"","protected":false},"excerpt":{"rendered":"<h3 data-start=\"191\" data-end=\"224\"><strong data-start=\"198\" data-end=\"224\">Todomar 42&#8242; \u2013 Ruby Sky navega con estilo y confort<\/strong><\/h3>\n<p data-start=\"226\" data-end=\"405\">Una embarcaci\u00f3n potente, elegante y dise\u00f1ada para ofrecer comodidad y estilo en altamar. Ideal para grupos grandes que buscan disfrutar de las Islas del Rosario con total confort.<\/p>\n<p data-start=\"407\" data-end=\"438\"><strong data-start=\"407\" data-end=\"438\">Caracter\u00edsticas destacadas:<\/strong><\/p>\n<ul data-start=\"440\" data-end=\"1230\">\n<li data-start=\"440\" data-end=\"478\">\n<p data-start=\"442\" data-end=\"478\"><strong data-start=\"445\" data-end=\"456\">Length:<\/strong> 42 pies de longitud<\/p>\n<\/li>\n<li data-start=\"479\" data-end=\"535\">\n<p data-start=\"481\" data-end=\"535\"><strong data-start=\"484\" data-end=\"498\">Capacity:<\/strong> Hasta 20 pasajeros + 2 tripulantes<\/p>\n<\/li>\n<li data-start=\"536\" data-end=\"607\">\n<p data-start=\"538\" data-end=\"607\"><strong data-start=\"541\" data-end=\"553\">Engines:<\/strong> Triple Mercury 300 HP (alta potencia y rendimiento)<\/p>\n<\/li>\n<li data-start=\"608\" data-end=\"659\">\n<p data-start=\"610\" data-end=\"659\"><strong data-start=\"614\" data-end=\"635\">Cojiner\u00eda de lujo<\/strong> para m\u00e1xima comodidad<\/p>\n<\/li>\n<li data-start=\"660\" data-end=\"719\">\n<p data-start=\"662\" data-end=\"719\"><strong data-start=\"665\" data-end=\"688\">Asoleadoras en proa<\/strong>, perfectas para tomar el sol<\/p>\n<\/li>\n<li data-start=\"720\" data-end=\"807\">\n<p data-start=\"722\" data-end=\"807\"><strong data-start=\"726\" data-end=\"748\">Mesas desmontables<\/strong> en proa y popa, ideales para compartir comidas o bebidas<\/p>\n<\/li>\n<li data-start=\"808\" data-end=\"855\">\n<p data-start=\"810\" data-end=\"855\"><strong data-start=\"813\" data-end=\"829\">Ba\u00f1o a bordo<\/strong> con ducha de agua dulce<\/p>\n<\/li>\n<li data-start=\"856\" data-end=\"923\">\n<p data-start=\"858\" data-end=\"923\"><strong data-start=\"861\" data-end=\"881\">Nevera integrada<\/strong> para mantener bebidas y alimentos fr\u00edos<\/p>\n<\/li>\n<li data-start=\"924\" data-end=\"984\">\n<p data-start=\"926\" data-end=\"984\"><strong data-start=\"929\" data-end=\"959\">Sistema de sonido JL Audio<\/strong> con conexi\u00f3n Bluetooth<\/p>\n<\/li>\n<li data-start=\"985\" data-end=\"1058\">\n<p data-start=\"987\" data-end=\"1058\"><strong data-start=\"990\" data-end=\"1027\">Puerta y escalera lateral (babor)<\/strong> para un acceso c\u00f3modo al mar<\/p>\n<\/li>\n<li data-start=\"1059\" data-end=\"1149\">\n<p data-start=\"1061\" data-end=\"1149\"><strong data-start=\"1067\" data-end=\"1112\">Capit\u00e1n y ayudante con licencias vigentes<\/strong> y amplia experiencia en navegaci\u00f3n<\/p>\n<\/li>\n<li data-start=\"1150\" data-end=\"1230\">\n<p data-start=\"1152\" data-end=\"1230\"><strong data-start=\"1155\" data-end=\"1184\">Seguros y permisos al d\u00eda<\/strong>, cumpliendo con todos los requisitos n\u00e1uticos<\/p>\n<\/li>\n<\/ul>\n<p><strong data-start=\"78\" data-end=\"93\">Importante:<\/strong> Las tarifas publicadas corresponden a temporada baja y est\u00e1n sujetas a cambios seg\u00fan la temporada del a\u00f1o. Todos los servicios est\u00e1n sujetos a disponibilidad en el momento de la reserva.<\/p>","protected":false},"featured_media":2491,"comment_status":"open","ping_status":"closed","template":"","meta":{"_acf_changed":false,"_joinchat":[]},"product_brand":[],"product_cat":[62],"product_tag":[],"class_list":{"0":"post-2489","1":"product","2":"type-product","3":"status-publish","4":"has-post-thumbnail","6":"product_cat-botes","8":"first","9":"instock","10":"shipping-taxable","11":"purchasable","12":"product-type-simple"},"acf":[],"yoast_head":"<!-- This site is optimized with the Yoast SEO plugin v25.1 - https:\/\/yoast.com\/wordpress\/plugins\/seo\/ -->\n<title>Todomar 41&#039; - Baru Luxury Travel Plans<\/title>\n<meta name=\"robots\" content=\"index, follow, max-snippet:-1, max-image-preview:large, max-video-preview:-1\" \/>\n<link rel=\"canonical\" href=\"https:\/\/baruluxury.com\/en\/product\/todomar-41\/\" \/>\n<meta property=\"og:locale\" content=\"en_US\" \/>\n<meta property=\"og:type\" content=\"article\" \/>\n<meta property=\"og:title\" content=\"Todomar 41&#039; - Baru Luxury Travel Plans\" \/>\n<meta property=\"og:description\" content=\"Todomar 42&#039; \u2013 Ruby Sky navega con estilo y confort Una embarcaci\u00f3n potente, elegante y dise\u00f1ada para ofrecer comodidad y estilo en altamar. Ideal para grupos grandes que buscan disfrutar de las Islas del Rosario con total confort. Caracter\u00edsticas destacadas:     Eslora: 42 pies de longitud    Capacidad: Hasta 20 pasajeros + 2 tripulantes    Motores: Triple Mercury 300 HP (alta potencia y rendimiento)    Cojiner\u00eda de lujo para m\u00e1xima comodidad    Asoleadoras en proa, perfectas para tomar el sol    Mesas desmontables en proa y popa, ideales para compartir comidas o bebidas    Ba\u00f1o a bordo con ducha de agua dulce    Nevera integrada para mantener bebidas y alimentos fr\u00edos    Sistema de sonido JL Audio con conexi\u00f3n Bluetooth    Puerta y escalera lateral (babor) para un acceso c\u00f3modo al mar    Capit\u00e1n y ayudante con licencias vigentes y amplia experiencia en navegaci\u00f3n    Seguros y permisos al d\u00eda, cumpliendo con todos los requisitos n\u00e1uticos   Importante: Las tarifas publicadas corresponden a temporada baja y est\u00e1n sujetas a cambios seg\u00fan la temporada del a\u00f1o. Todos los servicios est\u00e1n sujetos a disponibilidad en el momento de la reserva.\" \/>\n<meta property=\"og:url\" content=\"https:\/\/baruluxury.com\/en\/product\/todomar-41\/\" \/>\n<meta property=\"og:site_name\" content=\"Baru Luxury Travel Plans\" \/>\n<meta property=\"article:modified_time\" content=\"2025-07-11T21:11:58+00:00\" \/>\n<meta property=\"og:image\" content=\"https:\/\/baruluxury.com\/wp-content\/uploads\/2025\/07\/Lancha-Ruby-Sky-1.jpg\" \/>\n\t<meta property=\"og:image:width\" content=\"2083\" \/>\n\t<meta property=\"og:image:height\" content=\"2083\" \/>\n\t<meta property=\"og:image:type\" content=\"image\/jpeg\" \/>\n<meta name=\"twitter:card\" content=\"summary_large_image\" \/>\n<meta name=\"twitter:label1\" content=\"Est. reading time\" \/>\n\t<meta name=\"twitter:data1\" content=\"1 minute\" \/>\n<script type=\"application\/ld+json\" class=\"yoast-schema-graph\">{\"@context\":\"https:\/\/schema.org\",\"@graph\":[{\"@type\":\"WebPage\",\"@id\":\"https:\/\/baruluxury.com\/producto\/todomar-41\/\",\"url\":\"https:\/\/baruluxury.com\/producto\/todomar-41\/\",\"name\":\"Todomar 41' - Baru Luxury Travel Plans\",\"isPartOf\":{\"@id\":\"https:\/\/baruluxury.com\/#website\"},\"primaryImageOfPage\":{\"@id\":\"https:\/\/baruluxury.com\/producto\/todomar-41\/#primaryimage\"},\"image\":{\"@id\":\"https:\/\/baruluxury.com\/producto\/todomar-41\/#primaryimage\"},\"thumbnailUrl\":\"https:\/\/baruluxury.com\/wp-content\/uploads\/2025\/07\/Lancha-Ruby-Sky-1.jpg\",\"datePublished\":\"2025-07-11T21:01:09+00:00\",\"dateModified\":\"2025-07-11T21:11:58+00:00\",\"breadcrumb\":{\"@id\":\"https:\/\/baruluxury.com\/producto\/todomar-41\/#breadcrumb\"},\"inLanguage\":\"en-US\",\"potentialAction\":[{\"@type\":\"ReadAction\",\"target\":[\"https:\/\/baruluxury.com\/producto\/todomar-41\/\"]}]},{\"@type\":\"ImageObject\",\"inLanguage\":\"en-US\",\"@id\":\"https:\/\/baruluxury.com\/producto\/todomar-41\/#primaryimage\",\"url\":\"https:\/\/baruluxury.com\/wp-content\/uploads\/2025\/07\/Lancha-Ruby-Sky-1.jpg\",\"contentUrl\":\"https:\/\/baruluxury.com\/wp-content\/uploads\/2025\/07\/Lancha-Ruby-Sky-1.jpg\",\"width\":2083,\"height\":2083},{\"@type\":\"BreadcrumbList\",\"@id\":\"https:\/\/baruluxury.com\/producto\/todomar-41\/#breadcrumb\",\"itemListElement\":[{\"@type\":\"ListItem\",\"position\":1,\"name\":\"Portada\",\"item\":\"https:\/\/baruluxury.com\/\"},{\"@type\":\"ListItem\",\"position\":2,\"name\":\"Productos\",\"item\":\"https:\/\/baruluxury.com\/tienda\/\"},{\"@type\":\"ListItem\",\"position\":3,\"name\":\"Todomar 41&#8242;\"}]},{\"@type\":\"WebSite\",\"@id\":\"https:\/\/baruluxury.com\/#website\",\"url\":\"https:\/\/baruluxury.com\/\",\"name\":\"Baru Luxury Travel Plans\",\"description\":\"Atr&eacute;vete a Vivir su Magia\",\"potentialAction\":[{\"@type\":\"SearchAction\",\"target\":{\"@type\":\"EntryPoint\",\"urlTemplate\":\"https:\/\/baruluxury.com\/?s={search_term_string}\"},\"query-input\":{\"@type\":\"PropertyValueSpecification\",\"valueRequired\":true,\"valueName\":\"search_term_string\"}}],\"inLanguage\":\"en-US\"}]}<\/script>\n<!-- \/ Yoast SEO plugin. -->","yoast_head_json":{"title":"Todomar 41' - Baru Luxury Travel Plans","robots":{"index":"index","follow":"follow","max-snippet":"max-snippet:-1","max-image-preview":"max-image-preview:large","max-video-preview":"max-video-preview:-1"},"canonical":"https:\/\/baruluxury.com\/en\/product\/todomar-41\/","og_locale":"en_US","og_type":"article","og_title":"Todomar 41' - Baru Luxury Travel Plans","og_description":"Todomar 42' \u2013 Ruby Sky navega con estilo y confort Una embarcaci\u00f3n potente, elegante y dise\u00f1ada para ofrecer comodidad y estilo en altamar. Ideal para grupos grandes que buscan disfrutar de las Islas del Rosario con total confort. Caracter\u00edsticas destacadas:     Eslora: 42 pies de longitud    Capacidad: Hasta 20 pasajeros + 2 tripulantes    Motores: Triple Mercury 300 HP (alta potencia y rendimiento)    Cojiner\u00eda de lujo para m\u00e1xima comodidad    Asoleadoras en proa, perfectas para tomar el sol    Mesas desmontables en proa y popa, ideales para compartir comidas o bebidas    Ba\u00f1o a bordo con ducha de agua dulce    Nevera integrada para mantener bebidas y alimentos fr\u00edos    Sistema de sonido JL Audio con conexi\u00f3n Bluetooth    Puerta y escalera lateral (babor) para un acceso c\u00f3modo al mar    Capit\u00e1n y ayudante con licencias vigentes y amplia experiencia en navegaci\u00f3n    Seguros y permisos al d\u00eda, cumpliendo con todos los requisitos n\u00e1uticos   Importante: Las tarifas publicadas corresponden a temporada baja y est\u00e1n sujetas a cambios seg\u00fan la temporada del a\u00f1o. Todos los servicios est\u00e1n sujetos a disponibilidad en el momento de la reserva.","og_url":"https:\/\/baruluxury.com\/en\/product\/todomar-41\/","og_site_name":"Baru Luxury Travel Plans","article_modified_time":"2025-07-11T21:11:58+00:00","og_image":[{"width":2083,"height":2083,"url":"https:\/\/baruluxury.com\/wp-content\/uploads\/2025\/07\/Lancha-Ruby-Sky-1.jpg","type":"image\/jpeg"}],"twitter_card":"summary_large_image","twitter_misc":{"Est. reading time":"1 minute"},"schema":{"@context":"https:\/\/schema.org","@graph":[{"@type":"WebPage","@id":"https:\/\/baruluxury.com\/producto\/todomar-41\/","url":"https:\/\/baruluxury.com\/producto\/todomar-41\/","name":"Todomar 41' - Baru Luxury Travel Plans","isPartOf":{"@id":"https:\/\/baruluxury.com\/#website"},"primaryImageOfPage":{"@id":"https:\/\/baruluxury.com\/producto\/todomar-41\/#primaryimage"},"image":{"@id":"https:\/\/baruluxury.com\/producto\/todomar-41\/#primaryimage"},"thumbnailUrl":"https:\/\/baruluxury.com\/wp-content\/uploads\/2025\/07\/Lancha-Ruby-Sky-1.jpg","datePublished":"2025-07-11T21:01:09+00:00","dateModified":"2025-07-11T21:11:58+00:00","breadcrumb":{"@id":"https:\/\/baruluxury.com\/producto\/todomar-41\/#breadcrumb"},"inLanguage":"en-US","potentialAction":[{"@type":"ReadAction","target":["https:\/\/baruluxury.com\/producto\/todomar-41\/"]}]},{"@type":"ImageObject","inLanguage":"en-US","@id":"https:\/\/baruluxury.com\/producto\/todomar-41\/#primaryimage","url":"https:\/\/baruluxury.com\/wp-content\/uploads\/2025\/07\/Lancha-Ruby-Sky-1.jpg","contentUrl":"https:\/\/baruluxury.com\/wp-content\/uploads\/2025\/07\/Lancha-Ruby-Sky-1.jpg","width":2083,"height":2083},{"@type":"BreadcrumbList","@id":"https:\/\/baruluxury.com\/producto\/todomar-41\/#breadcrumb","itemListElement":[{"@type":"ListItem","position":1,"name":"Portada","item":"https:\/\/baruluxury.com\/"},{"@type":"ListItem","position":2,"name":"Productos","item":"https:\/\/baruluxury.com\/tienda\/"},{"@type":"ListItem","position":3,"name":"Todomar 41&#8242;"}]},{"@type":"WebSite","@id":"https:\/\/baruluxury.com\/#website","url":"https:\/\/baruluxury.com\/","name":"Baru Luxury Travel Plans","description":"Atr&eacute;vete a Vivir su Magia","potentialAction":[{"@type":"SearchAction","target":{"@type":"EntryPoint","urlTemplate":"https:\/\/baruluxury.com\/?s={search_term_string}"},"query-input":{"@type":"PropertyValueSpecification","valueRequired":true,"valueName":"search_term_string"}}],"inLanguage":"en-US"}]}},"_links":{"self":[{"href":"https:\/\/baruluxury.com\/en\/wp-json\/wp\/v2\/product\/2489","targetHints":{"allow":["GET"]}}],"collection":[{"href":"https:\/\/baruluxury.com\/en\/wp-json\/wp\/v2\/product"}],"about":[{"href":"https:\/\/baruluxury.com\/en\/wp-json\/wp\/v2\/types\/product"}],"replies":[{"embeddable":true,"href":"https:\/\/baruluxury.com\/en\/wp-json\/wp\/v2\/comments?post=2489"}],"wp:featuredmedia":[{"embeddable":true,"href":"https:\/\/baruluxury.com\/en\/wp-json\/wp\/v2\/media\/2491"}],"wp:attachment":[{"href":"https:\/\/baruluxury.com\/en\/wp-json\/wp\/v2\/media?parent=2489"}],"wp:term":[{"taxonomy":"product_brand","embeddable":true,"href":"https:\/\/baruluxury.com\/en\/wp-json\/wp\/v2\/product_brand?post=2489"},{"taxonomy":"product_cat","embeddable":true,"href":"https:\/\/baruluxury.com\/en\/wp-json\/wp\/v2\/product_cat?post=2489"},{"taxonomy":"product_tag","embeddable":true,"href":"https:\/\/baruluxury.com\/en\/wp-json\/wp\/v2\/product_tag?post=2489"}],"curies":[{"name":"wp","href":"https:\/\/api.w.org\/{rel}","templated":true}]}}