{"id":988,"date":"2025-03-21T14:43:53","date_gmt":"2025-03-21T14:43:53","guid":{"rendered":"https:\/\/baruluxury.com\/?post_type=product&#038;p=988"},"modified":"2025-10-07T00:13:56","modified_gmt":"2025-10-07T00:13:56","slug":"bravo-410","status":"publish","type":"product","link":"https:\/\/baruluxury.com\/en\/product\/bravo-410\/","title":{"rendered":"Bravo 410 41&#8242;"},"content":{"rendered":"","protected":false},"excerpt":{"rendered":"<p><span data-sheets-root=\"1\"><strong>Descubre el mar de Cartagena a bordo de una lancha de 41&#8242;\u00a0<\/strong><br \/>\nExplora las aguas cristalinas del Caribe y vive una experiencia inigualable en una lancha de 41 pies, perfecta para un d\u00eda de relajaci\u00f3n y aventura con amigos o familiares.<\/span><\/p>\n<p>&nbsp;<\/p>\n<p><span data-sheets-root=\"1\"><strong>Una jornada inolvidable en el mar<\/strong><\/span><\/p>\n<p><span data-sheets-root=\"1\">Zarpa desde Cartagena y recorre las paradis\u00edacas Islas del Rosario, donde podr\u00e1s:<br \/>\nHacer snorkel o subwinging en arrecifes de coral secretos.<\/span><\/p>\n<ul>\n<li><span data-sheets-root=\"1\">Disfrutar de un ba\u00f1o refrescante en aguas turquesas.<\/span><\/li>\n<li><span data-sheets-root=\"1\">Vivir el ambiente festivo en Chol\u00f3n, con m\u00fasica y buen ambiente.<\/span><\/li>\n<li><span data-sheets-root=\"1\">Degustar mariscos frescos en un club de playa o a bordo.<\/span><\/li>\n<li><span data-sheets-root=\"1\">Cerrar con un atardecer espectacular en la Bah\u00eda de Cartagena.<\/span><\/li>\n<\/ul>\n<p>&nbsp;<\/p>\n<p><strong>Comodidad y entretenimiento a bordo<\/strong><br \/>\nCon capacidad para 15 personas, esta embarcaci\u00f3n est\u00e1 equipada con:<\/p>\n<ul>\n<li><span data-sheets-root=\"1\">Asoleadoras en proa para disfrutar del sol.<\/span><\/li>\n<li><span data-sheets-root=\"1\">Asientos en proa y popa con mesa, perfectos para compartir.<\/span><\/li>\n<li><span data-sheets-root=\"1\">Ba\u00f1o en proa para mayor comodidad.<\/span><\/li>\n<li><span data-sheets-root=\"1\">Sonido profesional JL con Bluetooth, ideal para ambientar tu viaje.<\/span><\/li>\n<li><span data-sheets-root=\"1\">Escalera para bajar al mar y ducha de agua dulce para refrescarte.<\/span><\/li>\n<\/ul>","protected":false},"featured_media":2519,"comment_status":"open","ping_status":"closed","template":"","meta":{"_acf_changed":false,"_joinchat":[]},"product_brand":[],"product_cat":[62,69],"product_tag":[],"class_list":{"0":"post-988","1":"product","2":"type-product","3":"status-publish","4":"has-post-thumbnail","6":"product_cat-botes","7":"product_cat-destacados","9":"first","10":"instock","11":"shipping-taxable","12":"purchasable","13":"product-type-simple"},"acf":[],"yoast_head":"<!-- This site is optimized with the Yoast SEO plugin v25.1 - https:\/\/yoast.com\/wordpress\/plugins\/seo\/ -->\n<title>Bravo 410 41&#039; - Baru Luxury Travel Plans<\/title>\n<meta name=\"robots\" content=\"index, follow, max-snippet:-1, max-image-preview:large, max-video-preview:-1\" \/>\n<link rel=\"canonical\" href=\"https:\/\/baruluxury.com\/en\/product\/bravo-410\/\" \/>\n<meta property=\"og:locale\" content=\"en_US\" \/>\n<meta property=\"og:type\" content=\"article\" \/>\n<meta property=\"og:title\" content=\"Bravo 410 41&#039; - Baru Luxury Travel Plans\" \/>\n<meta property=\"og:description\" content=\"Descubre el mar de Cartagena a bordo de una lancha de 41&#039;\u00a0 Explora las aguas cristalinas del Caribe y vive una experiencia inigualable en una lancha de 41 pies, perfecta para un d\u00eda de relajaci\u00f3n y aventura con amigos o familiares.  &nbsp;  Una jornada inolvidable en el mar  Zarpa desde Cartagena y recorre las paradis\u00edacas Islas del Rosario, donde podr\u00e1s: Hacer snorkel o subwinging en arrecifes de coral secretos.   Disfrutar de un ba\u00f1o refrescante en aguas turquesas.  Vivir el ambiente festivo en Chol\u00f3n, con m\u00fasica y buen ambiente.  Degustar mariscos frescos en un club de playa o a bordo.  Cerrar con un atardecer espectacular en la Bah\u00eda de Cartagena.  &nbsp;  Comodidad y entretenimiento a bordo Con capacidad para 15 personas, esta embarcaci\u00f3n est\u00e1 equipada con:   Asoleadoras en proa para disfrutar del sol.  Asientos en proa y popa con mesa, perfectos para compartir.  Ba\u00f1o en proa para mayor comodidad.  Sonido profesional JL con Bluetooth, ideal para ambientar tu viaje.  Escalera para bajar al mar y ducha de agua dulce para refrescarte.\" \/>\n<meta property=\"og:url\" content=\"https:\/\/baruluxury.com\/en\/product\/bravo-410\/\" \/>\n<meta property=\"og:site_name\" content=\"Baru Luxury Travel Plans\" \/>\n<meta property=\"article:modified_time\" content=\"2025-10-07T00:13:56+00:00\" \/>\n<meta property=\"og:image\" content=\"https:\/\/baruluxury.com\/wp-content\/uploads\/2025\/03\/14-1.jpg\" \/>\n\t<meta property=\"og:image:width\" content=\"2083\" \/>\n\t<meta property=\"og:image:height\" content=\"2083\" \/>\n\t<meta property=\"og:image:type\" content=\"image\/jpeg\" \/>\n<meta name=\"twitter:card\" content=\"summary_large_image\" \/>\n<meta name=\"twitter:label1\" content=\"Est. reading time\" \/>\n\t<meta name=\"twitter:data1\" content=\"1 minute\" \/>\n<script type=\"application\/ld+json\" class=\"yoast-schema-graph\">{\"@context\":\"https:\/\/schema.org\",\"@graph\":[{\"@type\":\"WebPage\",\"@id\":\"https:\/\/baruluxury.com\/producto\/bravo-410\/\",\"url\":\"https:\/\/baruluxury.com\/producto\/bravo-410\/\",\"name\":\"Bravo 410 41' - Baru Luxury Travel Plans\",\"isPartOf\":{\"@id\":\"https:\/\/baruluxury.com\/#website\"},\"primaryImageOfPage\":{\"@id\":\"https:\/\/baruluxury.com\/producto\/bravo-410\/#primaryimage\"},\"image\":{\"@id\":\"https:\/\/baruluxury.com\/producto\/bravo-410\/#primaryimage\"},\"thumbnailUrl\":\"https:\/\/baruluxury.com\/wp-content\/uploads\/2025\/03\/14-1.jpg\",\"datePublished\":\"2025-03-21T14:43:53+00:00\",\"dateModified\":\"2025-10-07T00:13:56+00:00\",\"breadcrumb\":{\"@id\":\"https:\/\/baruluxury.com\/producto\/bravo-410\/#breadcrumb\"},\"inLanguage\":\"en-US\",\"potentialAction\":[{\"@type\":\"ReadAction\",\"target\":[\"https:\/\/baruluxury.com\/producto\/bravo-410\/\"]}]},{\"@type\":\"ImageObject\",\"inLanguage\":\"en-US\",\"@id\":\"https:\/\/baruluxury.com\/producto\/bravo-410\/#primaryimage\",\"url\":\"https:\/\/baruluxury.com\/wp-content\/uploads\/2025\/03\/14-1.jpg\",\"contentUrl\":\"https:\/\/baruluxury.com\/wp-content\/uploads\/2025\/03\/14-1.jpg\",\"width\":2083,\"height\":2083},{\"@type\":\"BreadcrumbList\",\"@id\":\"https:\/\/baruluxury.com\/producto\/bravo-410\/#breadcrumb\",\"itemListElement\":[{\"@type\":\"ListItem\",\"position\":1,\"name\":\"Portada\",\"item\":\"https:\/\/baruluxury.com\/\"},{\"@type\":\"ListItem\",\"position\":2,\"name\":\"Productos\",\"item\":\"https:\/\/baruluxury.com\/tienda\/\"},{\"@type\":\"ListItem\",\"position\":3,\"name\":\"Bravo 410 41&#8242;\"}]},{\"@type\":\"WebSite\",\"@id\":\"https:\/\/baruluxury.com\/#website\",\"url\":\"https:\/\/baruluxury.com\/\",\"name\":\"Baru Luxury Travel Plans\",\"description\":\"Atr&eacute;vete a Vivir su Magia\",\"potentialAction\":[{\"@type\":\"SearchAction\",\"target\":{\"@type\":\"EntryPoint\",\"urlTemplate\":\"https:\/\/baruluxury.com\/?s={search_term_string}\"},\"query-input\":{\"@type\":\"PropertyValueSpecification\",\"valueRequired\":true,\"valueName\":\"search_term_string\"}}],\"inLanguage\":\"en-US\"}]}<\/script>\n<!-- \/ Yoast SEO plugin. -->","yoast_head_json":{"title":"Bravo 410 41' - Baru Luxury Travel Plans","robots":{"index":"index","follow":"follow","max-snippet":"max-snippet:-1","max-image-preview":"max-image-preview:large","max-video-preview":"max-video-preview:-1"},"canonical":"https:\/\/baruluxury.com\/en\/product\/bravo-410\/","og_locale":"en_US","og_type":"article","og_title":"Bravo 410 41' - Baru Luxury Travel Plans","og_description":"Descubre el mar de Cartagena a bordo de una lancha de 41'\u00a0 Explora las aguas cristalinas del Caribe y vive una experiencia inigualable en una lancha de 41 pies, perfecta para un d\u00eda de relajaci\u00f3n y aventura con amigos o familiares.  &nbsp;  Una jornada inolvidable en el mar  Zarpa desde Cartagena y recorre las paradis\u00edacas Islas del Rosario, donde podr\u00e1s: Hacer snorkel o subwinging en arrecifes de coral secretos.   Disfrutar de un ba\u00f1o refrescante en aguas turquesas.  Vivir el ambiente festivo en Chol\u00f3n, con m\u00fasica y buen ambiente.  Degustar mariscos frescos en un club de playa o a bordo.  Cerrar con un atardecer espectacular en la Bah\u00eda de Cartagena.  &nbsp;  Comodidad y entretenimiento a bordo Con capacidad para 15 personas, esta embarcaci\u00f3n est\u00e1 equipada con:   Asoleadoras en proa para disfrutar del sol.  Asientos en proa y popa con mesa, perfectos para compartir.  Ba\u00f1o en proa para mayor comodidad.  Sonido profesional JL con Bluetooth, ideal para ambientar tu viaje.  Escalera para bajar al mar y ducha de agua dulce para refrescarte.","og_url":"https:\/\/baruluxury.com\/en\/product\/bravo-410\/","og_site_name":"Baru Luxury Travel Plans","article_modified_time":"2025-10-07T00:13:56+00:00","og_image":[{"width":2083,"height":2083,"url":"https:\/\/baruluxury.com\/wp-content\/uploads\/2025\/03\/14-1.jpg","type":"image\/jpeg"}],"twitter_card":"summary_large_image","twitter_misc":{"Est. reading time":"1 minute"},"schema":{"@context":"https:\/\/schema.org","@graph":[{"@type":"WebPage","@id":"https:\/\/baruluxury.com\/producto\/bravo-410\/","url":"https:\/\/baruluxury.com\/producto\/bravo-410\/","name":"Bravo 410 41' - Baru Luxury Travel Plans","isPartOf":{"@id":"https:\/\/baruluxury.com\/#website"},"primaryImageOfPage":{"@id":"https:\/\/baruluxury.com\/producto\/bravo-410\/#primaryimage"},"image":{"@id":"https:\/\/baruluxury.com\/producto\/bravo-410\/#primaryimage"},"thumbnailUrl":"https:\/\/baruluxury.com\/wp-content\/uploads\/2025\/03\/14-1.jpg","datePublished":"2025-03-21T14:43:53+00:00","dateModified":"2025-10-07T00:13:56+00:00","breadcrumb":{"@id":"https:\/\/baruluxury.com\/producto\/bravo-410\/#breadcrumb"},"inLanguage":"en-US","potentialAction":[{"@type":"ReadAction","target":["https:\/\/baruluxury.com\/producto\/bravo-410\/"]}]},{"@type":"ImageObject","inLanguage":"en-US","@id":"https:\/\/baruluxury.com\/producto\/bravo-410\/#primaryimage","url":"https:\/\/baruluxury.com\/wp-content\/uploads\/2025\/03\/14-1.jpg","contentUrl":"https:\/\/baruluxury.com\/wp-content\/uploads\/2025\/03\/14-1.jpg","width":2083,"height":2083},{"@type":"BreadcrumbList","@id":"https:\/\/baruluxury.com\/producto\/bravo-410\/#breadcrumb","itemListElement":[{"@type":"ListItem","position":1,"name":"Portada","item":"https:\/\/baruluxury.com\/"},{"@type":"ListItem","position":2,"name":"Productos","item":"https:\/\/baruluxury.com\/tienda\/"},{"@type":"ListItem","position":3,"name":"Bravo 410 41&#8242;"}]},{"@type":"WebSite","@id":"https:\/\/baruluxury.com\/#website","url":"https:\/\/baruluxury.com\/","name":"Baru Luxury Travel Plans","description":"Atr&eacute;vete a Vivir su Magia","potentialAction":[{"@type":"SearchAction","target":{"@type":"EntryPoint","urlTemplate":"https:\/\/baruluxury.com\/?s={search_term_string}"},"query-input":{"@type":"PropertyValueSpecification","valueRequired":true,"valueName":"search_term_string"}}],"inLanguage":"en-US"}]}},"_links":{"self":[{"href":"https:\/\/baruluxury.com\/en\/wp-json\/wp\/v2\/product\/988","targetHints":{"allow":["GET"]}}],"collection":[{"href":"https:\/\/baruluxury.com\/en\/wp-json\/wp\/v2\/product"}],"about":[{"href":"https:\/\/baruluxury.com\/en\/wp-json\/wp\/v2\/types\/product"}],"replies":[{"embeddable":true,"href":"https:\/\/baruluxury.com\/en\/wp-json\/wp\/v2\/comments?post=988"}],"wp:featuredmedia":[{"embeddable":true,"href":"https:\/\/baruluxury.com\/en\/wp-json\/wp\/v2\/media\/2519"}],"wp:attachment":[{"href":"https:\/\/baruluxury.com\/en\/wp-json\/wp\/v2\/media?parent=988"}],"wp:term":[{"taxonomy":"product_brand","embeddable":true,"href":"https:\/\/baruluxury.com\/en\/wp-json\/wp\/v2\/product_brand?post=988"},{"taxonomy":"product_cat","embeddable":true,"href":"https:\/\/baruluxury.com\/en\/wp-json\/wp\/v2\/product_cat?post=988"},{"taxonomy":"product_tag","embeddable":true,"href":"https:\/\/baruluxury.com\/en\/wp-json\/wp\/v2\/product_tag?post=988"}],"curies":[{"name":"wp","href":"https:\/\/api.w.org\/{rel}","templated":true}]}}