{"id":1433,"date":"2025-04-01T20:40:10","date_gmt":"2025-04-01T20:40:10","guid":{"rendered":"https:\/\/baruluxury.com\/?post_type=product&#038;p=1433"},"modified":"2025-05-22T21:34:57","modified_gmt":"2025-05-22T21:34:57","slug":"figlas","status":"publish","type":"product","link":"https:\/\/baruluxury.com\/es\/producto\/figlas\/","title":{"rendered":"Figlas 34&#8242;"},"content":{"rendered":"","protected":false},"excerpt":{"rendered":"<p><span data-sheets-root=\"1\"><strong>Explora el para\u00edso en el Finglas 34&#8242;\u00a0<\/strong><\/span><\/p>\n<p>Disfruta de una aventura \u00fanica navegando y celebrando en las hermosas Islas del Rosario. El bote Finglas de 34 pies est\u00e1 dise\u00f1ado para ofrecer m\u00e1ximo rendimiento y confort, permiti\u00e9ndote deleitarte con la naturaleza y crear recuerdos inolvidables en compa\u00f1\u00eda de amigos o familiares.<\/p>\n<p><strong>Este bote cuenta con:<\/strong><\/p>\n<ul>\n<li><span data-sheets-root=\"1\">Asoleadora en proa perfecta para contemplear el mar miestras te bronceas<\/span><\/li>\n<li><span data-sheets-root=\"1\">Amplia zona de asientos en proa y popa para disfrutar c\u00f3modamente del viaje.<\/span><\/li>\n<li><span data-sheets-root=\"1\">Asoleadora en la consola, ideal para relajarte y broncearte bajo el sol.<\/span><\/li>\n<li><span data-sheets-root=\"1\">Ba\u00f1o privado para mayor comodidad durante la traves\u00eda.<\/span><\/li>\n<li><span data-sheets-root=\"1\">Ducha de agua dulce para refrescarte despu\u00e9s de nadar en el mar.<\/span><\/li>\n<li><span data-sheets-root=\"1\"><span data-sheets-root=\"1\">Sistema de sonido JL Audio con Bluetooth, para ambientar tu experiencia con la mejor m\u00fasica.<\/span><\/span>Descubre las maravillas del Caribe navegando con comodidad, estilo y diversi\u00f3n garantizada.<strong><br \/>\n<\/strong><\/li>\n<\/ul>\n","protected":false},"featured_media":1471,"comment_status":"open","ping_status":"closed","template":"","meta":{"_acf_changed":false,"_joinchat":[]},"product_brand":[],"product_cat":[62],"product_tag":[],"class_list":{"0":"post-1433","1":"product","2":"type-product","3":"status-publish","4":"has-post-thumbnail","6":"product_cat-botes","8":"first","9":"instock","10":"shipping-taxable","11":"purchasable","12":"product-type-simple"},"acf":[],"yoast_head":"<!-- This site is optimized with the Yoast SEO plugin v25.1 - https:\/\/yoast.com\/wordpress\/plugins\/seo\/ -->\n<title>Figlas 34&#039; - Baru Luxury Travel Plans<\/title>\n<meta name=\"robots\" content=\"index, follow, max-snippet:-1, max-image-preview:large, max-video-preview:-1\" \/>\n<link rel=\"canonical\" href=\"https:\/\/baruluxury.com\/es\/producto\/figlas\/\" \/>\n<meta property=\"og:locale\" content=\"es_ES\" \/>\n<meta property=\"og:type\" content=\"article\" \/>\n<meta property=\"og:title\" content=\"Figlas 34&#039; - Baru Luxury Travel Plans\" \/>\n<meta property=\"og:description\" content=\"Explora el para\u00edso en el Finglas 34&#039;\u00a0  Disfruta de una aventura \u00fanica navegando y celebrando en las hermosas Islas del Rosario. El bote Finglas de 34 pies est\u00e1 dise\u00f1ado para ofrecer m\u00e1ximo rendimiento y confort, permiti\u00e9ndote deleitarte con la naturaleza y crear recuerdos inolvidables en compa\u00f1\u00eda de amigos o familiares.  Este bote cuenta con:   Asoleadora en proa perfecta para contemplear el mar miestras te bronceas  Amplia zona de asientos en proa y popa para disfrutar c\u00f3modamente del viaje.  Asoleadora en la consola, ideal para relajarte y broncearte bajo el sol.  Ba\u00f1o privado para mayor comodidad durante la traves\u00eda.  Ducha de agua dulce para refrescarte despu\u00e9s de nadar en el mar.  Sistema de sonido JL Audio con Bluetooth, para ambientar tu experiencia con la mejor m\u00fasica.Descubre las maravillas del Caribe navegando con comodidad, estilo y diversi\u00f3n garantizada.\" \/>\n<meta property=\"og:url\" content=\"https:\/\/baruluxury.com\/es\/producto\/figlas\/\" \/>\n<meta property=\"og:site_name\" content=\"Baru Luxury Travel Plans\" \/>\n<meta property=\"article:modified_time\" content=\"2025-05-22T21:34:57+00:00\" \/>\n<meta property=\"og:image\" content=\"https:\/\/baruluxury.com\/wp-content\/uploads\/2025\/04\/Catalunya-01.jpg\" \/>\n\t<meta property=\"og:image:width\" content=\"2083\" \/>\n\t<meta property=\"og:image:height\" content=\"2083\" \/>\n\t<meta property=\"og:image:type\" content=\"image\/jpeg\" \/>\n<meta name=\"twitter:card\" content=\"summary_large_image\" \/>\n<meta name=\"twitter:label1\" content=\"Tiempo de lectura\" \/>\n\t<meta name=\"twitter:data1\" content=\"1 minuto\" \/>\n<script type=\"application\/ld+json\" class=\"yoast-schema-graph\">{\"@context\":\"https:\/\/schema.org\",\"@graph\":[{\"@type\":\"WebPage\",\"@id\":\"https:\/\/baruluxury.com\/producto\/figlas\/\",\"url\":\"https:\/\/baruluxury.com\/producto\/figlas\/\",\"name\":\"Figlas 34' - Baru Luxury Travel Plans\",\"isPartOf\":{\"@id\":\"https:\/\/baruluxury.com\/#website\"},\"primaryImageOfPage\":{\"@id\":\"https:\/\/baruluxury.com\/producto\/figlas\/#primaryimage\"},\"image\":{\"@id\":\"https:\/\/baruluxury.com\/producto\/figlas\/#primaryimage\"},\"thumbnailUrl\":\"https:\/\/baruluxury.com\/wp-content\/uploads\/2025\/04\/Catalunya-01.jpg\",\"datePublished\":\"2025-04-01T20:40:10+00:00\",\"dateModified\":\"2025-05-22T21:34:57+00:00\",\"breadcrumb\":{\"@id\":\"https:\/\/baruluxury.com\/producto\/figlas\/#breadcrumb\"},\"inLanguage\":\"es\",\"potentialAction\":[{\"@type\":\"ReadAction\",\"target\":[\"https:\/\/baruluxury.com\/producto\/figlas\/\"]}]},{\"@type\":\"ImageObject\",\"inLanguage\":\"es\",\"@id\":\"https:\/\/baruluxury.com\/producto\/figlas\/#primaryimage\",\"url\":\"https:\/\/baruluxury.com\/wp-content\/uploads\/2025\/04\/Catalunya-01.jpg\",\"contentUrl\":\"https:\/\/baruluxury.com\/wp-content\/uploads\/2025\/04\/Catalunya-01.jpg\",\"width\":2083,\"height\":2083},{\"@type\":\"BreadcrumbList\",\"@id\":\"https:\/\/baruluxury.com\/producto\/figlas\/#breadcrumb\",\"itemListElement\":[{\"@type\":\"ListItem\",\"position\":1,\"name\":\"Portada\",\"item\":\"https:\/\/baruluxury.com\/\"},{\"@type\":\"ListItem\",\"position\":2,\"name\":\"Productos\",\"item\":\"https:\/\/baruluxury.com\/tienda\/\"},{\"@type\":\"ListItem\",\"position\":3,\"name\":\"Figlas 34&#8242;\"}]},{\"@type\":\"WebSite\",\"@id\":\"https:\/\/baruluxury.com\/#website\",\"url\":\"https:\/\/baruluxury.com\/\",\"name\":\"Baru Luxury Travel Plans\",\"description\":\"Atr&eacute;vete a Vivir su Magia\",\"potentialAction\":[{\"@type\":\"SearchAction\",\"target\":{\"@type\":\"EntryPoint\",\"urlTemplate\":\"https:\/\/baruluxury.com\/?s={search_term_string}\"},\"query-input\":{\"@type\":\"PropertyValueSpecification\",\"valueRequired\":true,\"valueName\":\"search_term_string\"}}],\"inLanguage\":\"es\"}]}<\/script>\n<!-- \/ Yoast SEO plugin. -->","yoast_head_json":{"title":"Figlas 34' - Baru Luxury Travel Plans","robots":{"index":"index","follow":"follow","max-snippet":"max-snippet:-1","max-image-preview":"max-image-preview:large","max-video-preview":"max-video-preview:-1"},"canonical":"https:\/\/baruluxury.com\/es\/producto\/figlas\/","og_locale":"es_ES","og_type":"article","og_title":"Figlas 34' - Baru Luxury Travel Plans","og_description":"Explora el para\u00edso en el Finglas 34'\u00a0  Disfruta de una aventura \u00fanica navegando y celebrando en las hermosas Islas del Rosario. El bote Finglas de 34 pies est\u00e1 dise\u00f1ado para ofrecer m\u00e1ximo rendimiento y confort, permiti\u00e9ndote deleitarte con la naturaleza y crear recuerdos inolvidables en compa\u00f1\u00eda de amigos o familiares.  Este bote cuenta con:   Asoleadora en proa perfecta para contemplear el mar miestras te bronceas  Amplia zona de asientos en proa y popa para disfrutar c\u00f3modamente del viaje.  Asoleadora en la consola, ideal para relajarte y broncearte bajo el sol.  Ba\u00f1o privado para mayor comodidad durante la traves\u00eda.  Ducha de agua dulce para refrescarte despu\u00e9s de nadar en el mar.  Sistema de sonido JL Audio con Bluetooth, para ambientar tu experiencia con la mejor m\u00fasica.Descubre las maravillas del Caribe navegando con comodidad, estilo y diversi\u00f3n garantizada.","og_url":"https:\/\/baruluxury.com\/es\/producto\/figlas\/","og_site_name":"Baru Luxury Travel Plans","article_modified_time":"2025-05-22T21:34:57+00:00","og_image":[{"width":2083,"height":2083,"url":"https:\/\/baruluxury.com\/wp-content\/uploads\/2025\/04\/Catalunya-01.jpg","type":"image\/jpeg"}],"twitter_card":"summary_large_image","twitter_misc":{"Tiempo de lectura":"1 minuto"},"schema":{"@context":"https:\/\/schema.org","@graph":[{"@type":"WebPage","@id":"https:\/\/baruluxury.com\/producto\/figlas\/","url":"https:\/\/baruluxury.com\/producto\/figlas\/","name":"Figlas 34' - Baru Luxury Travel Plans","isPartOf":{"@id":"https:\/\/baruluxury.com\/#website"},"primaryImageOfPage":{"@id":"https:\/\/baruluxury.com\/producto\/figlas\/#primaryimage"},"image":{"@id":"https:\/\/baruluxury.com\/producto\/figlas\/#primaryimage"},"thumbnailUrl":"https:\/\/baruluxury.com\/wp-content\/uploads\/2025\/04\/Catalunya-01.jpg","datePublished":"2025-04-01T20:40:10+00:00","dateModified":"2025-05-22T21:34:57+00:00","breadcrumb":{"@id":"https:\/\/baruluxury.com\/producto\/figlas\/#breadcrumb"},"inLanguage":"es","potentialAction":[{"@type":"ReadAction","target":["https:\/\/baruluxury.com\/producto\/figlas\/"]}]},{"@type":"ImageObject","inLanguage":"es","@id":"https:\/\/baruluxury.com\/producto\/figlas\/#primaryimage","url":"https:\/\/baruluxury.com\/wp-content\/uploads\/2025\/04\/Catalunya-01.jpg","contentUrl":"https:\/\/baruluxury.com\/wp-content\/uploads\/2025\/04\/Catalunya-01.jpg","width":2083,"height":2083},{"@type":"BreadcrumbList","@id":"https:\/\/baruluxury.com\/producto\/figlas\/#breadcrumb","itemListElement":[{"@type":"ListItem","position":1,"name":"Portada","item":"https:\/\/baruluxury.com\/"},{"@type":"ListItem","position":2,"name":"Productos","item":"https:\/\/baruluxury.com\/tienda\/"},{"@type":"ListItem","position":3,"name":"Figlas 34&#8242;"}]},{"@type":"WebSite","@id":"https:\/\/baruluxury.com\/#website","url":"https:\/\/baruluxury.com\/","name":"Baru Luxury Travel Plans","description":"Atr&eacute;vete a Vivir su Magia","potentialAction":[{"@type":"SearchAction","target":{"@type":"EntryPoint","urlTemplate":"https:\/\/baruluxury.com\/?s={search_term_string}"},"query-input":{"@type":"PropertyValueSpecification","valueRequired":true,"valueName":"search_term_string"}}],"inLanguage":"es"}]}},"_links":{"self":[{"href":"https:\/\/baruluxury.com\/es\/wp-json\/wp\/v2\/product\/1433","targetHints":{"allow":["GET"]}}],"collection":[{"href":"https:\/\/baruluxury.com\/es\/wp-json\/wp\/v2\/product"}],"about":[{"href":"https:\/\/baruluxury.com\/es\/wp-json\/wp\/v2\/types\/product"}],"replies":[{"embeddable":true,"href":"https:\/\/baruluxury.com\/es\/wp-json\/wp\/v2\/comments?post=1433"}],"wp:featuredmedia":[{"embeddable":true,"href":"https:\/\/baruluxury.com\/es\/wp-json\/wp\/v2\/media\/1471"}],"wp:attachment":[{"href":"https:\/\/baruluxury.com\/es\/wp-json\/wp\/v2\/media?parent=1433"}],"wp:term":[{"taxonomy":"product_brand","embeddable":true,"href":"https:\/\/baruluxury.com\/es\/wp-json\/wp\/v2\/product_brand?post=1433"},{"taxonomy":"product_cat","embeddable":true,"href":"https:\/\/baruluxury.com\/es\/wp-json\/wp\/v2\/product_cat?post=1433"},{"taxonomy":"product_tag","embeddable":true,"href":"https:\/\/baruluxury.com\/es\/wp-json\/wp\/v2\/product_tag?post=1433"}],"curies":[{"name":"wp","href":"https:\/\/api.w.org\/{rel}","templated":true}]}}