{"id":1479,"date":"2025-04-01T21:17:55","date_gmt":"2025-04-01T21:17:55","guid":{"rendered":"https:\/\/baruluxury.com\/?post_type=product&#038;p=1479"},"modified":"2025-10-07T00:27:18","modified_gmt":"2025-10-07T00:27:18","slug":"leopard","status":"publish","type":"product","link":"https:\/\/baruluxury.com\/es\/producto\/leopard\/","title":{"rendered":"Leopard 43&#8242;"},"content":{"rendered":"","protected":false},"excerpt":{"rendered":"<p><span data-sheets-root=\"1\"><strong>Descubre el lujo del Caribe a bordo del Leopard 43 Powercat<\/strong><\/span><\/p>\n<p>Vive una experiencia inigualable navegando en el Leopard 43 Powercat, un catamar\u00e1n dise\u00f1ado para brindar comodidad, estabilidad y elegancia en cada traves\u00eda. Con amplios espacios y un dise\u00f1o innovador, esta embarcaci\u00f3n es ideal para grupos de m\u00e1s de 15 personas, ofreciendo un ambiente exclusivo para celebrar, relajarse y disfrutar de la belleza natural del Caribe colombiano.<\/p>\n<p>Explora las aguas turquesas de las Islas del Rosario, toma el sol en sus c\u00f3modas \u00e1reas de descanso o rel\u00e1jate a la sombra mientras disfrutas de una vista panor\u00e1mica de 360\u00b0 desde su espectacular flybridge.<\/p>\n<p><strong>\u00a0Caracter\u00edsticas destacadas para tu m\u00e1ximo confort:<\/strong><\/p>\n<ul>\n<li><span data-sheets-root=\"1\">Flybridge con vista de 360\u00b0, perfecto para una experiencia de navegaci\u00f3n segura y placentera.<\/span><\/li>\n<li><span data-sheets-root=\"1\">Amplios espacios interiores con aire acondicionado y exteriores, ideales para compartir con familiares y amigos.<\/span><\/li>\n<li><span data-sheets-root=\"1\">Asoleadoras en proa y flybridge, perfectas para broncearte mientras navegas.<\/span><\/li>\n<li><span data-sheets-root=\"1\">Zona de sombra con c\u00f3modos asientos, para disfrutar del paisaje con total relajaci\u00f3n.<\/span><\/li>\n<li><span data-sheets-root=\"1\">3 Cabinas y dos ba\u00f1os garantizando mayor confort durante toda la experiencia.<\/span><\/li>\n<li><span data-sheets-root=\"1\">Ducha de agua dulce, para refrescarte despu\u00e9s de nadar en el mar.<\/span><\/li>\n<li><span data-sheets-root=\"1\"><span data-sheets-root=\"1\">Sistema de sonido premium con Bluetooth, para ambientar tu viaje con la mejor m\u00fasica.<\/span><\/span><\/li>\n<\/ul>\n","protected":false},"featured_media":1493,"comment_status":"open","ping_status":"closed","template":"","meta":{"_acf_changed":false,"_joinchat":[]},"product_brand":[],"product_cat":[63],"product_tag":[],"class_list":{"0":"post-1479","1":"product","2":"type-product","3":"status-publish","4":"has-post-thumbnail","6":"product_cat-catamaranes","8":"first","9":"instock","10":"shipping-taxable","11":"purchasable","12":"product-type-simple"},"acf":[],"yoast_head":"<!-- This site is optimized with the Yoast SEO plugin v25.1 - https:\/\/yoast.com\/wordpress\/plugins\/seo\/ -->\n<title>Leopard 43&#039; - Baru Luxury Travel Plans<\/title>\n<meta name=\"robots\" content=\"index, follow, max-snippet:-1, max-image-preview:large, max-video-preview:-1\" \/>\n<link rel=\"canonical\" href=\"https:\/\/baruluxury.com\/es\/producto\/leopard\/\" \/>\n<meta property=\"og:locale\" content=\"es_ES\" \/>\n<meta property=\"og:type\" content=\"article\" \/>\n<meta property=\"og:title\" content=\"Leopard 43&#039; - Baru Luxury Travel Plans\" \/>\n<meta property=\"og:description\" content=\"Descubre el lujo del Caribe a bordo del Leopard 43 Powercat  Vive una experiencia inigualable navegando en el Leopard 43 Powercat, un catamar\u00e1n dise\u00f1ado para brindar comodidad, estabilidad y elegancia en cada traves\u00eda. Con amplios espacios y un dise\u00f1o innovador, esta embarcaci\u00f3n es ideal para grupos de m\u00e1s de 15 personas, ofreciendo un ambiente exclusivo para celebrar, relajarse y disfrutar de la belleza natural del Caribe colombiano.  Explora las aguas turquesas de las Islas del Rosario, toma el sol en sus c\u00f3modas \u00e1reas de descanso o rel\u00e1jate a la sombra mientras disfrutas de una vista panor\u00e1mica de 360\u00b0 desde su espectacular flybridge.  \u00a0Caracter\u00edsticas destacadas para tu m\u00e1ximo confort:   Flybridge con vista de 360\u00b0, perfecto para una experiencia de navegaci\u00f3n segura y placentera.  Amplios espacios interiores con aire acondicionado y exteriores, ideales para compartir con familiares y amigos.  Asoleadoras en proa y flybridge, perfectas para broncearte mientras navegas.  Zona de sombra con c\u00f3modos asientos, para disfrutar del paisaje con total relajaci\u00f3n.  3 Cabinas y dos ba\u00f1os garantizando mayor confort durante toda la experiencia.  Ducha de agua dulce, para refrescarte despu\u00e9s de nadar en el mar.  Sistema de sonido premium con Bluetooth, para ambientar tu viaje con la mejor m\u00fasica.\" \/>\n<meta property=\"og:url\" content=\"https:\/\/baruluxury.com\/es\/producto\/leopard\/\" \/>\n<meta property=\"og:site_name\" content=\"Baru Luxury Travel Plans\" \/>\n<meta property=\"article:modified_time\" content=\"2025-10-07T00:27:18+00:00\" \/>\n<meta property=\"og:image\" content=\"https:\/\/baruluxury.com\/wp-content\/uploads\/2025\/04\/Leopard-14.jpg\" \/>\n\t<meta property=\"og:image:width\" content=\"2083\" \/>\n\t<meta property=\"og:image:height\" content=\"2083\" \/>\n\t<meta property=\"og:image:type\" content=\"image\/jpeg\" \/>\n<meta name=\"twitter:card\" content=\"summary_large_image\" \/>\n<meta name=\"twitter:label1\" content=\"Tiempo de lectura\" \/>\n\t<meta name=\"twitter:data1\" content=\"1 minuto\" \/>\n<script type=\"application\/ld+json\" class=\"yoast-schema-graph\">{\"@context\":\"https:\/\/schema.org\",\"@graph\":[{\"@type\":\"WebPage\",\"@id\":\"https:\/\/baruluxury.com\/producto\/leopard\/\",\"url\":\"https:\/\/baruluxury.com\/producto\/leopard\/\",\"name\":\"Leopard 43' - Baru Luxury Travel Plans\",\"isPartOf\":{\"@id\":\"https:\/\/baruluxury.com\/#website\"},\"primaryImageOfPage\":{\"@id\":\"https:\/\/baruluxury.com\/producto\/leopard\/#primaryimage\"},\"image\":{\"@id\":\"https:\/\/baruluxury.com\/producto\/leopard\/#primaryimage\"},\"thumbnailUrl\":\"https:\/\/baruluxury.com\/wp-content\/uploads\/2025\/04\/Leopard-14.jpg\",\"datePublished\":\"2025-04-01T21:17:55+00:00\",\"dateModified\":\"2025-10-07T00:27:18+00:00\",\"breadcrumb\":{\"@id\":\"https:\/\/baruluxury.com\/producto\/leopard\/#breadcrumb\"},\"inLanguage\":\"es\",\"potentialAction\":[{\"@type\":\"ReadAction\",\"target\":[\"https:\/\/baruluxury.com\/producto\/leopard\/\"]}]},{\"@type\":\"ImageObject\",\"inLanguage\":\"es\",\"@id\":\"https:\/\/baruluxury.com\/producto\/leopard\/#primaryimage\",\"url\":\"https:\/\/baruluxury.com\/wp-content\/uploads\/2025\/04\/Leopard-14.jpg\",\"contentUrl\":\"https:\/\/baruluxury.com\/wp-content\/uploads\/2025\/04\/Leopard-14.jpg\",\"width\":2083,\"height\":2083},{\"@type\":\"BreadcrumbList\",\"@id\":\"https:\/\/baruluxury.com\/producto\/leopard\/#breadcrumb\",\"itemListElement\":[{\"@type\":\"ListItem\",\"position\":1,\"name\":\"Portada\",\"item\":\"https:\/\/baruluxury.com\/\"},{\"@type\":\"ListItem\",\"position\":2,\"name\":\"Productos\",\"item\":\"https:\/\/baruluxury.com\/tienda\/\"},{\"@type\":\"ListItem\",\"position\":3,\"name\":\"Leopard 43&#8242;\"}]},{\"@type\":\"WebSite\",\"@id\":\"https:\/\/baruluxury.com\/#website\",\"url\":\"https:\/\/baruluxury.com\/\",\"name\":\"Baru Luxury Travel Plans\",\"description\":\"Atr&eacute;vete a Vivir su Magia\",\"potentialAction\":[{\"@type\":\"SearchAction\",\"target\":{\"@type\":\"EntryPoint\",\"urlTemplate\":\"https:\/\/baruluxury.com\/?s={search_term_string}\"},\"query-input\":{\"@type\":\"PropertyValueSpecification\",\"valueRequired\":true,\"valueName\":\"search_term_string\"}}],\"inLanguage\":\"es\"}]}<\/script>\n<!-- \/ Yoast SEO plugin. -->","yoast_head_json":{"title":"Leopard 43' - Baru Luxury Travel Plans","robots":{"index":"index","follow":"follow","max-snippet":"max-snippet:-1","max-image-preview":"max-image-preview:large","max-video-preview":"max-video-preview:-1"},"canonical":"https:\/\/baruluxury.com\/es\/producto\/leopard\/","og_locale":"es_ES","og_type":"article","og_title":"Leopard 43' - Baru Luxury Travel Plans","og_description":"Descubre el lujo del Caribe a bordo del Leopard 43 Powercat  Vive una experiencia inigualable navegando en el Leopard 43 Powercat, un catamar\u00e1n dise\u00f1ado para brindar comodidad, estabilidad y elegancia en cada traves\u00eda. Con amplios espacios y un dise\u00f1o innovador, esta embarcaci\u00f3n es ideal para grupos de m\u00e1s de 15 personas, ofreciendo un ambiente exclusivo para celebrar, relajarse y disfrutar de la belleza natural del Caribe colombiano.  Explora las aguas turquesas de las Islas del Rosario, toma el sol en sus c\u00f3modas \u00e1reas de descanso o rel\u00e1jate a la sombra mientras disfrutas de una vista panor\u00e1mica de 360\u00b0 desde su espectacular flybridge.  \u00a0Caracter\u00edsticas destacadas para tu m\u00e1ximo confort:   Flybridge con vista de 360\u00b0, perfecto para una experiencia de navegaci\u00f3n segura y placentera.  Amplios espacios interiores con aire acondicionado y exteriores, ideales para compartir con familiares y amigos.  Asoleadoras en proa y flybridge, perfectas para broncearte mientras navegas.  Zona de sombra con c\u00f3modos asientos, para disfrutar del paisaje con total relajaci\u00f3n.  3 Cabinas y dos ba\u00f1os garantizando mayor confort durante toda la experiencia.  Ducha de agua dulce, para refrescarte despu\u00e9s de nadar en el mar.  Sistema de sonido premium con Bluetooth, para ambientar tu viaje con la mejor m\u00fasica.","og_url":"https:\/\/baruluxury.com\/es\/producto\/leopard\/","og_site_name":"Baru Luxury Travel Plans","article_modified_time":"2025-10-07T00:27:18+00:00","og_image":[{"width":2083,"height":2083,"url":"https:\/\/baruluxury.com\/wp-content\/uploads\/2025\/04\/Leopard-14.jpg","type":"image\/jpeg"}],"twitter_card":"summary_large_image","twitter_misc":{"Tiempo de lectura":"1 minuto"},"schema":{"@context":"https:\/\/schema.org","@graph":[{"@type":"WebPage","@id":"https:\/\/baruluxury.com\/producto\/leopard\/","url":"https:\/\/baruluxury.com\/producto\/leopard\/","name":"Leopard 43' - Baru Luxury Travel Plans","isPartOf":{"@id":"https:\/\/baruluxury.com\/#website"},"primaryImageOfPage":{"@id":"https:\/\/baruluxury.com\/producto\/leopard\/#primaryimage"},"image":{"@id":"https:\/\/baruluxury.com\/producto\/leopard\/#primaryimage"},"thumbnailUrl":"https:\/\/baruluxury.com\/wp-content\/uploads\/2025\/04\/Leopard-14.jpg","datePublished":"2025-04-01T21:17:55+00:00","dateModified":"2025-10-07T00:27:18+00:00","breadcrumb":{"@id":"https:\/\/baruluxury.com\/producto\/leopard\/#breadcrumb"},"inLanguage":"es","potentialAction":[{"@type":"ReadAction","target":["https:\/\/baruluxury.com\/producto\/leopard\/"]}]},{"@type":"ImageObject","inLanguage":"es","@id":"https:\/\/baruluxury.com\/producto\/leopard\/#primaryimage","url":"https:\/\/baruluxury.com\/wp-content\/uploads\/2025\/04\/Leopard-14.jpg","contentUrl":"https:\/\/baruluxury.com\/wp-content\/uploads\/2025\/04\/Leopard-14.jpg","width":2083,"height":2083},{"@type":"BreadcrumbList","@id":"https:\/\/baruluxury.com\/producto\/leopard\/#breadcrumb","itemListElement":[{"@type":"ListItem","position":1,"name":"Portada","item":"https:\/\/baruluxury.com\/"},{"@type":"ListItem","position":2,"name":"Productos","item":"https:\/\/baruluxury.com\/tienda\/"},{"@type":"ListItem","position":3,"name":"Leopard 43&#8242;"}]},{"@type":"WebSite","@id":"https:\/\/baruluxury.com\/#website","url":"https:\/\/baruluxury.com\/","name":"Baru Luxury Travel Plans","description":"Atr&eacute;vete a Vivir su Magia","potentialAction":[{"@type":"SearchAction","target":{"@type":"EntryPoint","urlTemplate":"https:\/\/baruluxury.com\/?s={search_term_string}"},"query-input":{"@type":"PropertyValueSpecification","valueRequired":true,"valueName":"search_term_string"}}],"inLanguage":"es"}]}},"_links":{"self":[{"href":"https:\/\/baruluxury.com\/es\/wp-json\/wp\/v2\/product\/1479","targetHints":{"allow":["GET"]}}],"collection":[{"href":"https:\/\/baruluxury.com\/es\/wp-json\/wp\/v2\/product"}],"about":[{"href":"https:\/\/baruluxury.com\/es\/wp-json\/wp\/v2\/types\/product"}],"replies":[{"embeddable":true,"href":"https:\/\/baruluxury.com\/es\/wp-json\/wp\/v2\/comments?post=1479"}],"wp:featuredmedia":[{"embeddable":true,"href":"https:\/\/baruluxury.com\/es\/wp-json\/wp\/v2\/media\/1493"}],"wp:attachment":[{"href":"https:\/\/baruluxury.com\/es\/wp-json\/wp\/v2\/media?parent=1479"}],"wp:term":[{"taxonomy":"product_brand","embeddable":true,"href":"https:\/\/baruluxury.com\/es\/wp-json\/wp\/v2\/product_brand?post=1479"},{"taxonomy":"product_cat","embeddable":true,"href":"https:\/\/baruluxury.com\/es\/wp-json\/wp\/v2\/product_cat?post=1479"},{"taxonomy":"product_tag","embeddable":true,"href":"https:\/\/baruluxury.com\/es\/wp-json\/wp\/v2\/product_tag?post=1479"}],"curies":[{"name":"wp","href":"https:\/\/api.w.org\/{rel}","templated":true}]}}