{"id":1506,"date":"2025-04-02T12:41:31","date_gmt":"2025-04-02T12:41:31","guid":{"rendered":"https:\/\/baruluxury.com\/?post_type=product&#038;p=1506"},"modified":"2025-10-07T00:32:11","modified_gmt":"2025-10-07T00:32:11","slug":"sunseeker","status":"publish","type":"product","link":"https:\/\/baruluxury.com\/es\/producto\/sunseeker\/","title":{"rendered":"Sunseeker 82&#8242;"},"content":{"rendered":"","protected":false},"excerpt":{"rendered":"<p><span data-sheets-root=\"1\"><strong>Vive el lujo en alta mar a bordo del Sunseeker 82&#8242;\u00a0<\/strong><br \/>\n<\/span><\/p>\n<p><span data-sheets-root=\"1\">Emb\u00e1rcate en una experiencia exclusiva por las Islas del Rosario y la Bah\u00eda de Cartagena a bordo de este impresionante yate de 82 pies, dise\u00f1ado para ofrecer confort, elegancia y una navegaci\u00f3n sin igual.<\/span><\/p>\n<p>&nbsp;<\/p>\n<p><strong>Espacios de lujo para una experiencia inolvidable<\/strong><\/p>\n<p>Con capacidad para 20 hu\u00e9spedes, este yate es perfecto para un d\u00eda de sol, relax y celebraci\u00f3n en el Caribe. Disfruta de:<\/p>\n<ul>\n<li>4 camarotes para un descanso premium (capacidad para 8 personas).<\/li>\n<li>Suite principal con jacuzzi privado en el ba\u00f1o.<\/li>\n<li>Suite VIP con ba\u00f1o y dos habitaciones con camas individuales.<\/li>\n<li>Flybridge panor\u00e1mico con jacuzzi 360\u00b0, comedor y \u00e1rea lounge.<\/li>\n<li>Asoleadoras en proa para broncearte con estilo.<\/li>\n<li>Comedor en la popa para disfrutar de una comida especial<strong style=\"font-family: -apple-system, BlinkMacSystemFont, 'Segoe UI', Roboto, 'Helvetica Neue', Arial, 'Noto Sans', sans-serif, 'Apple Color Emoji', 'Segoe UI Emoji', 'Segoe UI Symbol', 'Noto Color Emoji';\">\u00a0<\/strong><\/li>\n<\/ul>\n","protected":false},"featured_media":2152,"comment_status":"open","ping_status":"closed","template":"","meta":{"_acf_changed":false,"_joinchat":[]},"product_brand":[],"product_cat":[59],"product_tag":[],"class_list":{"0":"post-1506","1":"product","2":"type-product","3":"status-publish","4":"has-post-thumbnail","6":"product_cat-yates","8":"first","9":"instock","10":"shipping-taxable","11":"purchasable","12":"product-type-simple"},"acf":[],"yoast_head":"<!-- This site is optimized with the Yoast SEO plugin v25.1 - https:\/\/yoast.com\/wordpress\/plugins\/seo\/ -->\n<title>Sunseeker 82&#039; - Baru Luxury Travel Plans<\/title>\n<meta name=\"robots\" content=\"index, follow, max-snippet:-1, max-image-preview:large, max-video-preview:-1\" \/>\n<link rel=\"canonical\" href=\"https:\/\/baruluxury.com\/es\/producto\/sunseeker\/\" \/>\n<meta property=\"og:locale\" content=\"es_ES\" \/>\n<meta property=\"og:type\" content=\"article\" \/>\n<meta property=\"og:title\" content=\"Sunseeker 82&#039; - Baru Luxury Travel Plans\" \/>\n<meta property=\"og:description\" content=\"Vive el lujo en alta mar a bordo del Sunseeker 82&#039;\u00a0   Emb\u00e1rcate en una experiencia exclusiva por las Islas del Rosario y la Bah\u00eda de Cartagena a bordo de este impresionante yate de 82 pies, dise\u00f1ado para ofrecer confort, elegancia y una navegaci\u00f3n sin igual.  &nbsp;  Espacios de lujo para una experiencia inolvidable  Con capacidad para 20 hu\u00e9spedes, este yate es perfecto para un d\u00eda de sol, relax y celebraci\u00f3n en el Caribe. Disfruta de:   4 camarotes para un descanso premium (capacidad para 8 personas).  Suite principal con jacuzzi privado en el ba\u00f1o.  Suite VIP con ba\u00f1o y dos habitaciones con camas individuales.  Flybridge panor\u00e1mico con jacuzzi 360\u00b0, comedor y \u00e1rea lounge.  Asoleadoras en proa para broncearte con estilo.  Comedor en la popa para disfrutar de una comida especial\u00a0\" \/>\n<meta property=\"og:url\" content=\"https:\/\/baruluxury.com\/es\/producto\/sunseeker\/\" \/>\n<meta property=\"og:site_name\" content=\"Baru Luxury Travel Plans\" \/>\n<meta property=\"article:modified_time\" content=\"2025-10-07T00:32:11+00:00\" \/>\n<meta property=\"og:image\" content=\"https:\/\/baruluxury.com\/wp-content\/uploads\/2025\/04\/Martlet-pagina-web-portada-1024x1024.png\" \/>\n\t<meta property=\"og:image:width\" content=\"1024\" \/>\n\t<meta property=\"og:image:height\" content=\"1024\" \/>\n\t<meta property=\"og:image:type\" content=\"image\/png\" \/>\n<meta name=\"twitter:card\" content=\"summary_large_image\" \/>\n<meta name=\"twitter:label1\" content=\"Tiempo de lectura\" \/>\n\t<meta name=\"twitter:data1\" content=\"1 minuto\" \/>\n<script type=\"application\/ld+json\" class=\"yoast-schema-graph\">{\"@context\":\"https:\/\/schema.org\",\"@graph\":[{\"@type\":\"WebPage\",\"@id\":\"https:\/\/baruluxury.com\/producto\/sunseeker\/\",\"url\":\"https:\/\/baruluxury.com\/producto\/sunseeker\/\",\"name\":\"Sunseeker 82' - Baru Luxury Travel Plans\",\"isPartOf\":{\"@id\":\"https:\/\/baruluxury.com\/#website\"},\"primaryImageOfPage\":{\"@id\":\"https:\/\/baruluxury.com\/producto\/sunseeker\/#primaryimage\"},\"image\":{\"@id\":\"https:\/\/baruluxury.com\/producto\/sunseeker\/#primaryimage\"},\"thumbnailUrl\":\"https:\/\/baruluxury.com\/wp-content\/uploads\/2025\/04\/Martlet-pagina-web-portada.png\",\"datePublished\":\"2025-04-02T12:41:31+00:00\",\"dateModified\":\"2025-10-07T00:32:11+00:00\",\"breadcrumb\":{\"@id\":\"https:\/\/baruluxury.com\/producto\/sunseeker\/#breadcrumb\"},\"inLanguage\":\"es\",\"potentialAction\":[{\"@type\":\"ReadAction\",\"target\":[\"https:\/\/baruluxury.com\/producto\/sunseeker\/\"]}]},{\"@type\":\"ImageObject\",\"inLanguage\":\"es\",\"@id\":\"https:\/\/baruluxury.com\/producto\/sunseeker\/#primaryimage\",\"url\":\"https:\/\/baruluxury.com\/wp-content\/uploads\/2025\/04\/Martlet-pagina-web-portada.png\",\"contentUrl\":\"https:\/\/baruluxury.com\/wp-content\/uploads\/2025\/04\/Martlet-pagina-web-portada.png\",\"width\":2083,\"height\":2083},{\"@type\":\"BreadcrumbList\",\"@id\":\"https:\/\/baruluxury.com\/producto\/sunseeker\/#breadcrumb\",\"itemListElement\":[{\"@type\":\"ListItem\",\"position\":1,\"name\":\"Portada\",\"item\":\"https:\/\/baruluxury.com\/\"},{\"@type\":\"ListItem\",\"position\":2,\"name\":\"Productos\",\"item\":\"https:\/\/baruluxury.com\/tienda\/\"},{\"@type\":\"ListItem\",\"position\":3,\"name\":\"Sunseeker 82&#8242;\"}]},{\"@type\":\"WebSite\",\"@id\":\"https:\/\/baruluxury.com\/#website\",\"url\":\"https:\/\/baruluxury.com\/\",\"name\":\"Baru Luxury Travel Plans\",\"description\":\"Atr&eacute;vete a Vivir su Magia\",\"potentialAction\":[{\"@type\":\"SearchAction\",\"target\":{\"@type\":\"EntryPoint\",\"urlTemplate\":\"https:\/\/baruluxury.com\/?s={search_term_string}\"},\"query-input\":{\"@type\":\"PropertyValueSpecification\",\"valueRequired\":true,\"valueName\":\"search_term_string\"}}],\"inLanguage\":\"es\"}]}<\/script>\n<!-- \/ Yoast SEO plugin. -->","yoast_head_json":{"title":"Sunseeker 82' - Baru Luxury Travel Plans","robots":{"index":"index","follow":"follow","max-snippet":"max-snippet:-1","max-image-preview":"max-image-preview:large","max-video-preview":"max-video-preview:-1"},"canonical":"https:\/\/baruluxury.com\/es\/producto\/sunseeker\/","og_locale":"es_ES","og_type":"article","og_title":"Sunseeker 82' - Baru Luxury Travel Plans","og_description":"Vive el lujo en alta mar a bordo del Sunseeker 82'\u00a0   Emb\u00e1rcate en una experiencia exclusiva por las Islas del Rosario y la Bah\u00eda de Cartagena a bordo de este impresionante yate de 82 pies, dise\u00f1ado para ofrecer confort, elegancia y una navegaci\u00f3n sin igual.  &nbsp;  Espacios de lujo para una experiencia inolvidable  Con capacidad para 20 hu\u00e9spedes, este yate es perfecto para un d\u00eda de sol, relax y celebraci\u00f3n en el Caribe. Disfruta de:   4 camarotes para un descanso premium (capacidad para 8 personas).  Suite principal con jacuzzi privado en el ba\u00f1o.  Suite VIP con ba\u00f1o y dos habitaciones con camas individuales.  Flybridge panor\u00e1mico con jacuzzi 360\u00b0, comedor y \u00e1rea lounge.  Asoleadoras en proa para broncearte con estilo.  Comedor en la popa para disfrutar de una comida especial\u00a0","og_url":"https:\/\/baruluxury.com\/es\/producto\/sunseeker\/","og_site_name":"Baru Luxury Travel Plans","article_modified_time":"2025-10-07T00:32:11+00:00","og_image":[{"width":1024,"height":1024,"url":"https:\/\/baruluxury.com\/wp-content\/uploads\/2025\/04\/Martlet-pagina-web-portada-1024x1024.png","type":"image\/png"}],"twitter_card":"summary_large_image","twitter_misc":{"Tiempo de lectura":"1 minuto"},"schema":{"@context":"https:\/\/schema.org","@graph":[{"@type":"WebPage","@id":"https:\/\/baruluxury.com\/producto\/sunseeker\/","url":"https:\/\/baruluxury.com\/producto\/sunseeker\/","name":"Sunseeker 82' - Baru Luxury Travel Plans","isPartOf":{"@id":"https:\/\/baruluxury.com\/#website"},"primaryImageOfPage":{"@id":"https:\/\/baruluxury.com\/producto\/sunseeker\/#primaryimage"},"image":{"@id":"https:\/\/baruluxury.com\/producto\/sunseeker\/#primaryimage"},"thumbnailUrl":"https:\/\/baruluxury.com\/wp-content\/uploads\/2025\/04\/Martlet-pagina-web-portada.png","datePublished":"2025-04-02T12:41:31+00:00","dateModified":"2025-10-07T00:32:11+00:00","breadcrumb":{"@id":"https:\/\/baruluxury.com\/producto\/sunseeker\/#breadcrumb"},"inLanguage":"es","potentialAction":[{"@type":"ReadAction","target":["https:\/\/baruluxury.com\/producto\/sunseeker\/"]}]},{"@type":"ImageObject","inLanguage":"es","@id":"https:\/\/baruluxury.com\/producto\/sunseeker\/#primaryimage","url":"https:\/\/baruluxury.com\/wp-content\/uploads\/2025\/04\/Martlet-pagina-web-portada.png","contentUrl":"https:\/\/baruluxury.com\/wp-content\/uploads\/2025\/04\/Martlet-pagina-web-portada.png","width":2083,"height":2083},{"@type":"BreadcrumbList","@id":"https:\/\/baruluxury.com\/producto\/sunseeker\/#breadcrumb","itemListElement":[{"@type":"ListItem","position":1,"name":"Portada","item":"https:\/\/baruluxury.com\/"},{"@type":"ListItem","position":2,"name":"Productos","item":"https:\/\/baruluxury.com\/tienda\/"},{"@type":"ListItem","position":3,"name":"Sunseeker 82&#8242;"}]},{"@type":"WebSite","@id":"https:\/\/baruluxury.com\/#website","url":"https:\/\/baruluxury.com\/","name":"Baru Luxury Travel Plans","description":"Atr&eacute;vete a Vivir su Magia","potentialAction":[{"@type":"SearchAction","target":{"@type":"EntryPoint","urlTemplate":"https:\/\/baruluxury.com\/?s={search_term_string}"},"query-input":{"@type":"PropertyValueSpecification","valueRequired":true,"valueName":"search_term_string"}}],"inLanguage":"es"}]}},"_links":{"self":[{"href":"https:\/\/baruluxury.com\/es\/wp-json\/wp\/v2\/product\/1506","targetHints":{"allow":["GET"]}}],"collection":[{"href":"https:\/\/baruluxury.com\/es\/wp-json\/wp\/v2\/product"}],"about":[{"href":"https:\/\/baruluxury.com\/es\/wp-json\/wp\/v2\/types\/product"}],"replies":[{"embeddable":true,"href":"https:\/\/baruluxury.com\/es\/wp-json\/wp\/v2\/comments?post=1506"}],"wp:featuredmedia":[{"embeddable":true,"href":"https:\/\/baruluxury.com\/es\/wp-json\/wp\/v2\/media\/2152"}],"wp:attachment":[{"href":"https:\/\/baruluxury.com\/es\/wp-json\/wp\/v2\/media?parent=1506"}],"wp:term":[{"taxonomy":"product_brand","embeddable":true,"href":"https:\/\/baruluxury.com\/es\/wp-json\/wp\/v2\/product_brand?post=1506"},{"taxonomy":"product_cat","embeddable":true,"href":"https:\/\/baruluxury.com\/es\/wp-json\/wp\/v2\/product_cat?post=1506"},{"taxonomy":"product_tag","embeddable":true,"href":"https:\/\/baruluxury.com\/es\/wp-json\/wp\/v2\/product_tag?post=1506"}],"curies":[{"name":"wp","href":"https:\/\/api.w.org\/{rel}","templated":true}]}}