{"id":1856,"date":"2025-04-11T17:19:10","date_gmt":"2025-04-11T17:19:10","guid":{"rendered":"https:\/\/baruluxury.com\/?post_type=product&#038;p=1856"},"modified":"2025-10-07T00:31:19","modified_gmt":"2025-10-07T00:31:19","slug":"sea-ray-56","status":"publish","type":"product","link":"https:\/\/baruluxury.com\/es\/producto\/sea-ray-56\/","title":{"rendered":"Sea Ray 56&#8242;"},"content":{"rendered":"","protected":false},"excerpt":{"rendered":"<p><span data-sheets-root=\"1\"><strong>Explora el Caribe a bordo del exclusivo Sea Ray 56&#8242; &#8211; Cork Trick\u00a0<\/strong><br \/>\n<\/span><\/p>\n<p><span data-sheets-root=\"1\">Zarpa hacia Chol\u00f3n o las Islas del Rosario en este elegante yate de 56 pies, dise\u00f1ado para brindarte confort, lujo y diversi\u00f3n en alta mar. Disfruta de un d\u00eda soleado, con buena m\u00fasica y la mejor compa\u00f1\u00eda mientras navegas por las aguas cristalinas del Caribe.<\/span><\/p>\n<p><strong>Espacios de lujo para una experiencia inolvidable<\/strong><\/p>\n<p><span data-sheets-root=\"1\">Con capacidad para 20 hu\u00e9spedes, este yate es la opci\u00f3n perfecta para un d\u00eda de relax y celebraci\u00f3n en el mar. A bordo encontrar\u00e1s:<\/span><\/p>\n<ul>\n<li><span data-sheets-root=\"1\">Suite principal con ba\u00f1o privado.<\/span><\/li>\n<li><span data-sheets-root=\"1\">Suite VIP y habitaci\u00f3n con literas y ba\u00f1o compartido.<\/span><\/li>\n<li><span data-sheets-root=\"1\">Flybridge panor\u00e1mico con comedor y \u00e1rea lounge.<\/span><\/li>\n<li><span data-sheets-root=\"1\">Asoleadoras en proa para broncearte con estilo.<\/span><\/li>\n<li><span data-sheets-root=\"1\">Plataforma en popa ideal para actividades acu\u00e1ticas.<\/span><\/li>\n<li><span data-sheets-root=\"1\">Dos salas de estar: una al aire libre y otra interior con comodidad absoluta.<\/span><\/li>\n<li><span data-sheets-root=\"1\">Cocina y comedor completamente equipados.<\/span><\/li>\n<li><span data-sheets-root=\"1\"><span data-sheets-root=\"1\">Sistema de sonido premium para disfrutar de la mejor playlist en el mar.<\/span><\/span>Reserva tu experiencia ahora y navega con estilo por el Caribe.<\/li>\n<\/ul>\n","protected":false},"featured_media":2516,"comment_status":"open","ping_status":"closed","template":"","meta":{"_acf_changed":false,"_joinchat":[]},"product_brand":[],"product_cat":[69,59],"product_tag":[],"class_list":{"0":"post-1856","1":"product","2":"type-product","3":"status-publish","4":"has-post-thumbnail","6":"product_cat-destacados","7":"product_cat-yates","9":"first","10":"instock","11":"shipping-taxable","12":"purchasable","13":"product-type-simple"},"acf":[],"yoast_head":"<!-- This site is optimized with the Yoast SEO plugin v25.1 - https:\/\/yoast.com\/wordpress\/plugins\/seo\/ -->\n<title>Sea Ray 56&#039; - Baru Luxury Travel Plans<\/title>\n<meta name=\"robots\" content=\"index, follow, max-snippet:-1, max-image-preview:large, max-video-preview:-1\" \/>\n<link rel=\"canonical\" href=\"https:\/\/baruluxury.com\/es\/producto\/sea-ray-56\/\" \/>\n<meta property=\"og:locale\" content=\"es_ES\" \/>\n<meta property=\"og:type\" content=\"article\" \/>\n<meta property=\"og:title\" content=\"Sea Ray 56&#039; - Baru Luxury Travel Plans\" \/>\n<meta property=\"og:description\" content=\"Explora el Caribe a bordo del exclusivo Sea Ray 56&#039; - Cork Trick\u00a0   Zarpa hacia Chol\u00f3n o las Islas del Rosario en este elegante yate de 56 pies, dise\u00f1ado para brindarte confort, lujo y diversi\u00f3n en alta mar. Disfruta de un d\u00eda soleado, con buena m\u00fasica y la mejor compa\u00f1\u00eda mientras navegas por las aguas cristalinas del Caribe.  Espacios de lujo para una experiencia inolvidable  Con capacidad para 20 hu\u00e9spedes, este yate es la opci\u00f3n perfecta para un d\u00eda de relax y celebraci\u00f3n en el mar. A bordo encontrar\u00e1s:   Suite principal con ba\u00f1o privado.  Suite VIP y habitaci\u00f3n con literas y ba\u00f1o compartido.  Flybridge panor\u00e1mico con comedor y \u00e1rea lounge.  Asoleadoras en proa para broncearte con estilo.  Plataforma en popa ideal para actividades acu\u00e1ticas.  Dos salas de estar: una al aire libre y otra interior con comodidad absoluta.  Cocina y comedor completamente equipados.  Sistema de sonido premium para disfrutar de la mejor playlist en el mar.Reserva tu experiencia ahora y navega con estilo por el Caribe.\" \/>\n<meta property=\"og:url\" content=\"https:\/\/baruluxury.com\/es\/producto\/sea-ray-56\/\" \/>\n<meta property=\"og:site_name\" content=\"Baru Luxury Travel Plans\" \/>\n<meta property=\"article:modified_time\" content=\"2025-10-07T00:31:19+00:00\" \/>\n<meta property=\"og:image\" content=\"https:\/\/baruluxury.com\/wp-content\/uploads\/2025\/04\/Yate-Sea-Ray-56-2-scaled.jpg\" \/>\n\t<meta property=\"og:image:width\" content=\"2560\" \/>\n\t<meta property=\"og:image:height\" content=\"2560\" \/>\n\t<meta property=\"og:image:type\" content=\"image\/jpeg\" \/>\n<meta name=\"twitter:card\" content=\"summary_large_image\" \/>\n<meta name=\"twitter:label1\" content=\"Tiempo de lectura\" \/>\n\t<meta name=\"twitter:data1\" content=\"1 minuto\" \/>\n<script type=\"application\/ld+json\" class=\"yoast-schema-graph\">{\"@context\":\"https:\/\/schema.org\",\"@graph\":[{\"@type\":\"WebPage\",\"@id\":\"https:\/\/baruluxury.com\/producto\/sea-ray-56\/\",\"url\":\"https:\/\/baruluxury.com\/producto\/sea-ray-56\/\",\"name\":\"Sea Ray 56' - Baru Luxury Travel Plans\",\"isPartOf\":{\"@id\":\"https:\/\/baruluxury.com\/#website\"},\"primaryImageOfPage\":{\"@id\":\"https:\/\/baruluxury.com\/producto\/sea-ray-56\/#primaryimage\"},\"image\":{\"@id\":\"https:\/\/baruluxury.com\/producto\/sea-ray-56\/#primaryimage\"},\"thumbnailUrl\":\"https:\/\/baruluxury.com\/wp-content\/uploads\/2025\/04\/Yate-Sea-Ray-56-2-scaled.jpg\",\"datePublished\":\"2025-04-11T17:19:10+00:00\",\"dateModified\":\"2025-10-07T00:31:19+00:00\",\"breadcrumb\":{\"@id\":\"https:\/\/baruluxury.com\/producto\/sea-ray-56\/#breadcrumb\"},\"inLanguage\":\"es\",\"potentialAction\":[{\"@type\":\"ReadAction\",\"target\":[\"https:\/\/baruluxury.com\/producto\/sea-ray-56\/\"]}]},{\"@type\":\"ImageObject\",\"inLanguage\":\"es\",\"@id\":\"https:\/\/baruluxury.com\/producto\/sea-ray-56\/#primaryimage\",\"url\":\"https:\/\/baruluxury.com\/wp-content\/uploads\/2025\/04\/Yate-Sea-Ray-56-2-scaled.jpg\",\"contentUrl\":\"https:\/\/baruluxury.com\/wp-content\/uploads\/2025\/04\/Yate-Sea-Ray-56-2-scaled.jpg\",\"width\":2560,\"height\":2560},{\"@type\":\"BreadcrumbList\",\"@id\":\"https:\/\/baruluxury.com\/producto\/sea-ray-56\/#breadcrumb\",\"itemListElement\":[{\"@type\":\"ListItem\",\"position\":1,\"name\":\"Portada\",\"item\":\"https:\/\/baruluxury.com\/\"},{\"@type\":\"ListItem\",\"position\":2,\"name\":\"Productos\",\"item\":\"https:\/\/baruluxury.com\/tienda\/\"},{\"@type\":\"ListItem\",\"position\":3,\"name\":\"Sea Ray 56&#8242;\"}]},{\"@type\":\"WebSite\",\"@id\":\"https:\/\/baruluxury.com\/#website\",\"url\":\"https:\/\/baruluxury.com\/\",\"name\":\"Baru Luxury Travel Plans\",\"description\":\"Atr&eacute;vete a Vivir su Magia\",\"potentialAction\":[{\"@type\":\"SearchAction\",\"target\":{\"@type\":\"EntryPoint\",\"urlTemplate\":\"https:\/\/baruluxury.com\/?s={search_term_string}\"},\"query-input\":{\"@type\":\"PropertyValueSpecification\",\"valueRequired\":true,\"valueName\":\"search_term_string\"}}],\"inLanguage\":\"es\"}]}<\/script>\n<!-- \/ Yoast SEO plugin. -->","yoast_head_json":{"title":"Sea Ray 56' - Baru Luxury Travel Plans","robots":{"index":"index","follow":"follow","max-snippet":"max-snippet:-1","max-image-preview":"max-image-preview:large","max-video-preview":"max-video-preview:-1"},"canonical":"https:\/\/baruluxury.com\/es\/producto\/sea-ray-56\/","og_locale":"es_ES","og_type":"article","og_title":"Sea Ray 56' - Baru Luxury Travel Plans","og_description":"Explora el Caribe a bordo del exclusivo Sea Ray 56' - Cork Trick\u00a0   Zarpa hacia Chol\u00f3n o las Islas del Rosario en este elegante yate de 56 pies, dise\u00f1ado para brindarte confort, lujo y diversi\u00f3n en alta mar. Disfruta de un d\u00eda soleado, con buena m\u00fasica y la mejor compa\u00f1\u00eda mientras navegas por las aguas cristalinas del Caribe.  Espacios de lujo para una experiencia inolvidable  Con capacidad para 20 hu\u00e9spedes, este yate es la opci\u00f3n perfecta para un d\u00eda de relax y celebraci\u00f3n en el mar. A bordo encontrar\u00e1s:   Suite principal con ba\u00f1o privado.  Suite VIP y habitaci\u00f3n con literas y ba\u00f1o compartido.  Flybridge panor\u00e1mico con comedor y \u00e1rea lounge.  Asoleadoras en proa para broncearte con estilo.  Plataforma en popa ideal para actividades acu\u00e1ticas.  Dos salas de estar: una al aire libre y otra interior con comodidad absoluta.  Cocina y comedor completamente equipados.  Sistema de sonido premium para disfrutar de la mejor playlist en el mar.Reserva tu experiencia ahora y navega con estilo por el Caribe.","og_url":"https:\/\/baruluxury.com\/es\/producto\/sea-ray-56\/","og_site_name":"Baru Luxury Travel Plans","article_modified_time":"2025-10-07T00:31:19+00:00","og_image":[{"width":2560,"height":2560,"url":"https:\/\/baruluxury.com\/wp-content\/uploads\/2025\/04\/Yate-Sea-Ray-56-2-scaled.jpg","type":"image\/jpeg"}],"twitter_card":"summary_large_image","twitter_misc":{"Tiempo de lectura":"1 minuto"},"schema":{"@context":"https:\/\/schema.org","@graph":[{"@type":"WebPage","@id":"https:\/\/baruluxury.com\/producto\/sea-ray-56\/","url":"https:\/\/baruluxury.com\/producto\/sea-ray-56\/","name":"Sea Ray 56' - Baru Luxury Travel Plans","isPartOf":{"@id":"https:\/\/baruluxury.com\/#website"},"primaryImageOfPage":{"@id":"https:\/\/baruluxury.com\/producto\/sea-ray-56\/#primaryimage"},"image":{"@id":"https:\/\/baruluxury.com\/producto\/sea-ray-56\/#primaryimage"},"thumbnailUrl":"https:\/\/baruluxury.com\/wp-content\/uploads\/2025\/04\/Yate-Sea-Ray-56-2-scaled.jpg","datePublished":"2025-04-11T17:19:10+00:00","dateModified":"2025-10-07T00:31:19+00:00","breadcrumb":{"@id":"https:\/\/baruluxury.com\/producto\/sea-ray-56\/#breadcrumb"},"inLanguage":"es","potentialAction":[{"@type":"ReadAction","target":["https:\/\/baruluxury.com\/producto\/sea-ray-56\/"]}]},{"@type":"ImageObject","inLanguage":"es","@id":"https:\/\/baruluxury.com\/producto\/sea-ray-56\/#primaryimage","url":"https:\/\/baruluxury.com\/wp-content\/uploads\/2025\/04\/Yate-Sea-Ray-56-2-scaled.jpg","contentUrl":"https:\/\/baruluxury.com\/wp-content\/uploads\/2025\/04\/Yate-Sea-Ray-56-2-scaled.jpg","width":2560,"height":2560},{"@type":"BreadcrumbList","@id":"https:\/\/baruluxury.com\/producto\/sea-ray-56\/#breadcrumb","itemListElement":[{"@type":"ListItem","position":1,"name":"Portada","item":"https:\/\/baruluxury.com\/"},{"@type":"ListItem","position":2,"name":"Productos","item":"https:\/\/baruluxury.com\/tienda\/"},{"@type":"ListItem","position":3,"name":"Sea Ray 56&#8242;"}]},{"@type":"WebSite","@id":"https:\/\/baruluxury.com\/#website","url":"https:\/\/baruluxury.com\/","name":"Baru Luxury Travel Plans","description":"Atr&eacute;vete a Vivir su Magia","potentialAction":[{"@type":"SearchAction","target":{"@type":"EntryPoint","urlTemplate":"https:\/\/baruluxury.com\/?s={search_term_string}"},"query-input":{"@type":"PropertyValueSpecification","valueRequired":true,"valueName":"search_term_string"}}],"inLanguage":"es"}]}},"_links":{"self":[{"href":"https:\/\/baruluxury.com\/es\/wp-json\/wp\/v2\/product\/1856","targetHints":{"allow":["GET"]}}],"collection":[{"href":"https:\/\/baruluxury.com\/es\/wp-json\/wp\/v2\/product"}],"about":[{"href":"https:\/\/baruluxury.com\/es\/wp-json\/wp\/v2\/types\/product"}],"replies":[{"embeddable":true,"href":"https:\/\/baruluxury.com\/es\/wp-json\/wp\/v2\/comments?post=1856"}],"wp:featuredmedia":[{"embeddable":true,"href":"https:\/\/baruluxury.com\/es\/wp-json\/wp\/v2\/media\/2516"}],"wp:attachment":[{"href":"https:\/\/baruluxury.com\/es\/wp-json\/wp\/v2\/media?parent=1856"}],"wp:term":[{"taxonomy":"product_brand","embeddable":true,"href":"https:\/\/baruluxury.com\/es\/wp-json\/wp\/v2\/product_brand?post=1856"},{"taxonomy":"product_cat","embeddable":true,"href":"https:\/\/baruluxury.com\/es\/wp-json\/wp\/v2\/product_cat?post=1856"},{"taxonomy":"product_tag","embeddable":true,"href":"https:\/\/baruluxury.com\/es\/wp-json\/wp\/v2\/product_tag?post=1856"}],"curies":[{"name":"wp","href":"https:\/\/api.w.org\/{rel}","templated":true}]}}