{"id":1887,"date":"2025-04-11T17:31:51","date_gmt":"2025-04-11T17:31:51","guid":{"rendered":"https:\/\/baruluxury.com\/?post_type=product&#038;p=1887"},"modified":"2025-10-07T00:22:49","modified_gmt":"2025-10-07T00:22:49","slug":"firpol-42","status":"publish","type":"product","link":"https:\/\/baruluxury.com\/es\/producto\/firpol-42\/","title":{"rendered":"Firpol 42&#8242;"},"content":{"rendered":"","protected":false},"excerpt":{"rendered":"<p><span data-sheets-root=\"1\"><strong>Descubre la emoci\u00f3n y el lujo a bordo de este bote deportivo de 42&#8242;<\/strong><\/span><\/p>\n<p>Este incre\u00edble bote deportivo de 42 pies del 2024 est\u00e1 dise\u00f1ado para aquellos que buscan combinar velocidad, confort y aventura en las cristalinas aguas del Caribe. Ideal para explorar la costa, visitar las Islas del Rosario o simplemente disfrutar de un d\u00eda inolvidable con amigos y familia.<\/p>\n<p><strong>Caracter\u00edsticas premium para una experiencia inigualable:<\/strong><\/p>\n<ul>\n<li><span data-sheets-root=\"1\">Asoleadora en proa y consola, perfecta para relajarte y broncearte bajo el sol.<\/span><\/li>\n<li><span data-sheets-root=\"1\">Amplia zona de asientos en proa y popa, con mesa incluida para disfrutar del viaje con total comodidad.<\/span><\/li>\n<li><span data-sheets-root=\"1\">Puerta en el costado lateral derecho, que facilita el embarque y desembarque.<\/span><\/li>\n<li><span data-sheets-root=\"1\">Ba\u00f1o completo para mayor confort durante la traves\u00eda.<\/span><\/li>\n<li><span data-sheets-root=\"1\">Ducha de agua dulce, ideal para refrescarte despu\u00e9s de nadar.<\/span><\/li>\n<li><span data-sheets-root=\"1\"><span data-sheets-root=\"1\">Sistema de sonido JL Audio con conexi\u00f3n Bluetooth, para disfrutar de tu playlist favorita en el mar.<\/span><\/span>Reserva y emb\u00e1rcate en la aventura que mereces y navega con la m\u00e1xima comodidad y estilo.<\/li>\n<\/ul>\n","protected":false},"featured_media":1888,"comment_status":"open","ping_status":"closed","template":"","meta":{"_acf_changed":false,"_joinchat":[]},"product_brand":[],"product_cat":[62],"product_tag":[],"class_list":{"0":"post-1887","1":"product","2":"type-product","3":"status-publish","4":"has-post-thumbnail","6":"product_cat-botes","8":"first","9":"instock","10":"shipping-taxable","11":"purchasable","12":"product-type-simple"},"acf":[],"yoast_head":"<!-- This site is optimized with the Yoast SEO plugin v25.1 - https:\/\/yoast.com\/wordpress\/plugins\/seo\/ -->\n<title>Firpol 42&#039; - Baru Luxury Travel Plans<\/title>\n<meta name=\"robots\" content=\"index, follow, max-snippet:-1, max-image-preview:large, max-video-preview:-1\" \/>\n<link rel=\"canonical\" href=\"https:\/\/baruluxury.com\/es\/producto\/firpol-42\/\" \/>\n<meta property=\"og:locale\" content=\"es_ES\" \/>\n<meta property=\"og:type\" content=\"article\" \/>\n<meta property=\"og:title\" content=\"Firpol 42&#039; - Baru Luxury Travel Plans\" \/>\n<meta property=\"og:description\" content=\"Descubre la emoci\u00f3n y el lujo a bordo de este bote deportivo de 42&#039;  Este incre\u00edble bote deportivo de 42 pies del 2024 est\u00e1 dise\u00f1ado para aquellos que buscan combinar velocidad, confort y aventura en las cristalinas aguas del Caribe. Ideal para explorar la costa, visitar las Islas del Rosario o simplemente disfrutar de un d\u00eda inolvidable con amigos y familia.  Caracter\u00edsticas premium para una experiencia inigualable:   Asoleadora en proa y consola, perfecta para relajarte y broncearte bajo el sol.  Amplia zona de asientos en proa y popa, con mesa incluida para disfrutar del viaje con total comodidad.  Puerta en el costado lateral derecho, que facilita el embarque y desembarque.  Ba\u00f1o completo para mayor confort durante la traves\u00eda.  Ducha de agua dulce, ideal para refrescarte despu\u00e9s de nadar.  Sistema de sonido JL Audio con conexi\u00f3n Bluetooth, para disfrutar de tu playlist favorita en el mar.Reserva y emb\u00e1rcate en la aventura que mereces y navega con la m\u00e1xima comodidad y estilo.\" \/>\n<meta property=\"og:url\" content=\"https:\/\/baruluxury.com\/es\/producto\/firpol-42\/\" \/>\n<meta property=\"og:site_name\" content=\"Baru Luxury Travel Plans\" \/>\n<meta property=\"article:modified_time\" content=\"2025-10-07T00:22:49+00:00\" \/>\n<meta property=\"og:image\" content=\"https:\/\/baruluxury.com\/wp-content\/uploads\/2025\/04\/FIRPOL_Mesa-de-trabajo-1-copia-3-scaled.jpg\" \/>\n\t<meta property=\"og:image:width\" content=\"2560\" \/>\n\t<meta property=\"og:image:height\" content=\"2560\" \/>\n\t<meta property=\"og:image:type\" content=\"image\/jpeg\" \/>\n<meta name=\"twitter:card\" content=\"summary_large_image\" \/>\n<meta name=\"twitter:label1\" content=\"Tiempo de lectura\" \/>\n\t<meta name=\"twitter:data1\" content=\"1 minuto\" \/>\n<script type=\"application\/ld+json\" class=\"yoast-schema-graph\">{\"@context\":\"https:\/\/schema.org\",\"@graph\":[{\"@type\":\"WebPage\",\"@id\":\"https:\/\/baruluxury.com\/producto\/firpol-42\/\",\"url\":\"https:\/\/baruluxury.com\/producto\/firpol-42\/\",\"name\":\"Firpol 42' - Baru Luxury Travel Plans\",\"isPartOf\":{\"@id\":\"https:\/\/baruluxury.com\/#website\"},\"primaryImageOfPage\":{\"@id\":\"https:\/\/baruluxury.com\/producto\/firpol-42\/#primaryimage\"},\"image\":{\"@id\":\"https:\/\/baruluxury.com\/producto\/firpol-42\/#primaryimage\"},\"thumbnailUrl\":\"https:\/\/baruluxury.com\/wp-content\/uploads\/2025\/04\/FIRPOL_Mesa-de-trabajo-1-copia-3-scaled.jpg\",\"datePublished\":\"2025-04-11T17:31:51+00:00\",\"dateModified\":\"2025-10-07T00:22:49+00:00\",\"breadcrumb\":{\"@id\":\"https:\/\/baruluxury.com\/producto\/firpol-42\/#breadcrumb\"},\"inLanguage\":\"es\",\"potentialAction\":[{\"@type\":\"ReadAction\",\"target\":[\"https:\/\/baruluxury.com\/producto\/firpol-42\/\"]}]},{\"@type\":\"ImageObject\",\"inLanguage\":\"es\",\"@id\":\"https:\/\/baruluxury.com\/producto\/firpol-42\/#primaryimage\",\"url\":\"https:\/\/baruluxury.com\/wp-content\/uploads\/2025\/04\/FIRPOL_Mesa-de-trabajo-1-copia-3-scaled.jpg\",\"contentUrl\":\"https:\/\/baruluxury.com\/wp-content\/uploads\/2025\/04\/FIRPOL_Mesa-de-trabajo-1-copia-3-scaled.jpg\",\"width\":2560,\"height\":2560},{\"@type\":\"BreadcrumbList\",\"@id\":\"https:\/\/baruluxury.com\/producto\/firpol-42\/#breadcrumb\",\"itemListElement\":[{\"@type\":\"ListItem\",\"position\":1,\"name\":\"Portada\",\"item\":\"https:\/\/baruluxury.com\/\"},{\"@type\":\"ListItem\",\"position\":2,\"name\":\"Productos\",\"item\":\"https:\/\/baruluxury.com\/tienda\/\"},{\"@type\":\"ListItem\",\"position\":3,\"name\":\"Firpol 42&#8242;\"}]},{\"@type\":\"WebSite\",\"@id\":\"https:\/\/baruluxury.com\/#website\",\"url\":\"https:\/\/baruluxury.com\/\",\"name\":\"Baru Luxury Travel Plans\",\"description\":\"Atr&eacute;vete a Vivir su Magia\",\"potentialAction\":[{\"@type\":\"SearchAction\",\"target\":{\"@type\":\"EntryPoint\",\"urlTemplate\":\"https:\/\/baruluxury.com\/?s={search_term_string}\"},\"query-input\":{\"@type\":\"PropertyValueSpecification\",\"valueRequired\":true,\"valueName\":\"search_term_string\"}}],\"inLanguage\":\"es\"}]}<\/script>\n<!-- \/ Yoast SEO plugin. -->","yoast_head_json":{"title":"Firpol 42' - Baru Luxury Travel Plans","robots":{"index":"index","follow":"follow","max-snippet":"max-snippet:-1","max-image-preview":"max-image-preview:large","max-video-preview":"max-video-preview:-1"},"canonical":"https:\/\/baruluxury.com\/es\/producto\/firpol-42\/","og_locale":"es_ES","og_type":"article","og_title":"Firpol 42' - Baru Luxury Travel Plans","og_description":"Descubre la emoci\u00f3n y el lujo a bordo de este bote deportivo de 42'  Este incre\u00edble bote deportivo de 42 pies del 2024 est\u00e1 dise\u00f1ado para aquellos que buscan combinar velocidad, confort y aventura en las cristalinas aguas del Caribe. Ideal para explorar la costa, visitar las Islas del Rosario o simplemente disfrutar de un d\u00eda inolvidable con amigos y familia.  Caracter\u00edsticas premium para una experiencia inigualable:   Asoleadora en proa y consola, perfecta para relajarte y broncearte bajo el sol.  Amplia zona de asientos en proa y popa, con mesa incluida para disfrutar del viaje con total comodidad.  Puerta en el costado lateral derecho, que facilita el embarque y desembarque.  Ba\u00f1o completo para mayor confort durante la traves\u00eda.  Ducha de agua dulce, ideal para refrescarte despu\u00e9s de nadar.  Sistema de sonido JL Audio con conexi\u00f3n Bluetooth, para disfrutar de tu playlist favorita en el mar.Reserva y emb\u00e1rcate en la aventura que mereces y navega con la m\u00e1xima comodidad y estilo.","og_url":"https:\/\/baruluxury.com\/es\/producto\/firpol-42\/","og_site_name":"Baru Luxury Travel Plans","article_modified_time":"2025-10-07T00:22:49+00:00","og_image":[{"width":2560,"height":2560,"url":"https:\/\/baruluxury.com\/wp-content\/uploads\/2025\/04\/FIRPOL_Mesa-de-trabajo-1-copia-3-scaled.jpg","type":"image\/jpeg"}],"twitter_card":"summary_large_image","twitter_misc":{"Tiempo de lectura":"1 minuto"},"schema":{"@context":"https:\/\/schema.org","@graph":[{"@type":"WebPage","@id":"https:\/\/baruluxury.com\/producto\/firpol-42\/","url":"https:\/\/baruluxury.com\/producto\/firpol-42\/","name":"Firpol 42' - Baru Luxury Travel Plans","isPartOf":{"@id":"https:\/\/baruluxury.com\/#website"},"primaryImageOfPage":{"@id":"https:\/\/baruluxury.com\/producto\/firpol-42\/#primaryimage"},"image":{"@id":"https:\/\/baruluxury.com\/producto\/firpol-42\/#primaryimage"},"thumbnailUrl":"https:\/\/baruluxury.com\/wp-content\/uploads\/2025\/04\/FIRPOL_Mesa-de-trabajo-1-copia-3-scaled.jpg","datePublished":"2025-04-11T17:31:51+00:00","dateModified":"2025-10-07T00:22:49+00:00","breadcrumb":{"@id":"https:\/\/baruluxury.com\/producto\/firpol-42\/#breadcrumb"},"inLanguage":"es","potentialAction":[{"@type":"ReadAction","target":["https:\/\/baruluxury.com\/producto\/firpol-42\/"]}]},{"@type":"ImageObject","inLanguage":"es","@id":"https:\/\/baruluxury.com\/producto\/firpol-42\/#primaryimage","url":"https:\/\/baruluxury.com\/wp-content\/uploads\/2025\/04\/FIRPOL_Mesa-de-trabajo-1-copia-3-scaled.jpg","contentUrl":"https:\/\/baruluxury.com\/wp-content\/uploads\/2025\/04\/FIRPOL_Mesa-de-trabajo-1-copia-3-scaled.jpg","width":2560,"height":2560},{"@type":"BreadcrumbList","@id":"https:\/\/baruluxury.com\/producto\/firpol-42\/#breadcrumb","itemListElement":[{"@type":"ListItem","position":1,"name":"Portada","item":"https:\/\/baruluxury.com\/"},{"@type":"ListItem","position":2,"name":"Productos","item":"https:\/\/baruluxury.com\/tienda\/"},{"@type":"ListItem","position":3,"name":"Firpol 42&#8242;"}]},{"@type":"WebSite","@id":"https:\/\/baruluxury.com\/#website","url":"https:\/\/baruluxury.com\/","name":"Baru Luxury Travel Plans","description":"Atr&eacute;vete a Vivir su Magia","potentialAction":[{"@type":"SearchAction","target":{"@type":"EntryPoint","urlTemplate":"https:\/\/baruluxury.com\/?s={search_term_string}"},"query-input":{"@type":"PropertyValueSpecification","valueRequired":true,"valueName":"search_term_string"}}],"inLanguage":"es"}]}},"_links":{"self":[{"href":"https:\/\/baruluxury.com\/es\/wp-json\/wp\/v2\/product\/1887","targetHints":{"allow":["GET"]}}],"collection":[{"href":"https:\/\/baruluxury.com\/es\/wp-json\/wp\/v2\/product"}],"about":[{"href":"https:\/\/baruluxury.com\/es\/wp-json\/wp\/v2\/types\/product"}],"replies":[{"embeddable":true,"href":"https:\/\/baruluxury.com\/es\/wp-json\/wp\/v2\/comments?post=1887"}],"wp:featuredmedia":[{"embeddable":true,"href":"https:\/\/baruluxury.com\/es\/wp-json\/wp\/v2\/media\/1888"}],"wp:attachment":[{"href":"https:\/\/baruluxury.com\/es\/wp-json\/wp\/v2\/media?parent=1887"}],"wp:term":[{"taxonomy":"product_brand","embeddable":true,"href":"https:\/\/baruluxury.com\/es\/wp-json\/wp\/v2\/product_brand?post=1887"},{"taxonomy":"product_cat","embeddable":true,"href":"https:\/\/baruluxury.com\/es\/wp-json\/wp\/v2\/product_cat?post=1887"},{"taxonomy":"product_tag","embeddable":true,"href":"https:\/\/baruluxury.com\/es\/wp-json\/wp\/v2\/product_tag?post=1887"}],"curies":[{"name":"wp","href":"https:\/\/api.w.org\/{rel}","templated":true}]}}