{"id":1979,"date":"2025-04-14T16:59:08","date_gmt":"2025-04-14T16:59:08","guid":{"rendered":"https:\/\/baruluxury.com\/?post_type=product&#038;p=1979"},"modified":"2025-06-01T02:44:51","modified_gmt":"2025-06-01T02:44:51","slug":"singlar-29","status":"publish","type":"product","link":"https:\/\/baruluxury.com\/es\/producto\/singlar-29\/","title":{"rendered":"Singlar 29&#8242;"},"content":{"rendered":"","protected":false},"excerpt":{"rendered":"<p><span data-sheets-root=\"1\"><strong>Singlar 29\u2019: La embarcaci\u00f3n perfecta para grupos reducidos <\/strong><\/span><\/p>\n<p>Explora las hermosas aguas del Caribe colombiano a bordo del Singlar 29 pies, una opci\u00f3n ideal para quienes buscan privacidad, comodidad y aventura. Recorre las 28 islas del Rosario, navega entre los manglares y playas de Bar\u00fa, y descubre escenarios perfectos para celebrar momentos inolvidables con familiares y amigos.<\/p>\n<p><strong>Caracter\u00edsticas premium para una experiencia \u00fanica:<\/strong><\/p>\n<ul>\n<li><span data-sheets-root=\"1\">Asientos en proa y popa, dise\u00f1ados para un viaje c\u00f3modo y placentero<\/span><\/li>\n<li><span data-sheets-root=\"1\">Asoleadora en la consola, ideal para relajarte y broncearte bajo el sol.<\/span><\/li>\n<li><span data-sheets-root=\"1\">Ba\u00f1o privado con sanitario y lavamanos, para mayor confort durante la traves\u00eda.<\/span><\/li>\n<li><span data-sheets-root=\"1\">Ducha de agua dulce, perfecta para refrescarte despu\u00e9s de nadar.<\/span><\/li>\n<li><span data-sheets-root=\"1\"><span data-sheets-root=\"1\">Sistema de sonido JL Audio con Bluetooth, para ambientar tu experiencia con la mejor m\u00fasica.<\/span><\/span><strong>Una experiencia inolvidable <\/strong><span data-sheets-root=\"1\"><span data-sheets-root=\"1\">Desde navegar en las cristalinas aguas del Caribe hasta contemplar el atardecer en la Bah\u00eda de Cartagena, el Singlar 29\u2019 es la opci\u00f3n perfecta para celebraciones privadas, escapadas rom\u00e1nticas o un d\u00eda de relajaci\u00f3n en el mar.<\/span><\/span>Reserva ahora y navega con el lujo y la exclusividad que mereces.<\/li>\n<\/ul>\n","protected":false},"featured_media":1982,"comment_status":"open","ping_status":"closed","template":"","meta":{"_acf_changed":false,"_joinchat":[]},"product_brand":[],"product_cat":[62],"product_tag":[],"class_list":{"0":"post-1979","1":"product","2":"type-product","3":"status-publish","4":"has-post-thumbnail","6":"product_cat-botes","8":"first","9":"instock","10":"shipping-taxable","11":"purchasable","12":"product-type-simple"},"acf":[],"yoast_head":"<!-- This site is optimized with the Yoast SEO plugin v25.1 - https:\/\/yoast.com\/wordpress\/plugins\/seo\/ -->\n<title>Singlar 29&#039; - Baru Luxury Travel Plans<\/title>\n<meta name=\"robots\" content=\"index, follow, max-snippet:-1, max-image-preview:large, max-video-preview:-1\" \/>\n<link rel=\"canonical\" href=\"https:\/\/baruluxury.com\/es\/producto\/singlar-29\/\" \/>\n<meta property=\"og:locale\" content=\"es_ES\" \/>\n<meta property=\"og:type\" content=\"article\" \/>\n<meta property=\"og:title\" content=\"Singlar 29&#039; - Baru Luxury Travel Plans\" \/>\n<meta property=\"og:description\" content=\"Singlar 29\u2019: La embarcaci\u00f3n perfecta para grupos reducidos   Explora las hermosas aguas del Caribe colombiano a bordo del Singlar 29 pies, una opci\u00f3n ideal para quienes buscan privacidad, comodidad y aventura. Recorre las 28 islas del Rosario, navega entre los manglares y playas de Bar\u00fa, y descubre escenarios perfectos para celebrar momentos inolvidables con familiares y amigos.  Caracter\u00edsticas premium para una experiencia \u00fanica:   Asientos en proa y popa, dise\u00f1ados para un viaje c\u00f3modo y placentero  Asoleadora en la consola, ideal para relajarte y broncearte bajo el sol.  Ba\u00f1o privado con sanitario y lavamanos, para mayor confort durante la traves\u00eda.  Ducha de agua dulce, perfecta para refrescarte despu\u00e9s de nadar.  Sistema de sonido JL Audio con Bluetooth, para ambientar tu experiencia con la mejor m\u00fasica.Una experiencia inolvidable Desde navegar en las cristalinas aguas del Caribe hasta contemplar el atardecer en la Bah\u00eda de Cartagena, el Singlar 29\u2019 es la opci\u00f3n perfecta para celebraciones privadas, escapadas rom\u00e1nticas o un d\u00eda de relajaci\u00f3n en el mar.Reserva ahora y navega con el lujo y la exclusividad que mereces.\" \/>\n<meta property=\"og:url\" content=\"https:\/\/baruluxury.com\/es\/producto\/singlar-29\/\" \/>\n<meta property=\"og:site_name\" content=\"Baru Luxury Travel Plans\" \/>\n<meta property=\"article:modified_time\" content=\"2025-06-01T02:44:51+00:00\" \/>\n<meta property=\"og:image\" content=\"https:\/\/baruluxury.com\/wp-content\/uploads\/2025\/04\/Singlar_Mesa-de-trabajo-1.jpg\" \/>\n\t<meta property=\"og:image:width\" content=\"2133\" \/>\n\t<meta property=\"og:image:height\" content=\"2133\" \/>\n\t<meta property=\"og:image:type\" content=\"image\/jpeg\" \/>\n<meta name=\"twitter:card\" content=\"summary_large_image\" \/>\n<meta name=\"twitter:label1\" content=\"Tiempo de lectura\" \/>\n\t<meta name=\"twitter:data1\" content=\"1 minuto\" \/>\n<script type=\"application\/ld+json\" class=\"yoast-schema-graph\">{\"@context\":\"https:\/\/schema.org\",\"@graph\":[{\"@type\":\"WebPage\",\"@id\":\"https:\/\/baruluxury.com\/producto\/singlar-29\/\",\"url\":\"https:\/\/baruluxury.com\/producto\/singlar-29\/\",\"name\":\"Singlar 29' - Baru Luxury Travel Plans\",\"isPartOf\":{\"@id\":\"https:\/\/baruluxury.com\/#website\"},\"primaryImageOfPage\":{\"@id\":\"https:\/\/baruluxury.com\/producto\/singlar-29\/#primaryimage\"},\"image\":{\"@id\":\"https:\/\/baruluxury.com\/producto\/singlar-29\/#primaryimage\"},\"thumbnailUrl\":\"https:\/\/baruluxury.com\/wp-content\/uploads\/2025\/04\/Singlar_Mesa-de-trabajo-1.jpg\",\"datePublished\":\"2025-04-14T16:59:08+00:00\",\"dateModified\":\"2025-06-01T02:44:51+00:00\",\"breadcrumb\":{\"@id\":\"https:\/\/baruluxury.com\/producto\/singlar-29\/#breadcrumb\"},\"inLanguage\":\"es\",\"potentialAction\":[{\"@type\":\"ReadAction\",\"target\":[\"https:\/\/baruluxury.com\/producto\/singlar-29\/\"]}]},{\"@type\":\"ImageObject\",\"inLanguage\":\"es\",\"@id\":\"https:\/\/baruluxury.com\/producto\/singlar-29\/#primaryimage\",\"url\":\"https:\/\/baruluxury.com\/wp-content\/uploads\/2025\/04\/Singlar_Mesa-de-trabajo-1.jpg\",\"contentUrl\":\"https:\/\/baruluxury.com\/wp-content\/uploads\/2025\/04\/Singlar_Mesa-de-trabajo-1.jpg\",\"width\":2133,\"height\":2133},{\"@type\":\"BreadcrumbList\",\"@id\":\"https:\/\/baruluxury.com\/producto\/singlar-29\/#breadcrumb\",\"itemListElement\":[{\"@type\":\"ListItem\",\"position\":1,\"name\":\"Portada\",\"item\":\"https:\/\/baruluxury.com\/\"},{\"@type\":\"ListItem\",\"position\":2,\"name\":\"Productos\",\"item\":\"https:\/\/baruluxury.com\/tienda\/\"},{\"@type\":\"ListItem\",\"position\":3,\"name\":\"Singlar 29&#8242;\"}]},{\"@type\":\"WebSite\",\"@id\":\"https:\/\/baruluxury.com\/#website\",\"url\":\"https:\/\/baruluxury.com\/\",\"name\":\"Baru Luxury Travel Plans\",\"description\":\"Atr&eacute;vete a Vivir su Magia\",\"potentialAction\":[{\"@type\":\"SearchAction\",\"target\":{\"@type\":\"EntryPoint\",\"urlTemplate\":\"https:\/\/baruluxury.com\/?s={search_term_string}\"},\"query-input\":{\"@type\":\"PropertyValueSpecification\",\"valueRequired\":true,\"valueName\":\"search_term_string\"}}],\"inLanguage\":\"es\"}]}<\/script>\n<!-- \/ Yoast SEO plugin. -->","yoast_head_json":{"title":"Singlar 29' - Baru Luxury Travel Plans","robots":{"index":"index","follow":"follow","max-snippet":"max-snippet:-1","max-image-preview":"max-image-preview:large","max-video-preview":"max-video-preview:-1"},"canonical":"https:\/\/baruluxury.com\/es\/producto\/singlar-29\/","og_locale":"es_ES","og_type":"article","og_title":"Singlar 29' - Baru Luxury Travel Plans","og_description":"Singlar 29\u2019: La embarcaci\u00f3n perfecta para grupos reducidos   Explora las hermosas aguas del Caribe colombiano a bordo del Singlar 29 pies, una opci\u00f3n ideal para quienes buscan privacidad, comodidad y aventura. Recorre las 28 islas del Rosario, navega entre los manglares y playas de Bar\u00fa, y descubre escenarios perfectos para celebrar momentos inolvidables con familiares y amigos.  Caracter\u00edsticas premium para una experiencia \u00fanica:   Asientos en proa y popa, dise\u00f1ados para un viaje c\u00f3modo y placentero  Asoleadora en la consola, ideal para relajarte y broncearte bajo el sol.  Ba\u00f1o privado con sanitario y lavamanos, para mayor confort durante la traves\u00eda.  Ducha de agua dulce, perfecta para refrescarte despu\u00e9s de nadar.  Sistema de sonido JL Audio con Bluetooth, para ambientar tu experiencia con la mejor m\u00fasica.Una experiencia inolvidable Desde navegar en las cristalinas aguas del Caribe hasta contemplar el atardecer en la Bah\u00eda de Cartagena, el Singlar 29\u2019 es la opci\u00f3n perfecta para celebraciones privadas, escapadas rom\u00e1nticas o un d\u00eda de relajaci\u00f3n en el mar.Reserva ahora y navega con el lujo y la exclusividad que mereces.","og_url":"https:\/\/baruluxury.com\/es\/producto\/singlar-29\/","og_site_name":"Baru Luxury Travel Plans","article_modified_time":"2025-06-01T02:44:51+00:00","og_image":[{"width":2133,"height":2133,"url":"https:\/\/baruluxury.com\/wp-content\/uploads\/2025\/04\/Singlar_Mesa-de-trabajo-1.jpg","type":"image\/jpeg"}],"twitter_card":"summary_large_image","twitter_misc":{"Tiempo de lectura":"1 minuto"},"schema":{"@context":"https:\/\/schema.org","@graph":[{"@type":"WebPage","@id":"https:\/\/baruluxury.com\/producto\/singlar-29\/","url":"https:\/\/baruluxury.com\/producto\/singlar-29\/","name":"Singlar 29' - Baru Luxury Travel Plans","isPartOf":{"@id":"https:\/\/baruluxury.com\/#website"},"primaryImageOfPage":{"@id":"https:\/\/baruluxury.com\/producto\/singlar-29\/#primaryimage"},"image":{"@id":"https:\/\/baruluxury.com\/producto\/singlar-29\/#primaryimage"},"thumbnailUrl":"https:\/\/baruluxury.com\/wp-content\/uploads\/2025\/04\/Singlar_Mesa-de-trabajo-1.jpg","datePublished":"2025-04-14T16:59:08+00:00","dateModified":"2025-06-01T02:44:51+00:00","breadcrumb":{"@id":"https:\/\/baruluxury.com\/producto\/singlar-29\/#breadcrumb"},"inLanguage":"es","potentialAction":[{"@type":"ReadAction","target":["https:\/\/baruluxury.com\/producto\/singlar-29\/"]}]},{"@type":"ImageObject","inLanguage":"es","@id":"https:\/\/baruluxury.com\/producto\/singlar-29\/#primaryimage","url":"https:\/\/baruluxury.com\/wp-content\/uploads\/2025\/04\/Singlar_Mesa-de-trabajo-1.jpg","contentUrl":"https:\/\/baruluxury.com\/wp-content\/uploads\/2025\/04\/Singlar_Mesa-de-trabajo-1.jpg","width":2133,"height":2133},{"@type":"BreadcrumbList","@id":"https:\/\/baruluxury.com\/producto\/singlar-29\/#breadcrumb","itemListElement":[{"@type":"ListItem","position":1,"name":"Portada","item":"https:\/\/baruluxury.com\/"},{"@type":"ListItem","position":2,"name":"Productos","item":"https:\/\/baruluxury.com\/tienda\/"},{"@type":"ListItem","position":3,"name":"Singlar 29&#8242;"}]},{"@type":"WebSite","@id":"https:\/\/baruluxury.com\/#website","url":"https:\/\/baruluxury.com\/","name":"Baru Luxury Travel Plans","description":"Atr&eacute;vete a Vivir su Magia","potentialAction":[{"@type":"SearchAction","target":{"@type":"EntryPoint","urlTemplate":"https:\/\/baruluxury.com\/?s={search_term_string}"},"query-input":{"@type":"PropertyValueSpecification","valueRequired":true,"valueName":"search_term_string"}}],"inLanguage":"es"}]}},"_links":{"self":[{"href":"https:\/\/baruluxury.com\/es\/wp-json\/wp\/v2\/product\/1979","targetHints":{"allow":["GET"]}}],"collection":[{"href":"https:\/\/baruluxury.com\/es\/wp-json\/wp\/v2\/product"}],"about":[{"href":"https:\/\/baruluxury.com\/es\/wp-json\/wp\/v2\/types\/product"}],"replies":[{"embeddable":true,"href":"https:\/\/baruluxury.com\/es\/wp-json\/wp\/v2\/comments?post=1979"}],"wp:featuredmedia":[{"embeddable":true,"href":"https:\/\/baruluxury.com\/es\/wp-json\/wp\/v2\/media\/1982"}],"wp:attachment":[{"href":"https:\/\/baruluxury.com\/es\/wp-json\/wp\/v2\/media?parent=1979"}],"wp:term":[{"taxonomy":"product_brand","embeddable":true,"href":"https:\/\/baruluxury.com\/es\/wp-json\/wp\/v2\/product_brand?post=1979"},{"taxonomy":"product_cat","embeddable":true,"href":"https:\/\/baruluxury.com\/es\/wp-json\/wp\/v2\/product_cat?post=1979"},{"taxonomy":"product_tag","embeddable":true,"href":"https:\/\/baruluxury.com\/es\/wp-json\/wp\/v2\/product_tag?post=1979"}],"curies":[{"name":"wp","href":"https:\/\/api.w.org\/{rel}","templated":true}]}}