{"id":2138,"date":"2025-04-29T21:08:03","date_gmt":"2025-04-29T21:08:03","guid":{"rendered":"https:\/\/baruluxury.com\/?post_type=product&#038;p=2138"},"modified":"2025-10-07T00:26:26","modified_gmt":"2025-10-07T00:26:26","slug":"bravo-410-41","status":"publish","type":"product","link":"https:\/\/baruluxury.com\/es\/producto\/bravo-410-41\/","title":{"rendered":"Bravo 410 41&#8242;"},"content":{"rendered":"","protected":false},"excerpt":{"rendered":"<div id=\"docs-editor-container\" dir=\"ltr\">\n<div id=\"docs-editor\" class=\" companion-enabled\">\n<div id=\"waffle-grid-container\" dir=\"ltr\">\n<div id=\"0-grid-container\" class=\"grid-container\" dir=\"ltr\">\n<div id=\"0-grid-table-container\">\n<div class=\"grid-table-container\">\n<div id=\"0-scrollable\" class=\"grid-scrollable-wrapper\">\n<div class=\"goog-inline-block grid4-inner-container\">\n<div class=\"waffle-background-container\"><strong style=\"font-family: -apple-system, BlinkMacSystemFont, 'Segoe UI', Roboto, 'Helvetica Neue', Arial, 'Noto Sans', sans-serif, 'Apple Color Emoji', 'Segoe UI Emoji', 'Segoe UI Symbol', 'Noto Color Emoji';\">Explora el Caribe con velocidad en una lancha de 41&#8242;<\/strong><\/div>\n<\/div>\n<\/div>\n<\/div>\n<\/div>\n<div id=\"0-static-overlay-container\" class=\"overlay-container-ltr static-overlay-container\">\n<div class=\"overlay-container-ltr\">\n<div tabindex=\"0\">\n<p>Emb\u00e1rcate en una aventura \u00fanica por las Islas del Rosario y Bar\u00fa, navegando por los distintos tonos de azul del Mar Caribe. Disfruta del sol, la brisa marina y la compa\u00f1\u00eda de amigos o familiares mientras recorres estos destinos paradis\u00edacos.<\/p>\n<p><strong>A bordo de esta lancha r\u00e1pida, podr\u00e1s:<\/strong><\/p>\n<ul>\n<li>Nadar y hacer snorkel en aguas cristalinas.<\/li>\n<li>Relajarte en islas con peque\u00f1as playas desiertas<\/li>\n<li>Probar mariscos frescos y cocina local en exclusivos clubes de playa o a bordo<\/li>\n<li>Disfrutar con tus bebidas a bordo<\/li>\n<li>Vivir el mejor ambiente de fiesta en el mar.<\/li>\n<\/ul>\n<p><strong>Comodidad y diversi\u00f3n en el mar<\/strong><\/p>\n<p>El Bravo de 41 pies es una de las lanchas grande de nuestra flota r\u00e1pida, ofreciendo una experiencia premium de espacio, confort y estilo. Es ideal para grupos grandes, fiestas privadas o familias que buscan comodidad en su paseo por el Caribe. Esta embarcaci\u00f3n est\u00e1 equipada con:<\/p>\n<ul>\n<li>Dos \u00e1reas de asientos amplias para mayor comodidad.<\/li>\n<li>Asoleadora doble en proa para broncearte con vista al mar.<\/li>\n<li>Ba\u00f1o privado para mayor confort durante la traves\u00eda.<\/li>\n<li>Ducha de agua dulce para refrescarte despu\u00e9s de nadar.<\/li>\n<li>Sistema de sonido JL Audio con Bluetooth para ambientar tu viaje.<\/li>\n<\/ul>\n<p><strong>Reserva ahora y vive el caribe con lujo y adrenalina.<\/strong><\/p>\n<\/div>\n<\/div>\n<\/div>\n<\/div>\n<\/div>\n<\/div>\n<\/div>\n","protected":false},"featured_media":2521,"comment_status":"open","ping_status":"closed","template":"","meta":{"_acf_changed":false,"_joinchat":[]},"product_brand":[],"product_cat":[62,69],"product_tag":[],"class_list":{"0":"post-2138","1":"product","2":"type-product","3":"status-publish","4":"has-post-thumbnail","6":"product_cat-botes","7":"product_cat-destacados","9":"first","10":"instock","11":"shipping-taxable","12":"purchasable","13":"product-type-simple"},"acf":[],"yoast_head":"<!-- This site is optimized with the Yoast SEO plugin v25.1 - https:\/\/yoast.com\/wordpress\/plugins\/seo\/ -->\n<title>Bravo 410 41&#039; - Baru Luxury Travel Plans<\/title>\n<meta name=\"robots\" content=\"index, follow, max-snippet:-1, max-image-preview:large, max-video-preview:-1\" \/>\n<link rel=\"canonical\" href=\"https:\/\/baruluxury.com\/es\/producto\/bravo-410-41\/\" \/>\n<meta property=\"og:locale\" content=\"es_ES\" \/>\n<meta property=\"og:type\" content=\"article\" \/>\n<meta property=\"og:title\" content=\"Bravo 410 41&#039; - Baru Luxury Travel Plans\" \/>\n<meta property=\"og:description\" content=\"Explora el Caribe con velocidad en una lancha de 41&#039;         Emb\u00e1rcate en una aventura \u00fanica por las Islas del Rosario y Bar\u00fa, navegando por los distintos tonos de azul del Mar Caribe. Disfruta del sol, la brisa marina y la compa\u00f1\u00eda de amigos o familiares mientras recorres estos destinos paradis\u00edacos.  A bordo de esta lancha r\u00e1pida, podr\u00e1s:   Nadar y hacer snorkel en aguas cristalinas.  Relajarte en islas con peque\u00f1as playas desiertas  Probar mariscos frescos y cocina local en exclusivos clubes de playa o a bordo  Disfrutar con tus bebidas a bordo  Vivir el mejor ambiente de fiesta en el mar.  Comodidad y diversi\u00f3n en el mar  El Bravo de 41 pies es una de las lanchas grande de nuestra flota r\u00e1pida, ofreciendo una experiencia premium de espacio, confort y estilo. Es ideal para grupos grandes, fiestas privadas o familias que buscan comodidad en su paseo por el Caribe. Esta embarcaci\u00f3n est\u00e1 equipada con:   Dos \u00e1reas de asientos amplias para mayor comodidad.  Asoleadora doble en proa para broncearte con vista al mar.  Ba\u00f1o privado para mayor confort durante la traves\u00eda.  Ducha de agua dulce para refrescarte despu\u00e9s de nadar.  Sistema de sonido JL Audio con Bluetooth para ambientar tu viaje.  Reserva ahora y vive el caribe con lujo y adrenalina.\" \/>\n<meta property=\"og:url\" content=\"https:\/\/baruluxury.com\/es\/producto\/bravo-410-41\/\" \/>\n<meta property=\"og:site_name\" content=\"Baru Luxury Travel Plans\" \/>\n<meta property=\"article:modified_time\" content=\"2025-10-07T00:26:26+00:00\" \/>\n<meta property=\"og:image\" content=\"https:\/\/baruluxury.com\/wp-content\/uploads\/2025\/04\/Lancha-AWA-41_1.jpg\" \/>\n\t<meta property=\"og:image:width\" content=\"2083\" \/>\n\t<meta property=\"og:image:height\" content=\"2083\" \/>\n\t<meta property=\"og:image:type\" content=\"image\/jpeg\" \/>\n<meta name=\"twitter:card\" content=\"summary_large_image\" \/>\n<meta name=\"twitter:label1\" content=\"Tiempo de lectura\" \/>\n\t<meta name=\"twitter:data1\" content=\"1 minuto\" \/>\n<script type=\"application\/ld+json\" class=\"yoast-schema-graph\">{\"@context\":\"https:\/\/schema.org\",\"@graph\":[{\"@type\":\"WebPage\",\"@id\":\"https:\/\/baruluxury.com\/producto\/bravo-410-41\/\",\"url\":\"https:\/\/baruluxury.com\/producto\/bravo-410-41\/\",\"name\":\"Bravo 410 41' - Baru Luxury Travel Plans\",\"isPartOf\":{\"@id\":\"https:\/\/baruluxury.com\/#website\"},\"primaryImageOfPage\":{\"@id\":\"https:\/\/baruluxury.com\/producto\/bravo-410-41\/#primaryimage\"},\"image\":{\"@id\":\"https:\/\/baruluxury.com\/producto\/bravo-410-41\/#primaryimage\"},\"thumbnailUrl\":\"https:\/\/baruluxury.com\/wp-content\/uploads\/2025\/04\/Lancha-AWA-41_1.jpg\",\"datePublished\":\"2025-04-29T21:08:03+00:00\",\"dateModified\":\"2025-10-07T00:26:26+00:00\",\"breadcrumb\":{\"@id\":\"https:\/\/baruluxury.com\/producto\/bravo-410-41\/#breadcrumb\"},\"inLanguage\":\"es\",\"potentialAction\":[{\"@type\":\"ReadAction\",\"target\":[\"https:\/\/baruluxury.com\/producto\/bravo-410-41\/\"]}]},{\"@type\":\"ImageObject\",\"inLanguage\":\"es\",\"@id\":\"https:\/\/baruluxury.com\/producto\/bravo-410-41\/#primaryimage\",\"url\":\"https:\/\/baruluxury.com\/wp-content\/uploads\/2025\/04\/Lancha-AWA-41_1.jpg\",\"contentUrl\":\"https:\/\/baruluxury.com\/wp-content\/uploads\/2025\/04\/Lancha-AWA-41_1.jpg\",\"width\":2083,\"height\":2083},{\"@type\":\"BreadcrumbList\",\"@id\":\"https:\/\/baruluxury.com\/producto\/bravo-410-41\/#breadcrumb\",\"itemListElement\":[{\"@type\":\"ListItem\",\"position\":1,\"name\":\"Portada\",\"item\":\"https:\/\/baruluxury.com\/\"},{\"@type\":\"ListItem\",\"position\":2,\"name\":\"Productos\",\"item\":\"https:\/\/baruluxury.com\/tienda\/\"},{\"@type\":\"ListItem\",\"position\":3,\"name\":\"Bravo 410 41&#8242;\"}]},{\"@type\":\"WebSite\",\"@id\":\"https:\/\/baruluxury.com\/#website\",\"url\":\"https:\/\/baruluxury.com\/\",\"name\":\"Baru Luxury Travel Plans\",\"description\":\"Atr&eacute;vete a Vivir su Magia\",\"potentialAction\":[{\"@type\":\"SearchAction\",\"target\":{\"@type\":\"EntryPoint\",\"urlTemplate\":\"https:\/\/baruluxury.com\/?s={search_term_string}\"},\"query-input\":{\"@type\":\"PropertyValueSpecification\",\"valueRequired\":true,\"valueName\":\"search_term_string\"}}],\"inLanguage\":\"es\"}]}<\/script>\n<!-- \/ Yoast SEO plugin. -->","yoast_head_json":{"title":"Bravo 410 41' - Baru Luxury Travel Plans","robots":{"index":"index","follow":"follow","max-snippet":"max-snippet:-1","max-image-preview":"max-image-preview:large","max-video-preview":"max-video-preview:-1"},"canonical":"https:\/\/baruluxury.com\/es\/producto\/bravo-410-41\/","og_locale":"es_ES","og_type":"article","og_title":"Bravo 410 41' - Baru Luxury Travel Plans","og_description":"Explora el Caribe con velocidad en una lancha de 41'         Emb\u00e1rcate en una aventura \u00fanica por las Islas del Rosario y Bar\u00fa, navegando por los distintos tonos de azul del Mar Caribe. Disfruta del sol, la brisa marina y la compa\u00f1\u00eda de amigos o familiares mientras recorres estos destinos paradis\u00edacos.  A bordo de esta lancha r\u00e1pida, podr\u00e1s:   Nadar y hacer snorkel en aguas cristalinas.  Relajarte en islas con peque\u00f1as playas desiertas  Probar mariscos frescos y cocina local en exclusivos clubes de playa o a bordo  Disfrutar con tus bebidas a bordo  Vivir el mejor ambiente de fiesta en el mar.  Comodidad y diversi\u00f3n en el mar  El Bravo de 41 pies es una de las lanchas grande de nuestra flota r\u00e1pida, ofreciendo una experiencia premium de espacio, confort y estilo. Es ideal para grupos grandes, fiestas privadas o familias que buscan comodidad en su paseo por el Caribe. Esta embarcaci\u00f3n est\u00e1 equipada con:   Dos \u00e1reas de asientos amplias para mayor comodidad.  Asoleadora doble en proa para broncearte con vista al mar.  Ba\u00f1o privado para mayor confort durante la traves\u00eda.  Ducha de agua dulce para refrescarte despu\u00e9s de nadar.  Sistema de sonido JL Audio con Bluetooth para ambientar tu viaje.  Reserva ahora y vive el caribe con lujo y adrenalina.","og_url":"https:\/\/baruluxury.com\/es\/producto\/bravo-410-41\/","og_site_name":"Baru Luxury Travel Plans","article_modified_time":"2025-10-07T00:26:26+00:00","og_image":[{"width":2083,"height":2083,"url":"https:\/\/baruluxury.com\/wp-content\/uploads\/2025\/04\/Lancha-AWA-41_1.jpg","type":"image\/jpeg"}],"twitter_card":"summary_large_image","twitter_misc":{"Tiempo de lectura":"1 minuto"},"schema":{"@context":"https:\/\/schema.org","@graph":[{"@type":"WebPage","@id":"https:\/\/baruluxury.com\/producto\/bravo-410-41\/","url":"https:\/\/baruluxury.com\/producto\/bravo-410-41\/","name":"Bravo 410 41' - Baru Luxury Travel Plans","isPartOf":{"@id":"https:\/\/baruluxury.com\/#website"},"primaryImageOfPage":{"@id":"https:\/\/baruluxury.com\/producto\/bravo-410-41\/#primaryimage"},"image":{"@id":"https:\/\/baruluxury.com\/producto\/bravo-410-41\/#primaryimage"},"thumbnailUrl":"https:\/\/baruluxury.com\/wp-content\/uploads\/2025\/04\/Lancha-AWA-41_1.jpg","datePublished":"2025-04-29T21:08:03+00:00","dateModified":"2025-10-07T00:26:26+00:00","breadcrumb":{"@id":"https:\/\/baruluxury.com\/producto\/bravo-410-41\/#breadcrumb"},"inLanguage":"es","potentialAction":[{"@type":"ReadAction","target":["https:\/\/baruluxury.com\/producto\/bravo-410-41\/"]}]},{"@type":"ImageObject","inLanguage":"es","@id":"https:\/\/baruluxury.com\/producto\/bravo-410-41\/#primaryimage","url":"https:\/\/baruluxury.com\/wp-content\/uploads\/2025\/04\/Lancha-AWA-41_1.jpg","contentUrl":"https:\/\/baruluxury.com\/wp-content\/uploads\/2025\/04\/Lancha-AWA-41_1.jpg","width":2083,"height":2083},{"@type":"BreadcrumbList","@id":"https:\/\/baruluxury.com\/producto\/bravo-410-41\/#breadcrumb","itemListElement":[{"@type":"ListItem","position":1,"name":"Portada","item":"https:\/\/baruluxury.com\/"},{"@type":"ListItem","position":2,"name":"Productos","item":"https:\/\/baruluxury.com\/tienda\/"},{"@type":"ListItem","position":3,"name":"Bravo 410 41&#8242;"}]},{"@type":"WebSite","@id":"https:\/\/baruluxury.com\/#website","url":"https:\/\/baruluxury.com\/","name":"Baru Luxury Travel Plans","description":"Atr&eacute;vete a Vivir su Magia","potentialAction":[{"@type":"SearchAction","target":{"@type":"EntryPoint","urlTemplate":"https:\/\/baruluxury.com\/?s={search_term_string}"},"query-input":{"@type":"PropertyValueSpecification","valueRequired":true,"valueName":"search_term_string"}}],"inLanguage":"es"}]}},"_links":{"self":[{"href":"https:\/\/baruluxury.com\/es\/wp-json\/wp\/v2\/product\/2138","targetHints":{"allow":["GET"]}}],"collection":[{"href":"https:\/\/baruluxury.com\/es\/wp-json\/wp\/v2\/product"}],"about":[{"href":"https:\/\/baruluxury.com\/es\/wp-json\/wp\/v2\/types\/product"}],"replies":[{"embeddable":true,"href":"https:\/\/baruluxury.com\/es\/wp-json\/wp\/v2\/comments?post=2138"}],"wp:featuredmedia":[{"embeddable":true,"href":"https:\/\/baruluxury.com\/es\/wp-json\/wp\/v2\/media\/2521"}],"wp:attachment":[{"href":"https:\/\/baruluxury.com\/es\/wp-json\/wp\/v2\/media?parent=2138"}],"wp:term":[{"taxonomy":"product_brand","embeddable":true,"href":"https:\/\/baruluxury.com\/es\/wp-json\/wp\/v2\/product_brand?post=2138"},{"taxonomy":"product_cat","embeddable":true,"href":"https:\/\/baruluxury.com\/es\/wp-json\/wp\/v2\/product_cat?post=2138"},{"taxonomy":"product_tag","embeddable":true,"href":"https:\/\/baruluxury.com\/es\/wp-json\/wp\/v2\/product_tag?post=2138"}],"curies":[{"name":"wp","href":"https:\/\/api.w.org\/{rel}","templated":true}]}}