{"id":2219,"date":"2025-05-23T00:56:04","date_gmt":"2025-05-23T00:56:04","guid":{"rendered":"https:\/\/baruluxury.com\/?post_type=product&#038;p=2219"},"modified":"2025-06-05T03:50:14","modified_gmt":"2025-06-05T03:50:14","slug":"2219","status":"publish","type":"product","link":"https:\/\/baruluxury.com\/es\/producto\/2219\/","title":{"rendered":"Singlar 33&#8242;"},"content":{"rendered":"","protected":false},"excerpt":{"rendered":"<p data-start=\"153\" data-end=\"209\"><strong>Vive el caribe con estilo y confort<\/strong><\/p>\n<p class=\"\" data-start=\"211\" data-end=\"412\">Sum\u00e9rgete en una experiencia inolvidable a bordo del <strong data-start=\"264\" data-end=\"283\">Singlar 33 pies<\/strong>, una embarcaci\u00f3n ideal para quienes buscan combinar comodidad, privacidad y aventura en las m\u00e1gicas aguas del Caribe colombiano.<\/p>\n<p class=\"\" data-start=\"414\" data-end=\"601\">Navega por las <strong data-start=\"429\" data-end=\"450\">Islas del Rosario<\/strong>, explora los manglares de Bar\u00fa o disfruta del atardecer sobre la Bah\u00eda de Cartagena en un entorno dise\u00f1ado para celebrar la vida con amigos o familia.<\/p>\n<p data-start=\"608\" data-end=\"672\"><strong>Caracter\u00edsticas exclusivas para una experiencia premium:<\/strong><\/p>\n<p><strong data-start=\"676\" data-end=\"694\">Asoleadora VIP<\/strong>: Perfecta para relajarte bajo el sol y disfrutar del paisaje.<br data-start=\"756\" data-end=\"759\" \/><strong data-start=\"761\" data-end=\"796\">Amplios asientos en proa y popa<\/strong>: Para navegar c\u00f3modamente y compartir buenos momentos.<br data-start=\"851\" data-end=\"854\" \/><strong data-start=\"856\" data-end=\"883\">Ba\u00f1o en consola central<\/strong>: Mayor confort durante tu traves\u00eda.<br data-start=\"919\" data-end=\"922\" \/><strong data-start=\"924\" data-end=\"963\">Sistema de sonido Bluetooth premium<\/strong>: Disfruta tu playlist favorita con la mejor calidad de sonido.<br data-start=\"1026\" data-end=\"1029\" \/><strong data-start=\"1031\" data-end=\"1060\">Nevera con hielo incluida<\/strong>: Para mantener tus bebidas siempre fr\u00edas.<br data-start=\"1102\" data-end=\"1105\" \/><strong data-start=\"1107\" data-end=\"1132\">4 m\u00e1scaras de snorkel<\/strong>: Explora los vibrantes arrecifes del Caribe.<br data-start=\"1177\" data-end=\"1180\" \/><strong data-start=\"1182\" data-end=\"1211\">5 flotadores \u201cfun &amp; safe\u201d<\/strong>: Diversi\u00f3n asegurada en el agua para todos los pasajeros.<\/p>\n<p data-start=\"1541\" data-end=\"1574\"><strong>Una traves\u00eda para recordar<\/strong><\/p>\n<p class=\"\" data-start=\"1575\" data-end=\"1760\">Ya sea para una celebraci\u00f3n especial, una escapada rom\u00e1ntica o simplemente un d\u00eda de desconexi\u00f3n, el <strong data-start=\"1676\" data-end=\"1691\">Singlar 33\u2019<\/strong> es tu embarcaci\u00f3n ideal. Vive el mar con libertad, confort y estilo.<\/p>\n<p data-start=\"1575\" data-end=\"1760\"><strong data-start=\"78\" data-end=\"93\">Importante:<\/strong> Las tarifas publicadas corresponden a temporada baja y est\u00e1n sujetas a cambios seg\u00fan la temporada del a\u00f1o. Todos los servicios est\u00e1n sujetos a disponibilidad en el momento de la reserva.<\/p>\n","protected":false},"featured_media":2221,"comment_status":"open","ping_status":"closed","template":"","meta":{"_acf_changed":false,"_joinchat":[]},"product_brand":[],"product_cat":[62],"product_tag":[],"class_list":{"0":"post-2219","1":"product","2":"type-product","3":"status-publish","4":"has-post-thumbnail","6":"product_cat-botes","8":"first","9":"instock","10":"shipping-taxable","11":"purchasable","12":"product-type-simple"},"acf":[],"yoast_head":"<!-- This site is optimized with the Yoast SEO plugin v25.1 - https:\/\/yoast.com\/wordpress\/plugins\/seo\/ -->\n<title>Singlar 33&#039; - Baru Luxury Travel Plans<\/title>\n<meta name=\"robots\" content=\"index, follow, max-snippet:-1, max-image-preview:large, max-video-preview:-1\" \/>\n<link rel=\"canonical\" href=\"https:\/\/baruluxury.com\/es\/producto\/2219\/\" \/>\n<meta property=\"og:locale\" content=\"es_ES\" \/>\n<meta property=\"og:type\" content=\"article\" \/>\n<meta property=\"og:title\" content=\"Singlar 33&#039; - Baru Luxury Travel Plans\" \/>\n<meta property=\"og:description\" content=\"Vive el caribe con estilo y confort Sum\u00e9rgete en una experiencia inolvidable a bordo del Singlar 33 pies, una embarcaci\u00f3n ideal para quienes buscan combinar comodidad, privacidad y aventura en las m\u00e1gicas aguas del Caribe colombiano. Navega por las Islas del Rosario, explora los manglares de Bar\u00fa o disfruta del atardecer sobre la Bah\u00eda de Cartagena en un entorno dise\u00f1ado para celebrar la vida con amigos o familia. Caracter\u00edsticas exclusivas para una experiencia premium: Asoleadora VIP: Perfecta para relajarte bajo el sol y disfrutar del paisaje.Amplios asientos en proa y popa: Para navegar c\u00f3modamente y compartir buenos momentos.Ba\u00f1o en consola central: Mayor confort durante tu traves\u00eda.Sistema de sonido Bluetooth premium: Disfruta tu playlist favorita con la mejor calidad de sonido.Nevera con hielo incluida: Para mantener tus bebidas siempre fr\u00edas.4 m\u00e1scaras de snorkel: Explora los vibrantes arrecifes del Caribe.5 flotadores \u201cfun &amp; safe\u201d: Diversi\u00f3n asegurada en el agua para todos los pasajeros. Una traves\u00eda para recordar Ya sea para una celebraci\u00f3n especial, una escapada rom\u00e1ntica o simplemente un d\u00eda de desconexi\u00f3n, el Singlar 33\u2019 es tu embarcaci\u00f3n ideal. Vive el mar con libertad, confort y estilo. Importante: Las tarifas publicadas corresponden a temporada baja y est\u00e1n sujetas a cambios seg\u00fan la temporada del a\u00f1o. Todos los servicios est\u00e1n sujetos a disponibilidad en el momento de la reserva.\" \/>\n<meta property=\"og:url\" content=\"https:\/\/baruluxury.com\/es\/producto\/2219\/\" \/>\n<meta property=\"og:site_name\" content=\"Baru Luxury Travel Plans\" \/>\n<meta property=\"article:modified_time\" content=\"2025-06-05T03:50:14+00:00\" \/>\n<meta property=\"og:image\" content=\"https:\/\/baruluxury.com\/wp-content\/uploads\/2025\/05\/Cohiba-1.jpg\" \/>\n\t<meta property=\"og:image:width\" content=\"2083\" \/>\n\t<meta property=\"og:image:height\" content=\"2083\" \/>\n\t<meta property=\"og:image:type\" content=\"image\/jpeg\" \/>\n<meta name=\"twitter:card\" content=\"summary_large_image\" \/>\n<meta name=\"twitter:label1\" content=\"Tiempo de lectura\" \/>\n\t<meta name=\"twitter:data1\" content=\"1 minuto\" \/>\n<script type=\"application\/ld+json\" class=\"yoast-schema-graph\">{\"@context\":\"https:\/\/schema.org\",\"@graph\":[{\"@type\":\"WebPage\",\"@id\":\"https:\/\/baruluxury.com\/producto\/2219\/\",\"url\":\"https:\/\/baruluxury.com\/producto\/2219\/\",\"name\":\"Singlar 33' - Baru Luxury Travel Plans\",\"isPartOf\":{\"@id\":\"https:\/\/baruluxury.com\/#website\"},\"primaryImageOfPage\":{\"@id\":\"https:\/\/baruluxury.com\/producto\/2219\/#primaryimage\"},\"image\":{\"@id\":\"https:\/\/baruluxury.com\/producto\/2219\/#primaryimage\"},\"thumbnailUrl\":\"https:\/\/baruluxury.com\/wp-content\/uploads\/2025\/05\/Cohiba-1.jpg\",\"datePublished\":\"2025-05-23T00:56:04+00:00\",\"dateModified\":\"2025-06-05T03:50:14+00:00\",\"breadcrumb\":{\"@id\":\"https:\/\/baruluxury.com\/producto\/2219\/#breadcrumb\"},\"inLanguage\":\"es\",\"potentialAction\":[{\"@type\":\"ReadAction\",\"target\":[\"https:\/\/baruluxury.com\/producto\/2219\/\"]}]},{\"@type\":\"ImageObject\",\"inLanguage\":\"es\",\"@id\":\"https:\/\/baruluxury.com\/producto\/2219\/#primaryimage\",\"url\":\"https:\/\/baruluxury.com\/wp-content\/uploads\/2025\/05\/Cohiba-1.jpg\",\"contentUrl\":\"https:\/\/baruluxury.com\/wp-content\/uploads\/2025\/05\/Cohiba-1.jpg\",\"width\":2083,\"height\":2083},{\"@type\":\"BreadcrumbList\",\"@id\":\"https:\/\/baruluxury.com\/producto\/2219\/#breadcrumb\",\"itemListElement\":[{\"@type\":\"ListItem\",\"position\":1,\"name\":\"Portada\",\"item\":\"https:\/\/baruluxury.com\/\"},{\"@type\":\"ListItem\",\"position\":2,\"name\":\"Productos\",\"item\":\"https:\/\/baruluxury.com\/tienda\/\"},{\"@type\":\"ListItem\",\"position\":3,\"name\":\"Singlar 33&#8242;\"}]},{\"@type\":\"WebSite\",\"@id\":\"https:\/\/baruluxury.com\/#website\",\"url\":\"https:\/\/baruluxury.com\/\",\"name\":\"Baru Luxury Travel Plans\",\"description\":\"Atr&eacute;vete a Vivir su Magia\",\"potentialAction\":[{\"@type\":\"SearchAction\",\"target\":{\"@type\":\"EntryPoint\",\"urlTemplate\":\"https:\/\/baruluxury.com\/?s={search_term_string}\"},\"query-input\":{\"@type\":\"PropertyValueSpecification\",\"valueRequired\":true,\"valueName\":\"search_term_string\"}}],\"inLanguage\":\"es\"}]}<\/script>\n<!-- \/ Yoast SEO plugin. -->","yoast_head_json":{"title":"Singlar 33' - Baru Luxury Travel Plans","robots":{"index":"index","follow":"follow","max-snippet":"max-snippet:-1","max-image-preview":"max-image-preview:large","max-video-preview":"max-video-preview:-1"},"canonical":"https:\/\/baruluxury.com\/es\/producto\/2219\/","og_locale":"es_ES","og_type":"article","og_title":"Singlar 33' - Baru Luxury Travel Plans","og_description":"Vive el caribe con estilo y confort Sum\u00e9rgete en una experiencia inolvidable a bordo del Singlar 33 pies, una embarcaci\u00f3n ideal para quienes buscan combinar comodidad, privacidad y aventura en las m\u00e1gicas aguas del Caribe colombiano. Navega por las Islas del Rosario, explora los manglares de Bar\u00fa o disfruta del atardecer sobre la Bah\u00eda de Cartagena en un entorno dise\u00f1ado para celebrar la vida con amigos o familia. Caracter\u00edsticas exclusivas para una experiencia premium: Asoleadora VIP: Perfecta para relajarte bajo el sol y disfrutar del paisaje.Amplios asientos en proa y popa: Para navegar c\u00f3modamente y compartir buenos momentos.Ba\u00f1o en consola central: Mayor confort durante tu traves\u00eda.Sistema de sonido Bluetooth premium: Disfruta tu playlist favorita con la mejor calidad de sonido.Nevera con hielo incluida: Para mantener tus bebidas siempre fr\u00edas.4 m\u00e1scaras de snorkel: Explora los vibrantes arrecifes del Caribe.5 flotadores \u201cfun &amp; safe\u201d: Diversi\u00f3n asegurada en el agua para todos los pasajeros. Una traves\u00eda para recordar Ya sea para una celebraci\u00f3n especial, una escapada rom\u00e1ntica o simplemente un d\u00eda de desconexi\u00f3n, el Singlar 33\u2019 es tu embarcaci\u00f3n ideal. Vive el mar con libertad, confort y estilo. Importante: Las tarifas publicadas corresponden a temporada baja y est\u00e1n sujetas a cambios seg\u00fan la temporada del a\u00f1o. Todos los servicios est\u00e1n sujetos a disponibilidad en el momento de la reserva.","og_url":"https:\/\/baruluxury.com\/es\/producto\/2219\/","og_site_name":"Baru Luxury Travel Plans","article_modified_time":"2025-06-05T03:50:14+00:00","og_image":[{"width":2083,"height":2083,"url":"https:\/\/baruluxury.com\/wp-content\/uploads\/2025\/05\/Cohiba-1.jpg","type":"image\/jpeg"}],"twitter_card":"summary_large_image","twitter_misc":{"Tiempo de lectura":"1 minuto"},"schema":{"@context":"https:\/\/schema.org","@graph":[{"@type":"WebPage","@id":"https:\/\/baruluxury.com\/producto\/2219\/","url":"https:\/\/baruluxury.com\/producto\/2219\/","name":"Singlar 33' - Baru Luxury Travel Plans","isPartOf":{"@id":"https:\/\/baruluxury.com\/#website"},"primaryImageOfPage":{"@id":"https:\/\/baruluxury.com\/producto\/2219\/#primaryimage"},"image":{"@id":"https:\/\/baruluxury.com\/producto\/2219\/#primaryimage"},"thumbnailUrl":"https:\/\/baruluxury.com\/wp-content\/uploads\/2025\/05\/Cohiba-1.jpg","datePublished":"2025-05-23T00:56:04+00:00","dateModified":"2025-06-05T03:50:14+00:00","breadcrumb":{"@id":"https:\/\/baruluxury.com\/producto\/2219\/#breadcrumb"},"inLanguage":"es","potentialAction":[{"@type":"ReadAction","target":["https:\/\/baruluxury.com\/producto\/2219\/"]}]},{"@type":"ImageObject","inLanguage":"es","@id":"https:\/\/baruluxury.com\/producto\/2219\/#primaryimage","url":"https:\/\/baruluxury.com\/wp-content\/uploads\/2025\/05\/Cohiba-1.jpg","contentUrl":"https:\/\/baruluxury.com\/wp-content\/uploads\/2025\/05\/Cohiba-1.jpg","width":2083,"height":2083},{"@type":"BreadcrumbList","@id":"https:\/\/baruluxury.com\/producto\/2219\/#breadcrumb","itemListElement":[{"@type":"ListItem","position":1,"name":"Portada","item":"https:\/\/baruluxury.com\/"},{"@type":"ListItem","position":2,"name":"Productos","item":"https:\/\/baruluxury.com\/tienda\/"},{"@type":"ListItem","position":3,"name":"Singlar 33&#8242;"}]},{"@type":"WebSite","@id":"https:\/\/baruluxury.com\/#website","url":"https:\/\/baruluxury.com\/","name":"Baru Luxury Travel Plans","description":"Atr&eacute;vete a Vivir su Magia","potentialAction":[{"@type":"SearchAction","target":{"@type":"EntryPoint","urlTemplate":"https:\/\/baruluxury.com\/?s={search_term_string}"},"query-input":{"@type":"PropertyValueSpecification","valueRequired":true,"valueName":"search_term_string"}}],"inLanguage":"es"}]}},"_links":{"self":[{"href":"https:\/\/baruluxury.com\/es\/wp-json\/wp\/v2\/product\/2219","targetHints":{"allow":["GET"]}}],"collection":[{"href":"https:\/\/baruluxury.com\/es\/wp-json\/wp\/v2\/product"}],"about":[{"href":"https:\/\/baruluxury.com\/es\/wp-json\/wp\/v2\/types\/product"}],"replies":[{"embeddable":true,"href":"https:\/\/baruluxury.com\/es\/wp-json\/wp\/v2\/comments?post=2219"}],"wp:featuredmedia":[{"embeddable":true,"href":"https:\/\/baruluxury.com\/es\/wp-json\/wp\/v2\/media\/2221"}],"wp:attachment":[{"href":"https:\/\/baruluxury.com\/es\/wp-json\/wp\/v2\/media?parent=2219"}],"wp:term":[{"taxonomy":"product_brand","embeddable":true,"href":"https:\/\/baruluxury.com\/es\/wp-json\/wp\/v2\/product_brand?post=2219"},{"taxonomy":"product_cat","embeddable":true,"href":"https:\/\/baruluxury.com\/es\/wp-json\/wp\/v2\/product_cat?post=2219"},{"taxonomy":"product_tag","embeddable":true,"href":"https:\/\/baruluxury.com\/es\/wp-json\/wp\/v2\/product_tag?post=2219"}],"curies":[{"name":"wp","href":"https:\/\/api.w.org\/{rel}","templated":true}]}}