{"id":2232,"date":"2025-05-23T15:56:32","date_gmt":"2025-05-23T15:56:32","guid":{"rendered":"https:\/\/baruluxury.com\/?post_type=product&#038;p=2232"},"modified":"2025-07-11T21:12:14","modified_gmt":"2025-07-11T21:12:14","slug":"firpol-42-2","status":"publish","type":"product","link":"https:\/\/baruluxury.com\/es\/producto\/firpol-42-2\/","title":{"rendered":"Firpol 42\u2019"},"content":{"rendered":"","protected":false},"excerpt":{"rendered":"<p><strong>Navega el Caribe con elegancia y potencia<\/strong><\/p>\n<p>Descubre la magia de Cartagena desde el mar a bordo del imponente <strong data-start=\"296\" data-end=\"310\">Firpol 42\u2019<\/strong>, una embarcaci\u00f3n de alto rendimiento ideal para grupos que buscan una experiencia de navegaci\u00f3n inolvidable, combinando confort, estilo y aventura.<\/p>\n<p>Sum\u00e9rgete en aguas turquesas, explora los rincones ocultos de las <strong data-start=\"526\" data-end=\"547\">Islas del Rosario<\/strong> o rel\u00e1jate mientras el sol cae sobre la <strong>Bah\u00eda de Cartagena<\/strong>. Esta embarcaci\u00f3n est\u00e1 dise\u00f1ada para vivir el Caribe como nunca antes.<\/p>\n<p data-start=\"684\" data-end=\"740\"><strong>Caracter\u00edsticas premium para tu m\u00e1ximo disfrute:<\/strong><\/p>\n<p><strong data-start=\"744\" data-end=\"766\">Asoleadora en proa<\/strong>: Ideal para broncearte con vista al mar.<br data-start=\"807\" data-end=\"810\" \/><strong data-start=\"812\" data-end=\"835\">Ba\u00f1o amplio en proa<\/strong>: Mayor comodidad para largas traves\u00edas.<br data-start=\"875\" data-end=\"878\" \/><strong data-start=\"880\" data-end=\"903\">Ducha de agua dulce<\/strong>: Refresca tu cuerpo despu\u00e9s de nadar.<br data-start=\"941\" data-end=\"944\" \/><strong data-start=\"946\" data-end=\"968\">Mini bar integrado<\/strong>: Mant\u00e9n tus bebidas fr\u00edas durante todo el recorrido.<br data-start=\"1021\" data-end=\"1024\" \/><strong data-start=\"1026\" data-end=\"1056\">Sistema de sonido JL Audio<\/strong>: Disfruta tu m\u00fasica favorita con calidad superior.<br data-start=\"1107\" data-end=\"1110\" \/><strong data-start=\"1112\" data-end=\"1143\">Escaleras para bajar al mar<\/strong>: F\u00e1cil acceso para nadar o hacer snorkel.<\/p>\n<p>&nbsp;<\/p>\n<p><strong data-start=\"78\" data-end=\"93\">Importante:<\/strong> Las tarifas publicadas corresponden a temporada baja y est\u00e1n sujetas a cambios seg\u00fan la temporada del a\u00f1o. Todos los servicios est\u00e1n sujetos a disponibilidad en el momento de la reserva.<\/p>\n","protected":false},"featured_media":2234,"comment_status":"open","ping_status":"closed","template":"","meta":{"_acf_changed":false,"_joinchat":[]},"product_brand":[],"product_cat":[62],"product_tag":[],"class_list":{"0":"post-2232","1":"product","2":"type-product","3":"status-publish","4":"has-post-thumbnail","6":"product_cat-botes","8":"first","9":"instock","10":"shipping-taxable","11":"purchasable","12":"product-type-simple"},"acf":[],"yoast_head":"<!-- This site is optimized with the Yoast SEO plugin v25.1 - https:\/\/yoast.com\/wordpress\/plugins\/seo\/ -->\n<title>Firpol 42\u2019 - Baru Luxury Travel Plans<\/title>\n<meta name=\"robots\" content=\"index, follow, max-snippet:-1, max-image-preview:large, max-video-preview:-1\" \/>\n<link rel=\"canonical\" href=\"https:\/\/baruluxury.com\/es\/producto\/firpol-42-2\/\" \/>\n<meta property=\"og:locale\" content=\"es_ES\" \/>\n<meta property=\"og:type\" content=\"article\" \/>\n<meta property=\"og:title\" content=\"Firpol 42\u2019 - Baru Luxury Travel Plans\" \/>\n<meta property=\"og:description\" content=\"Navega el Caribe con elegancia y potencia  Descubre la magia de Cartagena desde el mar a bordo del imponente Firpol 42\u2019, una embarcaci\u00f3n de alto rendimiento ideal para grupos que buscan una experiencia de navegaci\u00f3n inolvidable, combinando confort, estilo y aventura.  Sum\u00e9rgete en aguas turquesas, explora los rincones ocultos de las Islas del Rosario o rel\u00e1jate mientras el sol cae sobre la Bah\u00eda de Cartagena. Esta embarcaci\u00f3n est\u00e1 dise\u00f1ada para vivir el Caribe como nunca antes. Caracter\u00edsticas premium para tu m\u00e1ximo disfrute: Asoleadora en proa: Ideal para broncearte con vista al mar.Ba\u00f1o amplio en proa: Mayor comodidad para largas traves\u00edas.Ducha de agua dulce: Refresca tu cuerpo despu\u00e9s de nadar.Mini bar integrado: Mant\u00e9n tus bebidas fr\u00edas durante todo el recorrido.Sistema de sonido JL Audio: Disfruta tu m\u00fasica favorita con calidad superior.Escaleras para bajar al mar: F\u00e1cil acceso para nadar o hacer snorkel.  &nbsp;  Importante: Las tarifas publicadas corresponden a temporada baja y est\u00e1n sujetas a cambios seg\u00fan la temporada del a\u00f1o. Todos los servicios est\u00e1n sujetos a disponibilidad en el momento de la reserva.\" \/>\n<meta property=\"og:url\" content=\"https:\/\/baruluxury.com\/es\/producto\/firpol-42-2\/\" \/>\n<meta property=\"og:site_name\" content=\"Baru Luxury Travel Plans\" \/>\n<meta property=\"article:modified_time\" content=\"2025-07-11T21:12:14+00:00\" \/>\n<meta property=\"og:image\" content=\"https:\/\/baruluxury.com\/wp-content\/uploads\/2025\/05\/Genesis-1.jpg\" \/>\n\t<meta property=\"og:image:width\" content=\"2083\" \/>\n\t<meta property=\"og:image:height\" content=\"2083\" \/>\n\t<meta property=\"og:image:type\" content=\"image\/jpeg\" \/>\n<meta name=\"twitter:card\" content=\"summary_large_image\" \/>\n<meta name=\"twitter:label1\" content=\"Tiempo de lectura\" \/>\n\t<meta name=\"twitter:data1\" content=\"1 minuto\" \/>\n<script type=\"application\/ld+json\" class=\"yoast-schema-graph\">{\"@context\":\"https:\/\/schema.org\",\"@graph\":[{\"@type\":\"WebPage\",\"@id\":\"https:\/\/baruluxury.com\/producto\/firpol-42-2\/\",\"url\":\"https:\/\/baruluxury.com\/producto\/firpol-42-2\/\",\"name\":\"Firpol 42\u2019 - Baru Luxury Travel Plans\",\"isPartOf\":{\"@id\":\"https:\/\/baruluxury.com\/#website\"},\"primaryImageOfPage\":{\"@id\":\"https:\/\/baruluxury.com\/producto\/firpol-42-2\/#primaryimage\"},\"image\":{\"@id\":\"https:\/\/baruluxury.com\/producto\/firpol-42-2\/#primaryimage\"},\"thumbnailUrl\":\"https:\/\/baruluxury.com\/wp-content\/uploads\/2025\/05\/Genesis-1.jpg\",\"datePublished\":\"2025-05-23T15:56:32+00:00\",\"dateModified\":\"2025-07-11T21:12:14+00:00\",\"breadcrumb\":{\"@id\":\"https:\/\/baruluxury.com\/producto\/firpol-42-2\/#breadcrumb\"},\"inLanguage\":\"es\",\"potentialAction\":[{\"@type\":\"ReadAction\",\"target\":[\"https:\/\/baruluxury.com\/producto\/firpol-42-2\/\"]}]},{\"@type\":\"ImageObject\",\"inLanguage\":\"es\",\"@id\":\"https:\/\/baruluxury.com\/producto\/firpol-42-2\/#primaryimage\",\"url\":\"https:\/\/baruluxury.com\/wp-content\/uploads\/2025\/05\/Genesis-1.jpg\",\"contentUrl\":\"https:\/\/baruluxury.com\/wp-content\/uploads\/2025\/05\/Genesis-1.jpg\",\"width\":2083,\"height\":2083},{\"@type\":\"BreadcrumbList\",\"@id\":\"https:\/\/baruluxury.com\/producto\/firpol-42-2\/#breadcrumb\",\"itemListElement\":[{\"@type\":\"ListItem\",\"position\":1,\"name\":\"Portada\",\"item\":\"https:\/\/baruluxury.com\/\"},{\"@type\":\"ListItem\",\"position\":2,\"name\":\"Productos\",\"item\":\"https:\/\/baruluxury.com\/tienda\/\"},{\"@type\":\"ListItem\",\"position\":3,\"name\":\"Firpol 42\u2019\"}]},{\"@type\":\"WebSite\",\"@id\":\"https:\/\/baruluxury.com\/#website\",\"url\":\"https:\/\/baruluxury.com\/\",\"name\":\"Baru Luxury Travel Plans\",\"description\":\"Atr&eacute;vete a Vivir su Magia\",\"potentialAction\":[{\"@type\":\"SearchAction\",\"target\":{\"@type\":\"EntryPoint\",\"urlTemplate\":\"https:\/\/baruluxury.com\/?s={search_term_string}\"},\"query-input\":{\"@type\":\"PropertyValueSpecification\",\"valueRequired\":true,\"valueName\":\"search_term_string\"}}],\"inLanguage\":\"es\"}]}<\/script>\n<!-- \/ Yoast SEO plugin. -->","yoast_head_json":{"title":"Firpol 42\u2019 - Baru Luxury Travel Plans","robots":{"index":"index","follow":"follow","max-snippet":"max-snippet:-1","max-image-preview":"max-image-preview:large","max-video-preview":"max-video-preview:-1"},"canonical":"https:\/\/baruluxury.com\/es\/producto\/firpol-42-2\/","og_locale":"es_ES","og_type":"article","og_title":"Firpol 42\u2019 - Baru Luxury Travel Plans","og_description":"Navega el Caribe con elegancia y potencia  Descubre la magia de Cartagena desde el mar a bordo del imponente Firpol 42\u2019, una embarcaci\u00f3n de alto rendimiento ideal para grupos que buscan una experiencia de navegaci\u00f3n inolvidable, combinando confort, estilo y aventura.  Sum\u00e9rgete en aguas turquesas, explora los rincones ocultos de las Islas del Rosario o rel\u00e1jate mientras el sol cae sobre la Bah\u00eda de Cartagena. Esta embarcaci\u00f3n est\u00e1 dise\u00f1ada para vivir el Caribe como nunca antes. Caracter\u00edsticas premium para tu m\u00e1ximo disfrute: Asoleadora en proa: Ideal para broncearte con vista al mar.Ba\u00f1o amplio en proa: Mayor comodidad para largas traves\u00edas.Ducha de agua dulce: Refresca tu cuerpo despu\u00e9s de nadar.Mini bar integrado: Mant\u00e9n tus bebidas fr\u00edas durante todo el recorrido.Sistema de sonido JL Audio: Disfruta tu m\u00fasica favorita con calidad superior.Escaleras para bajar al mar: F\u00e1cil acceso para nadar o hacer snorkel.  &nbsp;  Importante: Las tarifas publicadas corresponden a temporada baja y est\u00e1n sujetas a cambios seg\u00fan la temporada del a\u00f1o. Todos los servicios est\u00e1n sujetos a disponibilidad en el momento de la reserva.","og_url":"https:\/\/baruluxury.com\/es\/producto\/firpol-42-2\/","og_site_name":"Baru Luxury Travel Plans","article_modified_time":"2025-07-11T21:12:14+00:00","og_image":[{"width":2083,"height":2083,"url":"https:\/\/baruluxury.com\/wp-content\/uploads\/2025\/05\/Genesis-1.jpg","type":"image\/jpeg"}],"twitter_card":"summary_large_image","twitter_misc":{"Tiempo de lectura":"1 minuto"},"schema":{"@context":"https:\/\/schema.org","@graph":[{"@type":"WebPage","@id":"https:\/\/baruluxury.com\/producto\/firpol-42-2\/","url":"https:\/\/baruluxury.com\/producto\/firpol-42-2\/","name":"Firpol 42\u2019 - Baru Luxury Travel Plans","isPartOf":{"@id":"https:\/\/baruluxury.com\/#website"},"primaryImageOfPage":{"@id":"https:\/\/baruluxury.com\/producto\/firpol-42-2\/#primaryimage"},"image":{"@id":"https:\/\/baruluxury.com\/producto\/firpol-42-2\/#primaryimage"},"thumbnailUrl":"https:\/\/baruluxury.com\/wp-content\/uploads\/2025\/05\/Genesis-1.jpg","datePublished":"2025-05-23T15:56:32+00:00","dateModified":"2025-07-11T21:12:14+00:00","breadcrumb":{"@id":"https:\/\/baruluxury.com\/producto\/firpol-42-2\/#breadcrumb"},"inLanguage":"es","potentialAction":[{"@type":"ReadAction","target":["https:\/\/baruluxury.com\/producto\/firpol-42-2\/"]}]},{"@type":"ImageObject","inLanguage":"es","@id":"https:\/\/baruluxury.com\/producto\/firpol-42-2\/#primaryimage","url":"https:\/\/baruluxury.com\/wp-content\/uploads\/2025\/05\/Genesis-1.jpg","contentUrl":"https:\/\/baruluxury.com\/wp-content\/uploads\/2025\/05\/Genesis-1.jpg","width":2083,"height":2083},{"@type":"BreadcrumbList","@id":"https:\/\/baruluxury.com\/producto\/firpol-42-2\/#breadcrumb","itemListElement":[{"@type":"ListItem","position":1,"name":"Portada","item":"https:\/\/baruluxury.com\/"},{"@type":"ListItem","position":2,"name":"Productos","item":"https:\/\/baruluxury.com\/tienda\/"},{"@type":"ListItem","position":3,"name":"Firpol 42\u2019"}]},{"@type":"WebSite","@id":"https:\/\/baruluxury.com\/#website","url":"https:\/\/baruluxury.com\/","name":"Baru Luxury Travel Plans","description":"Atr&eacute;vete a Vivir su Magia","potentialAction":[{"@type":"SearchAction","target":{"@type":"EntryPoint","urlTemplate":"https:\/\/baruluxury.com\/?s={search_term_string}"},"query-input":{"@type":"PropertyValueSpecification","valueRequired":true,"valueName":"search_term_string"}}],"inLanguage":"es"}]}},"_links":{"self":[{"href":"https:\/\/baruluxury.com\/es\/wp-json\/wp\/v2\/product\/2232","targetHints":{"allow":["GET"]}}],"collection":[{"href":"https:\/\/baruluxury.com\/es\/wp-json\/wp\/v2\/product"}],"about":[{"href":"https:\/\/baruluxury.com\/es\/wp-json\/wp\/v2\/types\/product"}],"replies":[{"embeddable":true,"href":"https:\/\/baruluxury.com\/es\/wp-json\/wp\/v2\/comments?post=2232"}],"wp:featuredmedia":[{"embeddable":true,"href":"https:\/\/baruluxury.com\/es\/wp-json\/wp\/v2\/media\/2234"}],"wp:attachment":[{"href":"https:\/\/baruluxury.com\/es\/wp-json\/wp\/v2\/media?parent=2232"}],"wp:term":[{"taxonomy":"product_brand","embeddable":true,"href":"https:\/\/baruluxury.com\/es\/wp-json\/wp\/v2\/product_brand?post=2232"},{"taxonomy":"product_cat","embeddable":true,"href":"https:\/\/baruluxury.com\/es\/wp-json\/wp\/v2\/product_cat?post=2232"},{"taxonomy":"product_tag","embeddable":true,"href":"https:\/\/baruluxury.com\/es\/wp-json\/wp\/v2\/product_tag?post=2232"}],"curies":[{"name":"wp","href":"https:\/\/api.w.org\/{rel}","templated":true}]}}