{"id":2374,"date":"2025-05-28T21:46:48","date_gmt":"2025-05-28T21:46:48","guid":{"rendered":"https:\/\/baruluxury.com\/?post_type=product&#038;p=2374"},"modified":"2025-08-29T03:10:11","modified_gmt":"2025-08-29T03:10:11","slug":"pershing-56","status":"publish","type":"product","link":"https:\/\/baruluxury.com\/es\/producto\/pershing-56\/","title":{"rendered":"Pershing 56&#8242;"},"content":{"rendered":"","protected":false},"excerpt":{"rendered":"<ol>\n<li data-start=\"177\" data-end=\"250\"><strong>Estilo italiano, lujo y potencia en el Caribe<\/strong><\/li>\n<\/ol>\n<p data-start=\"252\" data-end=\"545\">Experimenta el verdadero significado de elegancia y confort a bordo del <strong data-start=\"324\" data-end=\"340\">Pershing 56\u2019<\/strong>, un yate de dise\u00f1o italiano que combina velocidad, sofisticaci\u00f3n y espacios perfectamente distribuidos para brindar una experiencia de navegaci\u00f3n premium por las Islas del Rosario y la Bah\u00eda de Cartagena.<\/p>\n<p data-start=\"547\" data-end=\"726\">Con capacidad para <strong data-start=\"566\" data-end=\"587\">hasta 16 personas<\/strong>, este yate es ideal para celebraciones privadas, escapadas de lujo o d\u00edas de relajaci\u00f3n absoluta rodeado del azul profundo del mar Caribe.<\/p>\n<p data-start=\"733\" data-end=\"766\"><strong>Caracter\u00edsticas destacadas:<\/strong><\/p>\n<p data-start=\"768\" data-end=\"1505\"><strong data-start=\"770\" data-end=\"796\">&#8211; 3 habitaciones amplias<\/strong>, incluyendo <strong data-start=\"809\" data-end=\"826\">2 principales<\/strong>: Comodidad total para descansar o refrescarte a lo largo del recorrido.<br data-start=\"898\" data-end=\"901\" \/><strong data-start=\"903\" data-end=\"940\">&#8211; 2 ba\u00f1os completos + 1 ba\u00f1o social<\/strong>: Funcionalidad y privacidad para todos los invitados.<br data-start=\"994\" data-end=\"997\" \/><strong data-start=\"999\" data-end=\"1029\">&#8211; Asoleadoras en proa y popa<\/strong>: Espacios ideales para broncearte, relajarte y disfrutar del paisaje.<br data-start=\"1099\" data-end=\"1102\" \/><strong data-start=\"1104\" data-end=\"1132\">&#8211; Sala y cocina integradas<\/strong>: Ambientes con dise\u00f1o moderno para compartir, relajarse y preparar snacks o bebidas.<br data-start=\"1217\" data-end=\"1220\" \/><strong data-start=\"1222\" data-end=\"1250\">&#8211; Freezer y nevera a bordo<\/strong>: Perfectos para conservar bebidas fr\u00edas y alimentos frescos.<br data-start=\"1311\" data-end=\"1314\" \/><strong data-start=\"1316\" data-end=\"1343\">&#8211; Agua potable disponible<\/strong>: Para mayor tranquilidad en cada traves\u00eda.<br data-start=\"1386\" data-end=\"1389\" \/><strong data-start=\"1391\" data-end=\"1417\">&#8211; Sistema de sonido DS18<\/strong>: Lleva la m\u00fasica al siguiente nivel y crea la atm\u00f3sfera perfecta para tu d\u00eda en el mar.<\/p>\n<p data-start=\"768\" data-end=\"1505\"><strong data-start=\"78\" data-end=\"93\">Importante:<\/strong> Las tarifas publicadas corresponden a temporada baja y est\u00e1n sujetas a cambios seg\u00fan la temporada del a\u00f1o. Todos los servicios est\u00e1n sujetos a disponibilidad en el momento de la reserva.<\/p>\n","protected":false},"featured_media":2376,"comment_status":"open","ping_status":"closed","template":"","meta":{"_acf_changed":false,"_joinchat":[]},"product_brand":[],"product_cat":[59],"product_tag":[],"class_list":{"0":"post-2374","1":"product","2":"type-product","3":"status-publish","4":"has-post-thumbnail","6":"product_cat-yates","8":"first","9":"instock","10":"shipping-taxable","11":"purchasable","12":"product-type-simple"},"acf":[],"yoast_head":"<!-- This site is optimized with the Yoast SEO plugin v25.1 - https:\/\/yoast.com\/wordpress\/plugins\/seo\/ -->\n<title>Pershing 56&#039; - Baru Luxury Travel Plans<\/title>\n<meta name=\"robots\" content=\"index, follow, max-snippet:-1, max-image-preview:large, max-video-preview:-1\" \/>\n<link rel=\"canonical\" href=\"https:\/\/baruluxury.com\/es\/producto\/pershing-56\/\" \/>\n<meta property=\"og:locale\" content=\"es_ES\" \/>\n<meta property=\"og:type\" content=\"article\" \/>\n<meta property=\"og:title\" content=\"Pershing 56&#039; - Baru Luxury Travel Plans\" \/>\n<meta property=\"og:description\" content=\"Estilo italiano, lujo y potencia en el Caribe  Experimenta el verdadero significado de elegancia y confort a bordo del Pershing 56\u2019, un yate de dise\u00f1o italiano que combina velocidad, sofisticaci\u00f3n y espacios perfectamente distribuidos para brindar una experiencia de navegaci\u00f3n premium por las Islas del Rosario y la Bah\u00eda de Cartagena. Con capacidad para hasta 16 personas, este yate es ideal para celebraciones privadas, escapadas de lujo o d\u00edas de relajaci\u00f3n absoluta rodeado del azul profundo del mar Caribe. Caracter\u00edsticas destacadas: - 3 habitaciones amplias, incluyendo 2 principales: Comodidad total para descansar o refrescarte a lo largo del recorrido.- 2 ba\u00f1os completos + 1 ba\u00f1o social: Funcionalidad y privacidad para todos los invitados.- Asoleadoras en proa y popa: Espacios ideales para broncearte, relajarte y disfrutar del paisaje.- Sala y cocina integradas: Ambientes con dise\u00f1o moderno para compartir, relajarse y preparar snacks o bebidas.- Freezer y nevera a bordo: Perfectos para conservar bebidas fr\u00edas y alimentos frescos.- Agua potable disponible: Para mayor tranquilidad en cada traves\u00eda.- Sistema de sonido DS18: Lleva la m\u00fasica al siguiente nivel y crea la atm\u00f3sfera perfecta para tu d\u00eda en el mar. Importante: Las tarifas publicadas corresponden a temporada baja y est\u00e1n sujetas a cambios seg\u00fan la temporada del a\u00f1o. Todos los servicios est\u00e1n sujetos a disponibilidad en el momento de la reserva.\" \/>\n<meta property=\"og:url\" content=\"https:\/\/baruluxury.com\/es\/producto\/pershing-56\/\" \/>\n<meta property=\"og:site_name\" content=\"Baru Luxury Travel Plans\" \/>\n<meta property=\"article:modified_time\" content=\"2025-08-29T03:10:11+00:00\" \/>\n<meta property=\"og:image\" content=\"https:\/\/baruluxury.com\/wp-content\/uploads\/2025\/05\/Yate-Pershing-1.jpg\" \/>\n\t<meta property=\"og:image:width\" content=\"2083\" \/>\n\t<meta property=\"og:image:height\" content=\"2083\" \/>\n\t<meta property=\"og:image:type\" content=\"image\/jpeg\" \/>\n<meta name=\"twitter:card\" content=\"summary_large_image\" \/>\n<meta name=\"twitter:label1\" content=\"Tiempo de lectura\" \/>\n\t<meta name=\"twitter:data1\" content=\"1 minuto\" \/>\n<script type=\"application\/ld+json\" class=\"yoast-schema-graph\">{\"@context\":\"https:\/\/schema.org\",\"@graph\":[{\"@type\":\"WebPage\",\"@id\":\"https:\/\/baruluxury.com\/producto\/pershing-56\/\",\"url\":\"https:\/\/baruluxury.com\/producto\/pershing-56\/\",\"name\":\"Pershing 56' - Baru Luxury Travel Plans\",\"isPartOf\":{\"@id\":\"https:\/\/baruluxury.com\/#website\"},\"primaryImageOfPage\":{\"@id\":\"https:\/\/baruluxury.com\/producto\/pershing-56\/#primaryimage\"},\"image\":{\"@id\":\"https:\/\/baruluxury.com\/producto\/pershing-56\/#primaryimage\"},\"thumbnailUrl\":\"https:\/\/baruluxury.com\/wp-content\/uploads\/2025\/05\/Yate-Pershing-1.jpg\",\"datePublished\":\"2025-05-28T21:46:48+00:00\",\"dateModified\":\"2025-08-29T03:10:11+00:00\",\"breadcrumb\":{\"@id\":\"https:\/\/baruluxury.com\/producto\/pershing-56\/#breadcrumb\"},\"inLanguage\":\"es\",\"potentialAction\":[{\"@type\":\"ReadAction\",\"target\":[\"https:\/\/baruluxury.com\/producto\/pershing-56\/\"]}]},{\"@type\":\"ImageObject\",\"inLanguage\":\"es\",\"@id\":\"https:\/\/baruluxury.com\/producto\/pershing-56\/#primaryimage\",\"url\":\"https:\/\/baruluxury.com\/wp-content\/uploads\/2025\/05\/Yate-Pershing-1.jpg\",\"contentUrl\":\"https:\/\/baruluxury.com\/wp-content\/uploads\/2025\/05\/Yate-Pershing-1.jpg\",\"width\":2083,\"height\":2083},{\"@type\":\"BreadcrumbList\",\"@id\":\"https:\/\/baruluxury.com\/producto\/pershing-56\/#breadcrumb\",\"itemListElement\":[{\"@type\":\"ListItem\",\"position\":1,\"name\":\"Portada\",\"item\":\"https:\/\/baruluxury.com\/\"},{\"@type\":\"ListItem\",\"position\":2,\"name\":\"Productos\",\"item\":\"https:\/\/baruluxury.com\/tienda\/\"},{\"@type\":\"ListItem\",\"position\":3,\"name\":\"Pershing 56&#8242;\"}]},{\"@type\":\"WebSite\",\"@id\":\"https:\/\/baruluxury.com\/#website\",\"url\":\"https:\/\/baruluxury.com\/\",\"name\":\"Baru Luxury Travel Plans\",\"description\":\"Atr&eacute;vete a Vivir su Magia\",\"potentialAction\":[{\"@type\":\"SearchAction\",\"target\":{\"@type\":\"EntryPoint\",\"urlTemplate\":\"https:\/\/baruluxury.com\/?s={search_term_string}\"},\"query-input\":{\"@type\":\"PropertyValueSpecification\",\"valueRequired\":true,\"valueName\":\"search_term_string\"}}],\"inLanguage\":\"es\"}]}<\/script>\n<!-- \/ Yoast SEO plugin. -->","yoast_head_json":{"title":"Pershing 56' - Baru Luxury Travel Plans","robots":{"index":"index","follow":"follow","max-snippet":"max-snippet:-1","max-image-preview":"max-image-preview:large","max-video-preview":"max-video-preview:-1"},"canonical":"https:\/\/baruluxury.com\/es\/producto\/pershing-56\/","og_locale":"es_ES","og_type":"article","og_title":"Pershing 56' - Baru Luxury Travel Plans","og_description":"Estilo italiano, lujo y potencia en el Caribe  Experimenta el verdadero significado de elegancia y confort a bordo del Pershing 56\u2019, un yate de dise\u00f1o italiano que combina velocidad, sofisticaci\u00f3n y espacios perfectamente distribuidos para brindar una experiencia de navegaci\u00f3n premium por las Islas del Rosario y la Bah\u00eda de Cartagena. Con capacidad para hasta 16 personas, este yate es ideal para celebraciones privadas, escapadas de lujo o d\u00edas de relajaci\u00f3n absoluta rodeado del azul profundo del mar Caribe. Caracter\u00edsticas destacadas: - 3 habitaciones amplias, incluyendo 2 principales: Comodidad total para descansar o refrescarte a lo largo del recorrido.- 2 ba\u00f1os completos + 1 ba\u00f1o social: Funcionalidad y privacidad para todos los invitados.- Asoleadoras en proa y popa: Espacios ideales para broncearte, relajarte y disfrutar del paisaje.- Sala y cocina integradas: Ambientes con dise\u00f1o moderno para compartir, relajarse y preparar snacks o bebidas.- Freezer y nevera a bordo: Perfectos para conservar bebidas fr\u00edas y alimentos frescos.- Agua potable disponible: Para mayor tranquilidad en cada traves\u00eda.- Sistema de sonido DS18: Lleva la m\u00fasica al siguiente nivel y crea la atm\u00f3sfera perfecta para tu d\u00eda en el mar. Importante: Las tarifas publicadas corresponden a temporada baja y est\u00e1n sujetas a cambios seg\u00fan la temporada del a\u00f1o. Todos los servicios est\u00e1n sujetos a disponibilidad en el momento de la reserva.","og_url":"https:\/\/baruluxury.com\/es\/producto\/pershing-56\/","og_site_name":"Baru Luxury Travel Plans","article_modified_time":"2025-08-29T03:10:11+00:00","og_image":[{"width":2083,"height":2083,"url":"https:\/\/baruluxury.com\/wp-content\/uploads\/2025\/05\/Yate-Pershing-1.jpg","type":"image\/jpeg"}],"twitter_card":"summary_large_image","twitter_misc":{"Tiempo de lectura":"1 minuto"},"schema":{"@context":"https:\/\/schema.org","@graph":[{"@type":"WebPage","@id":"https:\/\/baruluxury.com\/producto\/pershing-56\/","url":"https:\/\/baruluxury.com\/producto\/pershing-56\/","name":"Pershing 56' - Baru Luxury Travel Plans","isPartOf":{"@id":"https:\/\/baruluxury.com\/#website"},"primaryImageOfPage":{"@id":"https:\/\/baruluxury.com\/producto\/pershing-56\/#primaryimage"},"image":{"@id":"https:\/\/baruluxury.com\/producto\/pershing-56\/#primaryimage"},"thumbnailUrl":"https:\/\/baruluxury.com\/wp-content\/uploads\/2025\/05\/Yate-Pershing-1.jpg","datePublished":"2025-05-28T21:46:48+00:00","dateModified":"2025-08-29T03:10:11+00:00","breadcrumb":{"@id":"https:\/\/baruluxury.com\/producto\/pershing-56\/#breadcrumb"},"inLanguage":"es","potentialAction":[{"@type":"ReadAction","target":["https:\/\/baruluxury.com\/producto\/pershing-56\/"]}]},{"@type":"ImageObject","inLanguage":"es","@id":"https:\/\/baruluxury.com\/producto\/pershing-56\/#primaryimage","url":"https:\/\/baruluxury.com\/wp-content\/uploads\/2025\/05\/Yate-Pershing-1.jpg","contentUrl":"https:\/\/baruluxury.com\/wp-content\/uploads\/2025\/05\/Yate-Pershing-1.jpg","width":2083,"height":2083},{"@type":"BreadcrumbList","@id":"https:\/\/baruluxury.com\/producto\/pershing-56\/#breadcrumb","itemListElement":[{"@type":"ListItem","position":1,"name":"Portada","item":"https:\/\/baruluxury.com\/"},{"@type":"ListItem","position":2,"name":"Productos","item":"https:\/\/baruluxury.com\/tienda\/"},{"@type":"ListItem","position":3,"name":"Pershing 56&#8242;"}]},{"@type":"WebSite","@id":"https:\/\/baruluxury.com\/#website","url":"https:\/\/baruluxury.com\/","name":"Baru Luxury Travel Plans","description":"Atr&eacute;vete a Vivir su Magia","potentialAction":[{"@type":"SearchAction","target":{"@type":"EntryPoint","urlTemplate":"https:\/\/baruluxury.com\/?s={search_term_string}"},"query-input":{"@type":"PropertyValueSpecification","valueRequired":true,"valueName":"search_term_string"}}],"inLanguage":"es"}]}},"_links":{"self":[{"href":"https:\/\/baruluxury.com\/es\/wp-json\/wp\/v2\/product\/2374","targetHints":{"allow":["GET"]}}],"collection":[{"href":"https:\/\/baruluxury.com\/es\/wp-json\/wp\/v2\/product"}],"about":[{"href":"https:\/\/baruluxury.com\/es\/wp-json\/wp\/v2\/types\/product"}],"replies":[{"embeddable":true,"href":"https:\/\/baruluxury.com\/es\/wp-json\/wp\/v2\/comments?post=2374"}],"wp:featuredmedia":[{"embeddable":true,"href":"https:\/\/baruluxury.com\/es\/wp-json\/wp\/v2\/media\/2376"}],"wp:attachment":[{"href":"https:\/\/baruluxury.com\/es\/wp-json\/wp\/v2\/media?parent=2374"}],"wp:term":[{"taxonomy":"product_brand","embeddable":true,"href":"https:\/\/baruluxury.com\/es\/wp-json\/wp\/v2\/product_brand?post=2374"},{"taxonomy":"product_cat","embeddable":true,"href":"https:\/\/baruluxury.com\/es\/wp-json\/wp\/v2\/product_cat?post=2374"},{"taxonomy":"product_tag","embeddable":true,"href":"https:\/\/baruluxury.com\/es\/wp-json\/wp\/v2\/product_tag?post=2374"}],"curies":[{"name":"wp","href":"https:\/\/api.w.org\/{rel}","templated":true}]}}