{"id":2389,"date":"2025-05-30T21:01:59","date_gmt":"2025-05-30T21:01:59","guid":{"rendered":"https:\/\/baruluxury.com\/?post_type=product&#038;p=2389"},"modified":"2025-06-13T19:29:00","modified_gmt":"2025-06-13T19:29:00","slug":"singlar-34","status":"publish","type":"product","link":"https:\/\/baruluxury.com\/es\/producto\/singlar-34\/","title":{"rendered":"Singlar 34&#8242;"},"content":{"rendered":"","protected":false},"excerpt":{"rendered":"<p><strong>Comodidad, dise\u00f1o y aventura en el Caribe<\/strong><\/p>\n<p>Descubre el placer de navegar por el Caribe colombiano a bordo del <strong>BuonaVita1<\/strong>, un <strong>bote deportivo de 34 pies<\/strong> que combina potencia, confort y dise\u00f1o n\u00e1utico de lujo. Perfecto para grupos de hasta <strong>14 personas<\/strong>, es una excelente opci\u00f3n para recorrer las <strong>Islas del Rosario<\/strong>, relajarse en una playa privada o disfrutar de un <strong>tour por la Bah\u00eda de Cartagena<\/strong>.<\/p>\n<p>Ya sea para una escapada con amigos, un plan familiar o una celebraci\u00f3n especial, este bote ofrece todo lo necesario para una experiencia inolvidable.<\/p>\n<p><strong>\u00a0<\/strong><\/p>\n<p><strong>\u00a0Caracter\u00edsticas destacadas:<\/strong><\/p>\n<p><strong>&#8211; 2 motores Suzuki de 200 HP<\/strong>: Potencia y estabilidad para un recorrido \u00e1gil y seguro.<br \/>\n<strong>&#8211; Capacidad para 12 a 14 personas<\/strong>: Ideal para grupos medianos que buscan confort y privacidad.<br \/>\n<strong>&#8211; Extensi\u00f3n de techo<\/strong>: Protecci\u00f3n del sol sin perder la vista al para\u00edso.<br \/>\n<strong>&#8211; Cojiner\u00eda de lujo<\/strong>: Espacios acolchados y c\u00f3modos para disfrutar del paseo.<br \/>\n<strong>&#8211; Ba\u00f1o port\u00e1til<\/strong>: Un extra de comodidad a bordo.<br \/>\n<strong>&#8211; Ducha de agua dulce<\/strong>: Perfecta para refrescarse despu\u00e9s de nadar.<br \/>\n<strong>&#8211; Cava para bebidas<\/strong>: Mant\u00e9n tus bebidas fr\u00edas durante todo el recorrido.<br \/>\n<strong>&#8211; Sistema de sonido Bluetooth de lujo<\/strong>: M\u00fasica premium para ambientar tu d\u00eda en el mar.<\/p>\n<p>&nbsp;<\/p>\n<p><strong data-start=\"78\" data-end=\"93\">Importante:<\/strong> Las tarifas publicadas corresponden a temporada baja y est\u00e1n sujetas a cambios seg\u00fan la temporada del a\u00f1o. Todos los servicios est\u00e1n sujetos a disponibilidad en el momento de la reserva.<\/p>\n","protected":false},"featured_media":2391,"comment_status":"open","ping_status":"closed","template":"","meta":{"_acf_changed":false,"_joinchat":[]},"product_brand":[],"product_cat":[62],"product_tag":[],"class_list":{"0":"post-2389","1":"product","2":"type-product","3":"status-publish","4":"has-post-thumbnail","6":"product_cat-botes","8":"first","9":"instock","10":"shipping-taxable","11":"purchasable","12":"product-type-simple"},"acf":[],"yoast_head":"<!-- This site is optimized with the Yoast SEO plugin v25.1 - https:\/\/yoast.com\/wordpress\/plugins\/seo\/ -->\n<title>Singlar 34&#039; - Baru Luxury Travel Plans<\/title>\n<meta name=\"robots\" content=\"index, follow, max-snippet:-1, max-image-preview:large, max-video-preview:-1\" \/>\n<link rel=\"canonical\" href=\"https:\/\/baruluxury.com\/es\/producto\/singlar-34\/\" \/>\n<meta property=\"og:locale\" content=\"es_ES\" \/>\n<meta property=\"og:type\" content=\"article\" \/>\n<meta property=\"og:title\" content=\"Singlar 34&#039; - Baru Luxury Travel Plans\" \/>\n<meta property=\"og:description\" content=\"Comodidad, dise\u00f1o y aventura en el Caribe  Descubre el placer de navegar por el Caribe colombiano a bordo del BuonaVita1, un bote deportivo de 34 pies que combina potencia, confort y dise\u00f1o n\u00e1utico de lujo. Perfecto para grupos de hasta 14 personas, es una excelente opci\u00f3n para recorrer las Islas del Rosario, relajarse en una playa privada o disfrutar de un tour por la Bah\u00eda de Cartagena.  Ya sea para una escapada con amigos, un plan familiar o una celebraci\u00f3n especial, este bote ofrece todo lo necesario para una experiencia inolvidable.  \u00a0  \u00a0Caracter\u00edsticas destacadas:  - 2 motores Suzuki de 200 HP: Potencia y estabilidad para un recorrido \u00e1gil y seguro. - Capacidad para 12 a 14 personas: Ideal para grupos medianos que buscan confort y privacidad. - Extensi\u00f3n de techo: Protecci\u00f3n del sol sin perder la vista al para\u00edso. - Cojiner\u00eda de lujo: Espacios acolchados y c\u00f3modos para disfrutar del paseo. - Ba\u00f1o port\u00e1til: Un extra de comodidad a bordo. - Ducha de agua dulce: Perfecta para refrescarse despu\u00e9s de nadar. - Cava para bebidas: Mant\u00e9n tus bebidas fr\u00edas durante todo el recorrido. - Sistema de sonido Bluetooth de lujo: M\u00fasica premium para ambientar tu d\u00eda en el mar.  &nbsp;  Importante: Las tarifas publicadas corresponden a temporada baja y est\u00e1n sujetas a cambios seg\u00fan la temporada del a\u00f1o. Todos los servicios est\u00e1n sujetos a disponibilidad en el momento de la reserva.\" \/>\n<meta property=\"og:url\" content=\"https:\/\/baruluxury.com\/es\/producto\/singlar-34\/\" \/>\n<meta property=\"og:site_name\" content=\"Baru Luxury Travel Plans\" \/>\n<meta property=\"article:modified_time\" content=\"2025-06-13T19:29:00+00:00\" \/>\n<meta property=\"og:image\" content=\"https:\/\/baruluxury.com\/wp-content\/uploads\/2025\/05\/Lancha-Buonavita-1.jpg\" \/>\n\t<meta property=\"og:image:width\" content=\"2083\" \/>\n\t<meta property=\"og:image:height\" content=\"2083\" \/>\n\t<meta property=\"og:image:type\" content=\"image\/jpeg\" \/>\n<meta name=\"twitter:card\" content=\"summary_large_image\" \/>\n<meta name=\"twitter:label1\" content=\"Tiempo de lectura\" \/>\n\t<meta name=\"twitter:data1\" content=\"1 minuto\" \/>\n<script type=\"application\/ld+json\" class=\"yoast-schema-graph\">{\"@context\":\"https:\/\/schema.org\",\"@graph\":[{\"@type\":\"WebPage\",\"@id\":\"https:\/\/baruluxury.com\/producto\/singlar-34\/\",\"url\":\"https:\/\/baruluxury.com\/producto\/singlar-34\/\",\"name\":\"Singlar 34' - Baru Luxury Travel Plans\",\"isPartOf\":{\"@id\":\"https:\/\/baruluxury.com\/#website\"},\"primaryImageOfPage\":{\"@id\":\"https:\/\/baruluxury.com\/producto\/singlar-34\/#primaryimage\"},\"image\":{\"@id\":\"https:\/\/baruluxury.com\/producto\/singlar-34\/#primaryimage\"},\"thumbnailUrl\":\"https:\/\/baruluxury.com\/wp-content\/uploads\/2025\/05\/Lancha-Buonavita-1.jpg\",\"datePublished\":\"2025-05-30T21:01:59+00:00\",\"dateModified\":\"2025-06-13T19:29:00+00:00\",\"breadcrumb\":{\"@id\":\"https:\/\/baruluxury.com\/producto\/singlar-34\/#breadcrumb\"},\"inLanguage\":\"es\",\"potentialAction\":[{\"@type\":\"ReadAction\",\"target\":[\"https:\/\/baruluxury.com\/producto\/singlar-34\/\"]}]},{\"@type\":\"ImageObject\",\"inLanguage\":\"es\",\"@id\":\"https:\/\/baruluxury.com\/producto\/singlar-34\/#primaryimage\",\"url\":\"https:\/\/baruluxury.com\/wp-content\/uploads\/2025\/05\/Lancha-Buonavita-1.jpg\",\"contentUrl\":\"https:\/\/baruluxury.com\/wp-content\/uploads\/2025\/05\/Lancha-Buonavita-1.jpg\",\"width\":2083,\"height\":2083},{\"@type\":\"BreadcrumbList\",\"@id\":\"https:\/\/baruluxury.com\/producto\/singlar-34\/#breadcrumb\",\"itemListElement\":[{\"@type\":\"ListItem\",\"position\":1,\"name\":\"Portada\",\"item\":\"https:\/\/baruluxury.com\/\"},{\"@type\":\"ListItem\",\"position\":2,\"name\":\"Productos\",\"item\":\"https:\/\/baruluxury.com\/tienda\/\"},{\"@type\":\"ListItem\",\"position\":3,\"name\":\"Singlar 34&#8242;\"}]},{\"@type\":\"WebSite\",\"@id\":\"https:\/\/baruluxury.com\/#website\",\"url\":\"https:\/\/baruluxury.com\/\",\"name\":\"Baru Luxury Travel Plans\",\"description\":\"Atr&eacute;vete a Vivir su Magia\",\"potentialAction\":[{\"@type\":\"SearchAction\",\"target\":{\"@type\":\"EntryPoint\",\"urlTemplate\":\"https:\/\/baruluxury.com\/?s={search_term_string}\"},\"query-input\":{\"@type\":\"PropertyValueSpecification\",\"valueRequired\":true,\"valueName\":\"search_term_string\"}}],\"inLanguage\":\"es\"}]}<\/script>\n<!-- \/ Yoast SEO plugin. -->","yoast_head_json":{"title":"Singlar 34' - Baru Luxury Travel Plans","robots":{"index":"index","follow":"follow","max-snippet":"max-snippet:-1","max-image-preview":"max-image-preview:large","max-video-preview":"max-video-preview:-1"},"canonical":"https:\/\/baruluxury.com\/es\/producto\/singlar-34\/","og_locale":"es_ES","og_type":"article","og_title":"Singlar 34' - Baru Luxury Travel Plans","og_description":"Comodidad, dise\u00f1o y aventura en el Caribe  Descubre el placer de navegar por el Caribe colombiano a bordo del BuonaVita1, un bote deportivo de 34 pies que combina potencia, confort y dise\u00f1o n\u00e1utico de lujo. Perfecto para grupos de hasta 14 personas, es una excelente opci\u00f3n para recorrer las Islas del Rosario, relajarse en una playa privada o disfrutar de un tour por la Bah\u00eda de Cartagena.  Ya sea para una escapada con amigos, un plan familiar o una celebraci\u00f3n especial, este bote ofrece todo lo necesario para una experiencia inolvidable.  \u00a0  \u00a0Caracter\u00edsticas destacadas:  - 2 motores Suzuki de 200 HP: Potencia y estabilidad para un recorrido \u00e1gil y seguro. - Capacidad para 12 a 14 personas: Ideal para grupos medianos que buscan confort y privacidad. - Extensi\u00f3n de techo: Protecci\u00f3n del sol sin perder la vista al para\u00edso. - Cojiner\u00eda de lujo: Espacios acolchados y c\u00f3modos para disfrutar del paseo. - Ba\u00f1o port\u00e1til: Un extra de comodidad a bordo. - Ducha de agua dulce: Perfecta para refrescarse despu\u00e9s de nadar. - Cava para bebidas: Mant\u00e9n tus bebidas fr\u00edas durante todo el recorrido. - Sistema de sonido Bluetooth de lujo: M\u00fasica premium para ambientar tu d\u00eda en el mar.  &nbsp;  Importante: Las tarifas publicadas corresponden a temporada baja y est\u00e1n sujetas a cambios seg\u00fan la temporada del a\u00f1o. Todos los servicios est\u00e1n sujetos a disponibilidad en el momento de la reserva.","og_url":"https:\/\/baruluxury.com\/es\/producto\/singlar-34\/","og_site_name":"Baru Luxury Travel Plans","article_modified_time":"2025-06-13T19:29:00+00:00","og_image":[{"width":2083,"height":2083,"url":"https:\/\/baruluxury.com\/wp-content\/uploads\/2025\/05\/Lancha-Buonavita-1.jpg","type":"image\/jpeg"}],"twitter_card":"summary_large_image","twitter_misc":{"Tiempo de lectura":"1 minuto"},"schema":{"@context":"https:\/\/schema.org","@graph":[{"@type":"WebPage","@id":"https:\/\/baruluxury.com\/producto\/singlar-34\/","url":"https:\/\/baruluxury.com\/producto\/singlar-34\/","name":"Singlar 34' - Baru Luxury Travel Plans","isPartOf":{"@id":"https:\/\/baruluxury.com\/#website"},"primaryImageOfPage":{"@id":"https:\/\/baruluxury.com\/producto\/singlar-34\/#primaryimage"},"image":{"@id":"https:\/\/baruluxury.com\/producto\/singlar-34\/#primaryimage"},"thumbnailUrl":"https:\/\/baruluxury.com\/wp-content\/uploads\/2025\/05\/Lancha-Buonavita-1.jpg","datePublished":"2025-05-30T21:01:59+00:00","dateModified":"2025-06-13T19:29:00+00:00","breadcrumb":{"@id":"https:\/\/baruluxury.com\/producto\/singlar-34\/#breadcrumb"},"inLanguage":"es","potentialAction":[{"@type":"ReadAction","target":["https:\/\/baruluxury.com\/producto\/singlar-34\/"]}]},{"@type":"ImageObject","inLanguage":"es","@id":"https:\/\/baruluxury.com\/producto\/singlar-34\/#primaryimage","url":"https:\/\/baruluxury.com\/wp-content\/uploads\/2025\/05\/Lancha-Buonavita-1.jpg","contentUrl":"https:\/\/baruluxury.com\/wp-content\/uploads\/2025\/05\/Lancha-Buonavita-1.jpg","width":2083,"height":2083},{"@type":"BreadcrumbList","@id":"https:\/\/baruluxury.com\/producto\/singlar-34\/#breadcrumb","itemListElement":[{"@type":"ListItem","position":1,"name":"Portada","item":"https:\/\/baruluxury.com\/"},{"@type":"ListItem","position":2,"name":"Productos","item":"https:\/\/baruluxury.com\/tienda\/"},{"@type":"ListItem","position":3,"name":"Singlar 34&#8242;"}]},{"@type":"WebSite","@id":"https:\/\/baruluxury.com\/#website","url":"https:\/\/baruluxury.com\/","name":"Baru Luxury Travel Plans","description":"Atr&eacute;vete a Vivir su Magia","potentialAction":[{"@type":"SearchAction","target":{"@type":"EntryPoint","urlTemplate":"https:\/\/baruluxury.com\/?s={search_term_string}"},"query-input":{"@type":"PropertyValueSpecification","valueRequired":true,"valueName":"search_term_string"}}],"inLanguage":"es"}]}},"_links":{"self":[{"href":"https:\/\/baruluxury.com\/es\/wp-json\/wp\/v2\/product\/2389","targetHints":{"allow":["GET"]}}],"collection":[{"href":"https:\/\/baruluxury.com\/es\/wp-json\/wp\/v2\/product"}],"about":[{"href":"https:\/\/baruluxury.com\/es\/wp-json\/wp\/v2\/types\/product"}],"replies":[{"embeddable":true,"href":"https:\/\/baruluxury.com\/es\/wp-json\/wp\/v2\/comments?post=2389"}],"wp:featuredmedia":[{"embeddable":true,"href":"https:\/\/baruluxury.com\/es\/wp-json\/wp\/v2\/media\/2391"}],"wp:attachment":[{"href":"https:\/\/baruluxury.com\/es\/wp-json\/wp\/v2\/media?parent=2389"}],"wp:term":[{"taxonomy":"product_brand","embeddable":true,"href":"https:\/\/baruluxury.com\/es\/wp-json\/wp\/v2\/product_brand?post=2389"},{"taxonomy":"product_cat","embeddable":true,"href":"https:\/\/baruluxury.com\/es\/wp-json\/wp\/v2\/product_cat?post=2389"},{"taxonomy":"product_tag","embeddable":true,"href":"https:\/\/baruluxury.com\/es\/wp-json\/wp\/v2\/product_tag?post=2389"}],"curies":[{"name":"wp","href":"https:\/\/api.w.org\/{rel}","templated":true}]}}