{"id":2451,"date":"2025-06-06T19:02:10","date_gmt":"2025-06-06T19:02:10","guid":{"rendered":"https:\/\/baruluxury.com\/?post_type=product&#038;p=2451"},"modified":"2025-06-06T19:22:29","modified_gmt":"2025-06-06T19:22:29","slug":"sundancer-34","status":"publish","type":"product","link":"https:\/\/baruluxury.com\/es\/producto\/sundancer-34\/","title":{"rendered":"Sundancer 34&#8242;"},"content":{"rendered":"","protected":false},"excerpt":{"rendered":"<p class=\"p1\"><b>Navega con estilo en el para\u00edso caribe\u00f1o<\/b><\/p>\n<p class=\"p2\">Descubre Cartagena y las Islas del Rosario como nunca antes a bordo del <b>Sundancer 34 pies<\/b>, un yate que combina elegancia, confort y aventura en un solo recorrido. Perfecto para grupos peque\u00f1os, celebraciones \u00edntimas o escapadas de lujo.<\/p>\n<p class=\"p2\">Este yate te brinda el equilibrio ideal entre relajaci\u00f3n, entretenimiento y servicio premium, mientras navegas por aguas cristalinas bajo el sol del Caribe.<\/p>\n<p class=\"p2\"><b>Caracter\u00edsticas exclusivas:<\/b><\/p>\n<p class=\"p2\"><b>&#8211; 2 camarotes confortables<\/b> para descansar con privacidad<br \/>\n<b>&#8211; 1 ba\u00f1o completo<\/b> para mayor comodidad durante el recorrido<br \/>\n<b>&#8211; Sala interior con cocina equipada<\/b>, TV y Blu-ray para una experiencia hogare\u00f1a en el mar<br \/>\n<b>&#8211; Asoleadoras en proa y amplia \u00e1rea social<\/b> para relajarte y compartir<br \/>\n<b>&#8211; Sistema de sonido de alta calidad<\/b> para ambientar tu experiencia<br \/>\n<b>&#8211; Flotadores y equipos de snorkel incluidos<\/b> para disfrutar del agua al m\u00e1ximo<br \/>\n<b>&#8211; Neveras con hielo, agua y gaseosa para refrescarte todo el d\u00eda<\/b><br \/>\n<b>&#8211; Tripulaci\u00f3n profesional:<\/b> Capit\u00e1n + ayudante a tu servicio<\/p>\n<p>&nbsp;<\/p>\n<p><strong data-start=\"78\" data-end=\"93\">Importante:<\/strong>\u00a0Las tarifas publicadas corresponden a temporada baja y est\u00e1n sujetas a cambios seg\u00fan la temporada del a\u00f1o. Todos los servicios est\u00e1n sujetos a disponibilidad en el momento de la reserva.<\/p>\n","protected":false},"featured_media":2453,"comment_status":"open","ping_status":"closed","template":"","meta":{"_acf_changed":false,"_joinchat":[]},"product_brand":[],"product_cat":[58,59],"product_tag":[],"class_list":{"0":"post-2451","1":"product","2":"type-product","3":"status-publish","4":"has-post-thumbnail","6":"product_cat-sin-categorizar","7":"product_cat-yates","9":"first","10":"instock","11":"shipping-taxable","12":"purchasable","13":"product-type-simple"},"acf":[],"yoast_head":"<!-- This site is optimized with the Yoast SEO plugin v25.1 - https:\/\/yoast.com\/wordpress\/plugins\/seo\/ -->\n<title>Sundancer 34&#039; - Baru Luxury Travel Plans<\/title>\n<meta name=\"robots\" content=\"index, follow, max-snippet:-1, max-image-preview:large, max-video-preview:-1\" \/>\n<link rel=\"canonical\" href=\"https:\/\/baruluxury.com\/es\/producto\/sundancer-34\/\" \/>\n<meta property=\"og:locale\" content=\"es_ES\" \/>\n<meta property=\"og:type\" content=\"article\" \/>\n<meta property=\"og:title\" content=\"Sundancer 34&#039; - Baru Luxury Travel Plans\" \/>\n<meta property=\"og:description\" content=\"Navega con estilo en el para\u00edso caribe\u00f1o Descubre Cartagena y las Islas del Rosario como nunca antes a bordo del Sundancer 34 pies, un yate que combina elegancia, confort y aventura en un solo recorrido. Perfecto para grupos peque\u00f1os, celebraciones \u00edntimas o escapadas de lujo. Este yate te brinda el equilibrio ideal entre relajaci\u00f3n, entretenimiento y servicio premium, mientras navegas por aguas cristalinas bajo el sol del Caribe. Caracter\u00edsticas exclusivas: - 2 camarotes confortables para descansar con privacidad - 1 ba\u00f1o completo para mayor comodidad durante el recorrido - Sala interior con cocina equipada, TV y Blu-ray para una experiencia hogare\u00f1a en el mar - Asoleadoras en proa y amplia \u00e1rea social para relajarte y compartir - Sistema de sonido de alta calidad para ambientar tu experiencia - Flotadores y equipos de snorkel incluidos para disfrutar del agua al m\u00e1ximo - Neveras con hielo, agua y gaseosa para refrescarte todo el d\u00eda - Tripulaci\u00f3n profesional: Capit\u00e1n + ayudante a tu servicio &nbsp;  Importante:\u00a0Las tarifas publicadas corresponden a temporada baja y est\u00e1n sujetas a cambios seg\u00fan la temporada del a\u00f1o. Todos los servicios est\u00e1n sujetos a disponibilidad en el momento de la reserva.\" \/>\n<meta property=\"og:url\" content=\"https:\/\/baruluxury.com\/es\/producto\/sundancer-34\/\" \/>\n<meta property=\"og:site_name\" content=\"Baru Luxury Travel Plans\" \/>\n<meta property=\"article:modified_time\" content=\"2025-06-06T19:22:29+00:00\" \/>\n<meta property=\"og:image\" content=\"https:\/\/baruluxury.com\/wp-content\/uploads\/2025\/06\/Sundancer-34-1.jpg\" \/>\n\t<meta property=\"og:image:width\" content=\"2083\" \/>\n\t<meta property=\"og:image:height\" content=\"2083\" \/>\n\t<meta property=\"og:image:type\" content=\"image\/jpeg\" \/>\n<meta name=\"twitter:card\" content=\"summary_large_image\" \/>\n<meta name=\"twitter:label1\" content=\"Tiempo de lectura\" \/>\n\t<meta name=\"twitter:data1\" content=\"1 minuto\" \/>\n<script type=\"application\/ld+json\" class=\"yoast-schema-graph\">{\"@context\":\"https:\/\/schema.org\",\"@graph\":[{\"@type\":\"WebPage\",\"@id\":\"https:\/\/baruluxury.com\/producto\/sundancer-34\/\",\"url\":\"https:\/\/baruluxury.com\/producto\/sundancer-34\/\",\"name\":\"Sundancer 34' - Baru Luxury Travel Plans\",\"isPartOf\":{\"@id\":\"https:\/\/baruluxury.com\/#website\"},\"primaryImageOfPage\":{\"@id\":\"https:\/\/baruluxury.com\/producto\/sundancer-34\/#primaryimage\"},\"image\":{\"@id\":\"https:\/\/baruluxury.com\/producto\/sundancer-34\/#primaryimage\"},\"thumbnailUrl\":\"https:\/\/baruluxury.com\/wp-content\/uploads\/2025\/06\/Sundancer-34-1.jpg\",\"datePublished\":\"2025-06-06T19:02:10+00:00\",\"dateModified\":\"2025-06-06T19:22:29+00:00\",\"breadcrumb\":{\"@id\":\"https:\/\/baruluxury.com\/producto\/sundancer-34\/#breadcrumb\"},\"inLanguage\":\"es\",\"potentialAction\":[{\"@type\":\"ReadAction\",\"target\":[\"https:\/\/baruluxury.com\/producto\/sundancer-34\/\"]}]},{\"@type\":\"ImageObject\",\"inLanguage\":\"es\",\"@id\":\"https:\/\/baruluxury.com\/producto\/sundancer-34\/#primaryimage\",\"url\":\"https:\/\/baruluxury.com\/wp-content\/uploads\/2025\/06\/Sundancer-34-1.jpg\",\"contentUrl\":\"https:\/\/baruluxury.com\/wp-content\/uploads\/2025\/06\/Sundancer-34-1.jpg\",\"width\":2083,\"height\":2083},{\"@type\":\"BreadcrumbList\",\"@id\":\"https:\/\/baruluxury.com\/producto\/sundancer-34\/#breadcrumb\",\"itemListElement\":[{\"@type\":\"ListItem\",\"position\":1,\"name\":\"Portada\",\"item\":\"https:\/\/baruluxury.com\/\"},{\"@type\":\"ListItem\",\"position\":2,\"name\":\"Productos\",\"item\":\"https:\/\/baruluxury.com\/tienda\/\"},{\"@type\":\"ListItem\",\"position\":3,\"name\":\"Sundancer 34&#8242;\"}]},{\"@type\":\"WebSite\",\"@id\":\"https:\/\/baruluxury.com\/#website\",\"url\":\"https:\/\/baruluxury.com\/\",\"name\":\"Baru Luxury Travel Plans\",\"description\":\"Atr&eacute;vete a Vivir su Magia\",\"potentialAction\":[{\"@type\":\"SearchAction\",\"target\":{\"@type\":\"EntryPoint\",\"urlTemplate\":\"https:\/\/baruluxury.com\/?s={search_term_string}\"},\"query-input\":{\"@type\":\"PropertyValueSpecification\",\"valueRequired\":true,\"valueName\":\"search_term_string\"}}],\"inLanguage\":\"es\"}]}<\/script>\n<!-- \/ Yoast SEO plugin. -->","yoast_head_json":{"title":"Sundancer 34' - Baru Luxury Travel Plans","robots":{"index":"index","follow":"follow","max-snippet":"max-snippet:-1","max-image-preview":"max-image-preview:large","max-video-preview":"max-video-preview:-1"},"canonical":"https:\/\/baruluxury.com\/es\/producto\/sundancer-34\/","og_locale":"es_ES","og_type":"article","og_title":"Sundancer 34' - Baru Luxury Travel Plans","og_description":"Navega con estilo en el para\u00edso caribe\u00f1o Descubre Cartagena y las Islas del Rosario como nunca antes a bordo del Sundancer 34 pies, un yate que combina elegancia, confort y aventura en un solo recorrido. Perfecto para grupos peque\u00f1os, celebraciones \u00edntimas o escapadas de lujo. Este yate te brinda el equilibrio ideal entre relajaci\u00f3n, entretenimiento y servicio premium, mientras navegas por aguas cristalinas bajo el sol del Caribe. Caracter\u00edsticas exclusivas: - 2 camarotes confortables para descansar con privacidad - 1 ba\u00f1o completo para mayor comodidad durante el recorrido - Sala interior con cocina equipada, TV y Blu-ray para una experiencia hogare\u00f1a en el mar - Asoleadoras en proa y amplia \u00e1rea social para relajarte y compartir - Sistema de sonido de alta calidad para ambientar tu experiencia - Flotadores y equipos de snorkel incluidos para disfrutar del agua al m\u00e1ximo - Neveras con hielo, agua y gaseosa para refrescarte todo el d\u00eda - Tripulaci\u00f3n profesional: Capit\u00e1n + ayudante a tu servicio &nbsp;  Importante:\u00a0Las tarifas publicadas corresponden a temporada baja y est\u00e1n sujetas a cambios seg\u00fan la temporada del a\u00f1o. Todos los servicios est\u00e1n sujetos a disponibilidad en el momento de la reserva.","og_url":"https:\/\/baruluxury.com\/es\/producto\/sundancer-34\/","og_site_name":"Baru Luxury Travel Plans","article_modified_time":"2025-06-06T19:22:29+00:00","og_image":[{"width":2083,"height":2083,"url":"https:\/\/baruluxury.com\/wp-content\/uploads\/2025\/06\/Sundancer-34-1.jpg","type":"image\/jpeg"}],"twitter_card":"summary_large_image","twitter_misc":{"Tiempo de lectura":"1 minuto"},"schema":{"@context":"https:\/\/schema.org","@graph":[{"@type":"WebPage","@id":"https:\/\/baruluxury.com\/producto\/sundancer-34\/","url":"https:\/\/baruluxury.com\/producto\/sundancer-34\/","name":"Sundancer 34' - Baru Luxury Travel Plans","isPartOf":{"@id":"https:\/\/baruluxury.com\/#website"},"primaryImageOfPage":{"@id":"https:\/\/baruluxury.com\/producto\/sundancer-34\/#primaryimage"},"image":{"@id":"https:\/\/baruluxury.com\/producto\/sundancer-34\/#primaryimage"},"thumbnailUrl":"https:\/\/baruluxury.com\/wp-content\/uploads\/2025\/06\/Sundancer-34-1.jpg","datePublished":"2025-06-06T19:02:10+00:00","dateModified":"2025-06-06T19:22:29+00:00","breadcrumb":{"@id":"https:\/\/baruluxury.com\/producto\/sundancer-34\/#breadcrumb"},"inLanguage":"es","potentialAction":[{"@type":"ReadAction","target":["https:\/\/baruluxury.com\/producto\/sundancer-34\/"]}]},{"@type":"ImageObject","inLanguage":"es","@id":"https:\/\/baruluxury.com\/producto\/sundancer-34\/#primaryimage","url":"https:\/\/baruluxury.com\/wp-content\/uploads\/2025\/06\/Sundancer-34-1.jpg","contentUrl":"https:\/\/baruluxury.com\/wp-content\/uploads\/2025\/06\/Sundancer-34-1.jpg","width":2083,"height":2083},{"@type":"BreadcrumbList","@id":"https:\/\/baruluxury.com\/producto\/sundancer-34\/#breadcrumb","itemListElement":[{"@type":"ListItem","position":1,"name":"Portada","item":"https:\/\/baruluxury.com\/"},{"@type":"ListItem","position":2,"name":"Productos","item":"https:\/\/baruluxury.com\/tienda\/"},{"@type":"ListItem","position":3,"name":"Sundancer 34&#8242;"}]},{"@type":"WebSite","@id":"https:\/\/baruluxury.com\/#website","url":"https:\/\/baruluxury.com\/","name":"Baru Luxury Travel Plans","description":"Atr&eacute;vete a Vivir su Magia","potentialAction":[{"@type":"SearchAction","target":{"@type":"EntryPoint","urlTemplate":"https:\/\/baruluxury.com\/?s={search_term_string}"},"query-input":{"@type":"PropertyValueSpecification","valueRequired":true,"valueName":"search_term_string"}}],"inLanguage":"es"}]}},"_links":{"self":[{"href":"https:\/\/baruluxury.com\/es\/wp-json\/wp\/v2\/product\/2451","targetHints":{"allow":["GET"]}}],"collection":[{"href":"https:\/\/baruluxury.com\/es\/wp-json\/wp\/v2\/product"}],"about":[{"href":"https:\/\/baruluxury.com\/es\/wp-json\/wp\/v2\/types\/product"}],"replies":[{"embeddable":true,"href":"https:\/\/baruluxury.com\/es\/wp-json\/wp\/v2\/comments?post=2451"}],"wp:featuredmedia":[{"embeddable":true,"href":"https:\/\/baruluxury.com\/es\/wp-json\/wp\/v2\/media\/2453"}],"wp:attachment":[{"href":"https:\/\/baruluxury.com\/es\/wp-json\/wp\/v2\/media?parent=2451"}],"wp:term":[{"taxonomy":"product_brand","embeddable":true,"href":"https:\/\/baruluxury.com\/es\/wp-json\/wp\/v2\/product_brand?post=2451"},{"taxonomy":"product_cat","embeddable":true,"href":"https:\/\/baruluxury.com\/es\/wp-json\/wp\/v2\/product_cat?post=2451"},{"taxonomy":"product_tag","embeddable":true,"href":"https:\/\/baruluxury.com\/es\/wp-json\/wp\/v2\/product_tag?post=2451"}],"curies":[{"name":"wp","href":"https:\/\/api.w.org\/{rel}","templated":true}]}}